{"id":42707,"date":"2025-11-14T12:33:41","date_gmt":"2025-11-14T12:33:41","guid":{"rendered":"https:\/\/mps.digital-monkey.in\/product\/kit-anodo-volvo-penta-sxa-dpsa-zinc-completo-con-tornilleria\/"},"modified":"2025-12-18T10:38:41","modified_gmt":"2025-12-18T10:38:41","slug":"kit-anodo-volvo-penta-sxa-dpsa-zinc-completo-con-tornilleria","status":"publish","type":"product","link":"https:\/\/mps.digital-monkey.in\/es\/producto\/kit-anodo-volvo-penta-sxa-dpsa-zinc-completo-con-tornilleria\/","title":{"rendered":"Kit \u00e1nodo Volvo Penta SXA \/ DPSA - Zinc | Completo con torniller\u00eda"},"content":{"rendered":"<p data-start=\"498\" data-end=\"791\">El <strong data-start=\"502\" data-end=\"545\">Kit de \u00e1nodos Volvo Penta SXA \/ DPSA - Zinc<\/strong> proporciona una protecci\u00f3n completa contra la corrosi\u00f3n para <strong data-start=\"589\" data-end=\"629\">los sistemas de cola Volvo Penta SXA y DPSA<\/strong> que funcionan en <strong data-start=\"643\" data-end=\"669\">entornos de agua salada<\/strong>. Este kit incluye \u00e1nodos de zinc de alta calidad junto con toda la torniller\u00eda de montaje necesaria para una instalaci\u00f3n f\u00e1cil y segura. <\/p>\n<p data-start=\"793\" data-end=\"968\">Los \u00e1nodos de zinc son ideales para <strong data-start=\"819\" data-end=\"845\">aplicaciones en agua salada<\/strong>, ya que ofrecen una protecci\u00f3n duradera contra la corrosi\u00f3n galv\u00e1nica para tu sistema de propulsi\u00f3n, h\u00e9lices y otros componentes sumergidos.<\/p>\n<p data-start=\"970\" data-end=\"989\"><strong data-start=\"970\" data-end=\"987\">Adecuado para:<\/strong><\/p>\n<ul data-start=\"990\" data-end=\"1054\">\n<li data-start=\"990\" data-end=\"1021\">\n<p data-start=\"992\" data-end=\"1021\">Propulsores de popa Volvo Penta SXA<\/p>\n<\/li>\n<li data-start=\"1022\" data-end=\"1054\">\n<p data-start=\"1024\" data-end=\"1054\">Propulsores de popa Volvo Penta DPSA<\/p>\n<\/li>\n<\/ul>\n<p data-start=\"1056\" data-end=\"1071\"><strong data-start=\"1056\" data-end=\"1069\">Material:<\/strong><\/p>\n<ul data-start=\"1072\" data-end=\"1119\">\n<li data-start=\"1072\" data-end=\"1119\">\n<p data-start=\"1074\" data-end=\"1119\"><strong data-start=\"1074\" data-end=\"1082\">Zinc<\/strong> - ideal para entornos de agua salada<\/p>\n<\/li>\n<\/ul>\n<h3 data-start=\"1184\" data-end=\"1209\"><strong data-start=\"1190\" data-end=\"1207\">Caracter\u00edsticas principales:<\/strong><\/h3>\n<ul data-start=\"1210\" data-end=\"1449\">\n<li data-start=\"1210\" data-end=\"1259\">\n<p data-start=\"1212\" data-end=\"1259\">Kit completo de \u00e1nodos de zinc para transmisiones SXA \/ DPSA<\/p>\n<\/li>\n<li data-start=\"1260\" data-end=\"1297\">\n<p data-start=\"1262\" data-end=\"1297\">Excelente protecci\u00f3n en agua salada<\/p>\n<\/li>\n<li data-start=\"1298\" data-end=\"1341\">\n<p data-start=\"1300\" data-end=\"1341\">Incluye toda la torniller\u00eda de montaje necesaria<\/p>\n<\/li>\n<li data-start=\"1342\" data-end=\"1399\">\n<p data-start=\"1344\" data-end=\"1399\">Protege el propulsor, los puntales y las piezas met\u00e1licas sumergidas<\/p>\n<\/li>\n<li data-start=\"1400\" data-end=\"1449\">\n<p data-start=\"1402\" data-end=\"1449\">Ajuste duradero y preciso para una instalaci\u00f3n f\u00e1cil<\/p>\n<\/li>\n<\/ul>\n","protected":false},"excerpt":{"rendered":"<p>El Kit de \u00e1nodos Volvo Penta SXA \/ DPSA - Zinc proporciona una protecci\u00f3n completa contra la corrosi\u00f3n para los sistemas de cola Volvo Penta SXA y DPSA que funcionan en entornos de agua salada. Este kit incluye \u00e1nodos de zinc de alta calidad junto con toda la torniller\u00eda de montaje necesaria para una instalaci\u00f3n [&hellip;]<\/p>\n","protected":false},"featured_media":42708,"comment_status":"open","ping_status":"closed","template":"","meta":[],"product_brand":[4229],"product_cat":[4486,3182,4522,2497,4525,4302],"product_tag":[],"class_list":{"0":"post-42707","1":"product","2":"type-product","3":"status-publish","4":"has-post-thumbnail","6":"product_brand-volvo-penta","7":"product_cat-necesitas-piezas-volvo-penta","8":"product_cat-anodos","9":"product_cat-anodos-volvo-penta","10":"product_cat-piezas-de-mantenimiento-del-motor","11":"product_cat-recambios-volvo-penta","12":"product_cat-volvo-penta","13":"pa_condition-nuevo","14":"pa_oem-or-aftermarket-posventa","16":"first","17":"onbackorder","18":"sale","19":"taxable","20":"shipping-taxable","21":"purchasable","22":"product-type-simple"},"supplier_id":45614,"supplier_sku":"KITVOLVOSXA\/DPSA","barcode":null,"atum_controlled":true,"out_stock_date":"2025-11-21 12:40:41","out_stock_threshold":null,"inheritable":false,"inbound_stock":0,"stock_on_hold":0,"sold_today":0,"sales_last_days":0,"reserved_stock":0,"customer_returns":0,"warehouse_damage":0,"lost_in_post":0,"other_logs":0,"out_stock_days":26,"lost_sales":0,"has_location":false,"update_date":"2025-12-18T10:39:28","atum_locations":[],"atum_stock_status":"onbackorder","restock_status":false,"low_stock_amount":1,"sales_update_date":"2025-12-18T10:37:15","calc_backorders":null,"_links":{"self":[{"href":"https:\/\/mps.digital-monkey.in\/es\/wp-json\/wp\/v2\/product\/42707","targetHints":{"allow":["GET"]}}],"collection":[{"href":"https:\/\/mps.digital-monkey.in\/es\/wp-json\/wp\/v2\/product"}],"about":[{"href":"https:\/\/mps.digital-monkey.in\/es\/wp-json\/wp\/v2\/types\/product"}],"replies":[{"embeddable":true,"href":"https:\/\/mps.digital-monkey.in\/es\/wp-json\/wp\/v2\/comments?post=42707"}],"wp:featuredmedia":[{"embeddable":true,"href":"https:\/\/mps.digital-monkey.in\/es\/wp-json\/wp\/v2\/media\/42708"}],"wp:attachment":[{"href":"https:\/\/mps.digital-monkey.in\/es\/wp-json\/wp\/v2\/media?parent=42707"}],"wp:term":[{"taxonomy":"product_brand","embeddable":true,"href":"https:\/\/mps.digital-monkey.in\/es\/wp-json\/wp\/v2\/product_brand?post=42707"},{"taxonomy":"product_cat","embeddable":true,"href":"https:\/\/mps.digital-monkey.in\/es\/wp-json\/wp\/v2\/product_cat?post=42707"},{"taxonomy":"product_tag","embeddable":true,"href":"https:\/\/mps.digital-monkey.in\/es\/wp-json\/wp\/v2\/product_tag?post=42707"}],"curies":[{"name":"wp","href":"https:\/\/api.w.org\/{rel}","templated":true}]}}