{"id":42716,"date":"2025-11-14T12:40:02","date_gmt":"2025-11-14T12:40:02","guid":{"rendered":"https:\/\/mps.digital-monkey.in\/product\/kit-anodo-volvo-penta-sxa-dpsa-aluminio-completo-con-tornilleria\/"},"modified":"2025-12-18T10:38:45","modified_gmt":"2025-12-18T10:38:45","slug":"kit-anodo-volvo-penta-sxa-dpsa-aluminio-completo-con-tornilleria","status":"publish","type":"product","link":"https:\/\/mps.digital-monkey.in\/es\/producto\/kit-anodo-volvo-penta-sxa-dpsa-aluminio-completo-con-tornilleria\/","title":{"rendered":"Kit \u00e1nodo Volvo Penta SXA \/ DPSA - Aluminio | Completo con torniller\u00eda"},"content":{"rendered":"<p data-start=\"515\" data-end=\"780\">El <strong data-start=\"519\" data-end=\"567\">Kit de \u00e1nodos Volvo Penta SXA \/ DPSA - Aluminio<\/strong> proporciona una protecci\u00f3n completa contra la corrosi\u00f3n para <strong data-start=\"611\" data-end=\"651\">los sistemas de cola Volvo Penta SXA y DPSA<\/strong>. Este kit incluye \u00e1nodos de aluminio de alta calidad junto con toda la torniller\u00eda de montaje necesaria para una instalaci\u00f3n r\u00e1pida y segura. <\/p>\n<p data-start=\"782\" data-end=\"988\">Los \u00e1nodos de aluminio se recomiendan para <strong data-start=\"819\" data-end=\"860\">entornos de aguas salobres y mixtas<\/strong>, y ofrecen una protecci\u00f3n duradera contra la corrosi\u00f3n galv\u00e1nica para tu sistema de propulsi\u00f3n, h\u00e9lices y otros componentes sumergidos.<\/p>\n<p data-start=\"990\" data-end=\"1009\"><strong data-start=\"990\" data-end=\"1007\">Adecuado para:<\/strong><\/p>\n<ul data-start=\"1010\" data-end=\"1074\">\n<li data-start=\"1010\" data-end=\"1041\">\n<p data-start=\"1012\" data-end=\"1041\">Propulsores de popa Volvo Penta SXA<\/p>\n<\/li>\n<li data-start=\"1042\" data-end=\"1074\">\n<p data-start=\"1044\" data-end=\"1074\">Propulsores de popa Volvo Penta DPSA<\/p>\n<\/li>\n<\/ul>\n<p data-start=\"1076\" data-end=\"1091\"><strong data-start=\"1076\" data-end=\"1089\">Material:<\/strong><\/p>\n<ul data-start=\"1092\" data-end=\"1151\">\n<li data-start=\"1092\" data-end=\"1151\">\n<p data-start=\"1094\" data-end=\"1151\"><strong data-start=\"1094\" data-end=\"1107\">Aluminio<\/strong> - recomendado para aguas salobres o mixtas<\/p>\n<\/li>\n<\/ul>\n<h3 data-start=\"1220\" data-end=\"1245\"><strong data-start=\"1226\" data-end=\"1243\">Caracter\u00edsticas principales:<\/strong><\/h3>\n<ul data-start=\"1246\" data-end=\"1510\">\n<li data-start=\"1246\" data-end=\"1300\">\n<p data-start=\"1248\" data-end=\"1300\">Kit completo de \u00e1nodos de aluminio para transmisiones SXA \/ DPSA<\/p>\n<\/li>\n<li data-start=\"1301\" data-end=\"1361\">\n<p data-start=\"1303\" data-end=\"1361\">Proporciona protecci\u00f3n contra la corrosi\u00f3n en aguas salobres o mixtas<\/p>\n<\/li>\n<li data-start=\"1362\" data-end=\"1405\">\n<p data-start=\"1364\" data-end=\"1405\">Incluye toda la torniller\u00eda de montaje necesaria<\/p>\n<\/li>\n<li data-start=\"1406\" data-end=\"1462\">\n<p data-start=\"1408\" data-end=\"1462\">Protege el sistema de propulsi\u00f3n, los puntales y los componentes sumergidos<\/p>\n<\/li>\n<li data-start=\"1463\" data-end=\"1510\">\n<p data-start=\"1465\" data-end=\"1510\">\u00c1nodos de aluminio duraderos y de alta calidad<\/p>\n<\/li>\n<\/ul>\n","protected":false},"excerpt":{"rendered":"<p>El Kit de \u00e1nodos Volvo Penta SXA \/ DPSA - Aluminio proporciona una protecci\u00f3n completa contra la corrosi\u00f3n para los sistemas de cola Volvo Penta SXA y DPSA. Este kit incluye \u00e1nodos de aluminio de alta calidad junto con toda la torniller\u00eda de montaje necesaria para una instalaci\u00f3n r\u00e1pida y segura. Los \u00e1nodos de aluminio [&hellip;]<\/p>\n","protected":false},"featured_media":42717,"comment_status":"open","ping_status":"closed","template":"","meta":[],"product_brand":[4229],"product_cat":[4486,3182,4522,2497,4525,4302],"product_tag":[],"class_list":{"0":"post-42716","1":"product","2":"type-product","3":"status-publish","4":"has-post-thumbnail","6":"product_brand-volvo-penta","7":"product_cat-necesitas-piezas-volvo-penta","8":"product_cat-anodos","9":"product_cat-anodos-volvo-penta","10":"product_cat-piezas-de-mantenimiento-del-motor","11":"product_cat-recambios-volvo-penta","12":"product_cat-volvo-penta","13":"pa_condition-nuevo","14":"pa_oem-or-aftermarket-posventa","16":"first","17":"onbackorder","18":"sale","19":"taxable","20":"shipping-taxable","21":"purchasable","22":"product-type-simple"},"supplier_id":45614,"supplier_sku":"KITVOLVOSXA-DPSA-AL","barcode":null,"atum_controlled":true,"out_stock_date":"2025-11-21 12:40:37","out_stock_threshold":null,"inheritable":false,"inbound_stock":0,"stock_on_hold":0,"sold_today":0,"sales_last_days":0,"reserved_stock":0,"customer_returns":0,"warehouse_damage":0,"lost_in_post":0,"other_logs":0,"out_stock_days":26,"lost_sales":0,"has_location":false,"update_date":"2025-12-18T10:39:28","atum_locations":[],"atum_stock_status":"onbackorder","restock_status":false,"low_stock_amount":1,"sales_update_date":"2025-12-18T10:37:15","calc_backorders":null,"_links":{"self":[{"href":"https:\/\/mps.digital-monkey.in\/es\/wp-json\/wp\/v2\/product\/42716","targetHints":{"allow":["GET"]}}],"collection":[{"href":"https:\/\/mps.digital-monkey.in\/es\/wp-json\/wp\/v2\/product"}],"about":[{"href":"https:\/\/mps.digital-monkey.in\/es\/wp-json\/wp\/v2\/types\/product"}],"replies":[{"embeddable":true,"href":"https:\/\/mps.digital-monkey.in\/es\/wp-json\/wp\/v2\/comments?post=42716"}],"wp:featuredmedia":[{"embeddable":true,"href":"https:\/\/mps.digital-monkey.in\/es\/wp-json\/wp\/v2\/media\/42717"}],"wp:attachment":[{"href":"https:\/\/mps.digital-monkey.in\/es\/wp-json\/wp\/v2\/media?parent=42716"}],"wp:term":[{"taxonomy":"product_brand","embeddable":true,"href":"https:\/\/mps.digital-monkey.in\/es\/wp-json\/wp\/v2\/product_brand?post=42716"},{"taxonomy":"product_cat","embeddable":true,"href":"https:\/\/mps.digital-monkey.in\/es\/wp-json\/wp\/v2\/product_cat?post=42716"},{"taxonomy":"product_tag","embeddable":true,"href":"https:\/\/mps.digital-monkey.in\/es\/wp-json\/wp\/v2\/product_tag?post=42716"}],"curies":[{"name":"wp","href":"https:\/\/api.w.org\/{rel}","templated":true}]}}