{"id":42725,"date":"2025-11-14T12:53:15","date_gmt":"2025-11-14T12:53:15","guid":{"rendered":"https:\/\/mps.digital-monkey.in\/product\/kit-anodo-volvo-penta-sxa-dpsa-magnesio-completo-con-tornilleria\/"},"modified":"2025-12-18T10:38:50","modified_gmt":"2025-12-18T10:38:50","slug":"kit-anodo-volvo-penta-sxa-dpsa-magnesio-completo-con-tornilleria","status":"publish","type":"product","link":"https:\/\/mps.digital-monkey.in\/es\/producto\/kit-anodo-volvo-penta-sxa-dpsa-magnesio-completo-con-tornilleria\/","title":{"rendered":"Kit \u00c1nodo Volvo Penta SXA \/ DPSA - Magnesio | Completo con torniller\u00eda"},"content":{"rendered":"<p data-start=\"500\" data-end=\"814\">El <strong data-start=\"504\" data-end=\"552\">Kit de \u00e1nodos Volvo Penta SXA \/ DPSA - Magnesio<\/strong> proporciona una protecci\u00f3n completa contra la corrosi\u00f3n para <strong data-start=\"596\" data-end=\"636\">los propulsores de popa Volvo Penta SXA y DPSA<\/strong> que funcionan en <strong data-start=\"650\" data-end=\"677\">entornos de agua dulce<\/strong>. Este kit incluye \u00e1nodos de magnesio de alta calidad junto con toda la torniller\u00eda de montaje necesaria, garantizando una instalaci\u00f3n segura y fiable. <\/p>\n<p data-start=\"816\" data-end=\"1065\">Los \u00e1nodos de magnesio ofrecen la mayor actividad electroqu\u00edmica, proporcionando la m\u00e1xima protecci\u00f3n contra la corrosi\u00f3n galv\u00e1nica en condiciones de agua dulce. Ayudan a proteger tu propulsor de popa, h\u00e9lices y otros componentes sumergidos para prolongar su vida \u00fatil. <\/p>\n<p data-start=\"1067\" data-end=\"1086\"><strong data-start=\"1067\" data-end=\"1084\">Adecuado para:<\/strong><\/p>\n<ul data-start=\"1087\" data-end=\"1151\">\n<li data-start=\"1087\" data-end=\"1118\">\n<p data-start=\"1089\" data-end=\"1118\">Propulsores de popa Volvo Penta SXA<\/p>\n<\/li>\n<li data-start=\"1119\" data-end=\"1151\">\n<p data-start=\"1121\" data-end=\"1151\">Propulsores de popa Volvo Penta DPSA<\/p>\n<\/li>\n<\/ul>\n<p data-start=\"1153\" data-end=\"1168\"><strong data-start=\"1153\" data-end=\"1166\">Material:<\/strong><\/p>\n<ul data-start=\"1169\" data-end=\"1214\">\n<li data-start=\"1169\" data-end=\"1214\">\n<p data-start=\"1171\" data-end=\"1214\"><strong data-start=\"1171\" data-end=\"1189\">Magnesio (Mg<\/strong> ) - ideal para agua dulce<\/p>\n<\/li>\n<\/ul>\n<h3 data-start=\"1283\" data-end=\"1308\"><strong data-start=\"1289\" data-end=\"1306\">Caracter\u00edsticas principales:<\/strong><\/h3>\n<ul data-start=\"1309\" data-end=\"1567\">\n<li data-start=\"1309\" data-end=\"1363\">\n<p data-start=\"1311\" data-end=\"1363\">Kit completo de \u00e1nodos de magnesio para transmisiones SXA \/ DPSA<\/p>\n<\/li>\n<li data-start=\"1364\" data-end=\"1410\">\n<p data-start=\"1366\" data-end=\"1410\">M\u00e1xima protecci\u00f3n contra la corrosi\u00f3n en agua dulce<\/p>\n<\/li>\n<li data-start=\"1411\" data-end=\"1454\">\n<p data-start=\"1413\" data-end=\"1454\">Incluye toda la torniller\u00eda de montaje necesaria<\/p>\n<\/li>\n<li data-start=\"1455\" data-end=\"1516\">\n<p data-start=\"1457\" data-end=\"1516\">Protege el propulsor, las h\u00e9lices y los componentes sumergidos<\/p>\n<\/li>\n<li data-start=\"1517\" data-end=\"1567\">\n<p data-start=\"1519\" data-end=\"1567\">\u00c1nodos de magnesio de alta calidad y f\u00e1ciles de instalar<\/p>\n<\/li>\n<\/ul>\n","protected":false},"excerpt":{"rendered":"<p>El Kit de \u00e1nodos Volvo Penta SXA \/ DPSA - Magnesio proporciona una protecci\u00f3n completa contra la corrosi\u00f3n para los propulsores de popa Volvo Penta SXA y DPSA que funcionan en entornos de agua dulce. Este kit incluye \u00e1nodos de magnesio de alta calidad junto con toda la torniller\u00eda de montaje necesaria, garantizando una instalaci\u00f3n [&hellip;]<\/p>\n","protected":false},"featured_media":42726,"comment_status":"open","ping_status":"closed","template":"","meta":[],"product_brand":[4229],"product_cat":[4486,3182,4522,2497,4525,4302],"product_tag":[],"class_list":{"0":"post-42725","1":"product","2":"type-product","3":"status-publish","4":"has-post-thumbnail","6":"product_brand-volvo-penta","7":"product_cat-necesitas-piezas-volvo-penta","8":"product_cat-anodos","9":"product_cat-anodos-volvo-penta","10":"product_cat-piezas-de-mantenimiento-del-motor","11":"product_cat-recambios-volvo-penta","12":"product_cat-volvo-penta","13":"pa_condition-nuevo","14":"pa_oem-or-aftermarket-posventa","16":"first","17":"onbackorder","18":"sale","19":"taxable","20":"shipping-taxable","21":"purchasable","22":"product-type-simple"},"supplier_id":45614,"supplier_sku":"KITVOLVOSXA-DPSA-MG","barcode":null,"atum_controlled":true,"out_stock_date":"2025-11-21 12:40:31","out_stock_threshold":null,"inheritable":false,"inbound_stock":0,"stock_on_hold":0,"sold_today":0,"sales_last_days":0,"reserved_stock":0,"customer_returns":0,"warehouse_damage":0,"lost_in_post":0,"other_logs":0,"out_stock_days":26,"lost_sales":0,"has_location":false,"update_date":"2025-12-18T10:39:28","atum_locations":[],"atum_stock_status":"onbackorder","restock_status":false,"low_stock_amount":1,"sales_update_date":"2025-12-18T10:37:15","calc_backorders":null,"_links":{"self":[{"href":"https:\/\/mps.digital-monkey.in\/es\/wp-json\/wp\/v2\/product\/42725","targetHints":{"allow":["GET"]}}],"collection":[{"href":"https:\/\/mps.digital-monkey.in\/es\/wp-json\/wp\/v2\/product"}],"about":[{"href":"https:\/\/mps.digital-monkey.in\/es\/wp-json\/wp\/v2\/types\/product"}],"replies":[{"embeddable":true,"href":"https:\/\/mps.digital-monkey.in\/es\/wp-json\/wp\/v2\/comments?post=42725"}],"wp:featuredmedia":[{"embeddable":true,"href":"https:\/\/mps.digital-monkey.in\/es\/wp-json\/wp\/v2\/media\/42726"}],"wp:attachment":[{"href":"https:\/\/mps.digital-monkey.in\/es\/wp-json\/wp\/v2\/media?parent=42725"}],"wp:term":[{"taxonomy":"product_brand","embeddable":true,"href":"https:\/\/mps.digital-monkey.in\/es\/wp-json\/wp\/v2\/product_brand?post=42725"},{"taxonomy":"product_cat","embeddable":true,"href":"https:\/\/mps.digital-monkey.in\/es\/wp-json\/wp\/v2\/product_cat?post=42725"},{"taxonomy":"product_tag","embeddable":true,"href":"https:\/\/mps.digital-monkey.in\/es\/wp-json\/wp\/v2\/product_tag?post=42725"}],"curies":[{"name":"wp","href":"https:\/\/api.w.org\/{rel}","templated":true}]}}