{"id":42734,"date":"2025-11-14T14:42:45","date_gmt":"2025-11-14T14:42:45","guid":{"rendered":"https:\/\/mps.digital-monkey.in\/product\/kit-anodo-volvo-penta-saildrive-3-palas-zinc-incluye-pernos-3858399\/"},"modified":"2025-12-18T10:38:54","modified_gmt":"2025-12-18T10:38:54","slug":"kit-anodo-volvo-penta-saildrive-3-palas-zinc-incluye-pernos-3858399","status":"publish","type":"product","link":"https:\/\/mps.digital-monkey.in\/es\/product\/kit-anodo-volvo-penta-saildrive-3-palas-zinc-incluye-pernos-3858399\/","title":{"rendered":"Kit \u00e1nodo Volvo Penta &#8211; Saildrive 3 palas Zinc (incluye pernos) 3858399"},"content":{"rendered":"<p data-start=\"498\" data-end=\"824\">El <strong data-start=\"502\" data-end=\"550\">Kit de \u00e1nodo de cinc Volvo<\/strong> Penta Saildrive <strong data-start=\"638\" data-end=\"659\">de 3 palas<\/strong> proporciona una protecci\u00f3n fiable contra la corrosi\u00f3n para las unidades Volvo Penta Saildrive equipadas con una <strong data-start=\"638\" data-end=\"659\">h\u00e9lice de 3 palas<\/strong>. Dise\u00f1ado para su uso en <strong data-start=\"681\" data-end=\"707\">entornos de agua salada<\/strong>, este \u00e1nodo de zinc de alta calidad garantiza una protecci\u00f3n \u00f3ptima de tu Saildrive y la h\u00e9lice contra la corrosi\u00f3n galv\u00e1nica. <\/p>\n<p data-start=\"826\" data-end=\"916\">Este kit viene <strong data-start=\"841\" data-end=\"873\">completo con pernos de montaje<\/strong>, lo que hace que la instalaci\u00f3n sea r\u00e1pida y c\u00f3moda.<\/p>\n<p data-start=\"918\" data-end=\"937\"><strong data-start=\"918\" data-end=\"935\">Adecuado para:<\/strong><\/p>\n<ul data-start=\"938\" data-end=\"1035\">\n<li data-start=\"938\" data-end=\"995\">\n<p data-start=\"940\" data-end=\"995\">Sistemas Saildrive Volvo Penta con h\u00e9lices de 3 palas<\/p>\n<\/li>\n<li data-start=\"996\" data-end=\"1035\">\n<p data-start=\"998\" data-end=\"1035\">Aplicaciones en agua salada<\/p>\n<\/li>\n<\/ul>\n<p data-start=\"1037\" data-end=\"1052\"><strong data-start=\"1037\" data-end=\"1050\">Material:<\/strong><\/p>\n<ul data-start=\"1053\" data-end=\"1097\">\n<li data-start=\"1053\" data-end=\"1097\">\n<p data-start=\"1055\" data-end=\"1097\"><strong data-start=\"1055\" data-end=\"1063\">Zinc<\/strong> &#8211; recomendado para uso en agua salada<\/p>\n<\/li>\n<\/ul>\n<h3 data-start=\"1104\" data-end=\"1129\"><strong data-start=\"1110\" data-end=\"1127\">Caracter\u00edsticas principales:<\/strong><\/h3>\n<ul data-start=\"1130\" data-end=\"1364\">\n<li data-start=\"1130\" data-end=\"1187\">\n<p data-start=\"1132\" data-end=\"1187\">Kit completo de \u00e1nodos de zinc para sistemas Saildrive de 3 palas<\/p>\n<\/li>\n<li data-start=\"1188\" data-end=\"1237\">\n<p data-start=\"1190\" data-end=\"1237\">Incluye pernos de montaje para facilitar la instalaci\u00f3n<\/p>\n<\/li>\n<li data-start=\"1238\" data-end=\"1280\">\n<p data-start=\"1240\" data-end=\"1280\">Protecci\u00f3n duradera contra la corrosi\u00f3n del agua salada<\/p>\n<\/li>\n<li data-start=\"1281\" data-end=\"1325\">\n<p data-start=\"1283\" data-end=\"1325\">Protege la carcasa del Saildrive y la h\u00e9lice<\/p>\n<\/li>\n<li data-start=\"1326\" data-end=\"1364\">\n<p data-start=\"1328\" data-end=\"1364\">Juego de \u00e1nodos de recambio de alta calidad<\/p>\n<\/li>\n<li data-start=\"1326\" data-end=\"1364\">OEM NR 3858399<\/li>\n<\/ul>\n","protected":false},"excerpt":{"rendered":"<p>El Kit de \u00e1nodo de cinc Volvo Penta Saildrive de 3 palas proporciona una protecci\u00f3n fiable contra la corrosi\u00f3n para las unidades Volvo Penta Saildrive equipadas con una h\u00e9lice de 3 palas. Dise\u00f1ado para su uso en entornos de agua salada, este \u00e1nodo de zinc de alta calidad garantiza una protecci\u00f3n \u00f3ptima de tu Saildrive [&hellip;]<\/p>\n","protected":false},"featured_media":42735,"comment_status":"open","ping_status":"closed","template":"","meta":[],"product_brand":[4229],"product_cat":[4486,4522,2497,4525,4302],"product_tag":[],"class_list":{"0":"post-42734","1":"product","2":"type-product","3":"status-publish","4":"has-post-thumbnail","6":"product_brand-volvo-penta","7":"product_cat-necesitas-piezas-volvo-penta","8":"product_cat-anodos-volvo-penta","9":"product_cat-piezas-de-mantenimiento-del-motor","10":"product_cat-recambios-volvo-penta","11":"product_cat-volvo-penta","12":"pa_condition-nuevo","13":"pa_oem-or-aftermarket-posventa","15":"first","16":"onbackorder","17":"sale","18":"taxable","19":"shipping-taxable","20":"purchasable","21":"product-type-simple"},"supplier_id":45614,"supplier_sku":"KITVOLVOELICA3PALE","barcode":null,"atum_controlled":true,"out_stock_date":"2025-11-21 12:40:25","out_stock_threshold":null,"inheritable":false,"inbound_stock":0,"stock_on_hold":0,"sold_today":0,"sales_last_days":0,"reserved_stock":0,"customer_returns":0,"warehouse_damage":0,"lost_in_post":0,"other_logs":0,"out_stock_days":68,"lost_sales":0,"has_location":false,"update_date":"2026-01-29T09:10:32","atum_locations":[],"atum_stock_status":"onbackorder","restock_status":false,"low_stock_amount":1,"sales_update_date":"2026-01-29T09:10:32","calc_backorders":null,"_links":{"self":[{"href":"https:\/\/mps.digital-monkey.in\/es\/wp-json\/wp\/v2\/product\/42734","targetHints":{"allow":["GET"]}}],"collection":[{"href":"https:\/\/mps.digital-monkey.in\/es\/wp-json\/wp\/v2\/product"}],"about":[{"href":"https:\/\/mps.digital-monkey.in\/es\/wp-json\/wp\/v2\/types\/product"}],"replies":[{"embeddable":true,"href":"https:\/\/mps.digital-monkey.in\/es\/wp-json\/wp\/v2\/comments?post=42734"}],"wp:featuredmedia":[{"embeddable":true,"href":"https:\/\/mps.digital-monkey.in\/es\/wp-json\/wp\/v2\/media\/42735"}],"wp:attachment":[{"href":"https:\/\/mps.digital-monkey.in\/es\/wp-json\/wp\/v2\/media?parent=42734"}],"wp:term":[{"taxonomy":"product_brand","embeddable":true,"href":"https:\/\/mps.digital-monkey.in\/es\/wp-json\/wp\/v2\/product_brand?post=42734"},{"taxonomy":"product_cat","embeddable":true,"href":"https:\/\/mps.digital-monkey.in\/es\/wp-json\/wp\/v2\/product_cat?post=42734"},{"taxonomy":"product_tag","embeddable":true,"href":"https:\/\/mps.digital-monkey.in\/es\/wp-json\/wp\/v2\/product_tag?post=42734"}],"curies":[{"name":"wp","href":"https:\/\/api.w.org\/{rel}","templated":true}]}}