{"id":42962,"date":"2025-11-21T09:35:04","date_gmt":"2025-11-21T09:35:04","guid":{"rendered":"https:\/\/mps.digital-monkey.in\/product\/junta-de-culata-volvo-penta-md2030-3580309\/"},"modified":"2025-11-21T09:35:04","modified_gmt":"2025-11-21T09:35:04","slug":"junta-de-culata-volvo-penta-md2030-3580309","status":"publish","type":"product","link":"https:\/\/mps.digital-monkey.in\/es\/producto\/junta-de-culata-volvo-penta-md2030-3580309\/","title":{"rendered":"Junta de culata Volvo Penta MD2030 - 3580309"},"content":{"rendered":"<p data-start=\"492\" data-end=\"759\">Esta <strong data-start=\"497\" data-end=\"512\">junta de culata<\/strong> es adecuada para el motor diesel <strong data-start=\"533\" data-end=\"555\">Volvo Penta MD2030<\/strong> y garantiza un sellado fiable entre la culata y el bloque del motor. Fabricada seg\u00fan las especificaciones originales, es una pieza de recambio ideal durante el mantenimiento o la revisi\u00f3n del motor. <\/p>\n<p data-start=\"761\" data-end=\"787\"><strong data-start=\"761\" data-end=\"785\">Sustituye al n\u00famero OEM:<\/strong><\/p>\n<ul data-start=\"788\" data-end=\"801\">\n<li data-start=\"788\" data-end=\"801\">\n<p data-start=\"790\" data-end=\"801\"><strong data-start=\"790\" data-end=\"801\">3580309<\/strong><\/p>\n<\/li>\n<\/ul>\n<p data-start=\"803\" data-end=\"822\"><strong data-start=\"803\" data-end=\"820\">Adecuado para:<\/strong><\/p>\n<ul data-start=\"823\" data-end=\"847\">\n<li data-start=\"823\" data-end=\"847\">\n<p data-start=\"825\" data-end=\"847\"><strong data-start=\"825\" data-end=\"847\">Volvo Penta MD2030<\/strong><\/p>\n<\/li>\n<\/ul>\n<p data-start=\"849\" data-end=\"930\">Duraderas y fabricadas con precisi\u00f3n para un rendimiento de estanquidad \u00f3ptimo y una larga vida \u00fatil.<\/p>\n<h3 data-start=\"937\" data-end=\"962\"><strong data-start=\"943\" data-end=\"960\">Caracter\u00edsticas principales:<\/strong><\/h3>\n<ul data-start=\"963\" data-end=\"1135\">\n<li data-start=\"963\" data-end=\"1006\">\n<p data-start=\"965\" data-end=\"1006\">Adecuado para motores Volvo Penta MD2030<\/p>\n<\/li>\n<li data-start=\"1007\" data-end=\"1037\">\n<p data-start=\"1009\" data-end=\"1037\">Coincide con las especificaciones OEM<\/p>\n<\/li>\n<li data-start=\"1038\" data-end=\"1081\">\n<p data-start=\"1040\" data-end=\"1081\">Garantiza un sellado y una compresi\u00f3n correctos<\/p>\n<\/li>\n<li data-start=\"1082\" data-end=\"1135\">\n<p data-start=\"1084\" data-end=\"1135\">Pieza de recambio fiable para mantenimiento o revisi\u00f3n<\/p>\n<\/li>\n<\/ul>\n","protected":false},"excerpt":{"rendered":"<p>Esta junta de culata es adecuada para el motor diesel Volvo Penta MD2030 y garantiza un sellado fiable entre la culata y el bloque del motor. Fabricada seg\u00fan las especificaciones originales, es una pieza de recambio ideal durante el mantenimiento o la revisi\u00f3n del motor. Sustituye al n\u00famero OEM: 3580309 Adecuado para: Volvo Penta MD2030 [&hellip;]<\/p>\n","protected":false},"featured_media":42963,"comment_status":"open","ping_status":"closed","template":"","meta":[],"product_brand":[4229],"product_cat":[4486,3041,3040,2497,4314,4302,4304],"product_tag":[],"class_list":{"0":"post-42962","1":"product","2":"type-product","3":"status-publish","4":"has-post-thumbnail","6":"product_brand-volvo-penta","7":"product_cat-necesitas-piezas-volvo-penta","8":"product_cat-juntas-de-motor","9":"product_cat-kits-de-mantenimiento-y-reparacion","10":"product_cat-piezas-de-mantenimiento-del-motor","11":"product_cat-recambios-volvo-penta-md2030","12":"product_cat-volvo-penta","13":"product_cat-volvo-penta-serie-md","14":"pa_condition-nuevo","15":"pa_model-md2030","16":"pa_oem-or-aftermarket-posventa","18":"first","19":"instock","20":"taxable","21":"shipping-taxable","22":"purchasable","23":"product-type-simple"},"supplier_id":7294,"supplier_sku":"REC3580309","barcode":null,"atum_controlled":true,"out_stock_date":null,"out_stock_threshold":null,"inheritable":false,"inbound_stock":0,"stock_on_hold":0,"sold_today":0,"sales_last_days":0,"reserved_stock":0,"customer_returns":0,"warehouse_damage":0,"lost_in_post":0,"other_logs":0,"out_stock_days":0,"lost_sales":0,"has_location":false,"update_date":"2025-12-18T10:37:15","atum_locations":[],"atum_stock_status":"instock","restock_status":false,"low_stock_amount":0,"sales_update_date":"2025-12-18T10:37:15","calc_backorders":null,"_links":{"self":[{"href":"https:\/\/mps.digital-monkey.in\/es\/wp-json\/wp\/v2\/product\/42962","targetHints":{"allow":["GET"]}}],"collection":[{"href":"https:\/\/mps.digital-monkey.in\/es\/wp-json\/wp\/v2\/product"}],"about":[{"href":"https:\/\/mps.digital-monkey.in\/es\/wp-json\/wp\/v2\/types\/product"}],"replies":[{"embeddable":true,"href":"https:\/\/mps.digital-monkey.in\/es\/wp-json\/wp\/v2\/comments?post=42962"}],"wp:featuredmedia":[{"embeddable":true,"href":"https:\/\/mps.digital-monkey.in\/es\/wp-json\/wp\/v2\/media\/42963"}],"wp:attachment":[{"href":"https:\/\/mps.digital-monkey.in\/es\/wp-json\/wp\/v2\/media?parent=42962"}],"wp:term":[{"taxonomy":"product_brand","embeddable":true,"href":"https:\/\/mps.digital-monkey.in\/es\/wp-json\/wp\/v2\/product_brand?post=42962"},{"taxonomy":"product_cat","embeddable":true,"href":"https:\/\/mps.digital-monkey.in\/es\/wp-json\/wp\/v2\/product_cat?post=42962"},{"taxonomy":"product_tag","embeddable":true,"href":"https:\/\/mps.digital-monkey.in\/es\/wp-json\/wp\/v2\/product_tag?post=42962"}],"curies":[{"name":"wp","href":"https:\/\/api.w.org\/{rel}","templated":true}]}}