{"id":42989,"date":"2025-11-21T10:48:10","date_gmt":"2025-11-21T10:48:10","guid":{"rendered":"https:\/\/mps.digital-monkey.in\/product\/junta-de-culata-volvo-penta-859152-aqd21a-aqd21b-md21a-md21b\/"},"modified":"2025-11-21T10:48:10","modified_gmt":"2025-11-21T10:48:10","slug":"junta-de-culata-volvo-penta-859152-aqd21a-aqd21b-md21a-md21b","status":"publish","type":"product","link":"https:\/\/mps.digital-monkey.in\/es\/producto\/junta-de-culata-volvo-penta-859152-aqd21a-aqd21b-md21a-md21b\/","title":{"rendered":"Junta de culata Volvo Penta - 859152 AQD21A \/ AQD21B \/ MD21A \/ MD21B |"},"content":{"rendered":"<p data-start=\"2542\" data-end=\"2757\">Esta <strong data-start=\"2547\" data-end=\"2562\">junta de culata<\/strong> es adecuada para varios motores Volvo Penta de la serie 21 y est\u00e1 dise\u00f1ada para un sellado preciso y una larga vida \u00fatil. Fabricada para ajustarse a las dimensiones OEM para una instalaci\u00f3n f\u00e1cil y un rendimiento fiable. <\/p>\n<p data-start=\"2759\" data-end=\"2778\"><strong data-start=\"2759\" data-end=\"2776\">Sustituye al OEM:<\/strong><\/p>\n<ul data-start=\"2779\" data-end=\"2811\">\n<li data-start=\"2779\" data-end=\"2789\">\n<p data-start=\"2781\" data-end=\"2789\">829214<\/p>\n<\/li>\n<li data-start=\"2790\" data-end=\"2800\">\n<p data-start=\"2792\" data-end=\"2800\">829531<\/p>\n<\/li>\n<li data-start=\"2801\" data-end=\"2811\">\n<p data-start=\"2803\" data-end=\"2811\">859152<\/p>\n<\/li>\n<\/ul>\n<p data-start=\"2813\" data-end=\"2832\"><strong data-start=\"2813\" data-end=\"2830\">Adecuado para:<\/strong><\/p>\n<ul data-start=\"2833\" data-end=\"2874\">\n<li data-start=\"2833\" data-end=\"2843\">\n<p data-start=\"2835\" data-end=\"2843\">AQD21A<\/p>\n<\/li>\n<li data-start=\"2844\" data-end=\"2854\">\n<p data-start=\"2846\" data-end=\"2854\">AQD21B<\/p>\n<\/li>\n<li data-start=\"2855\" data-end=\"2864\">\n<p data-start=\"2857\" data-end=\"2864\">MD21A<\/p>\n<\/li>\n<li data-start=\"2865\" data-end=\"2874\">\n<p data-start=\"2867\" data-end=\"2874\">MD21B<\/p>\n<\/li>\n<\/ul>\n<h3 data-start=\"2876\" data-end=\"2899\"><strong data-start=\"2880\" data-end=\"2897\">Caracter\u00edsticas principales:<\/strong><\/h3>\n<ul data-start=\"2900\" data-end=\"3011\">\n<li data-start=\"2900\" data-end=\"2935\">\n<p data-start=\"2902\" data-end=\"2935\">Se adapta a varios motores de la serie 21<\/p>\n<\/li>\n<li data-start=\"2936\" data-end=\"2972\">\n<p data-start=\"2938\" data-end=\"2972\">Sellado de alta calidad<\/p>\n<\/li>\n<li data-start=\"2973\" data-end=\"3011\">\n<p data-start=\"2975\" data-end=\"3011\">Fabricado seg\u00fan especificaciones OEM<\/p>\n<\/li>\n<\/ul>\n<p data-start=\"3018\" data-end=\"3136\" data-is-last-node=\"\" data-is-only-node=\"\">\n","protected":false},"excerpt":{"rendered":"<p>Esta junta de culata es adecuada para varios motores Volvo Penta de la serie 21 y est\u00e1 dise\u00f1ada para un sellado preciso y una larga vida \u00fatil. Fabricada para ajustarse a las dimensiones OEM para una instalaci\u00f3n f\u00e1cil y un rendimiento fiable. Sustituye al OEM: 829214 829531 859152 Adecuado para: AQD21A AQD21B MD21A MD21B Caracter\u00edsticas [&hellip;]<\/p>\n","protected":false},"featured_media":42990,"comment_status":"open","ping_status":"closed","template":"","meta":[],"product_brand":[4229],"product_cat":[4486,3041,3040,2497,4302],"product_tag":[],"class_list":{"0":"post-42989","1":"product","2":"type-product","3":"status-publish","4":"has-post-thumbnail","6":"product_brand-volvo-penta","7":"product_cat-necesitas-piezas-volvo-penta","8":"product_cat-juntas-de-motor","9":"product_cat-kits-de-mantenimiento-y-reparacion","10":"product_cat-piezas-de-mantenimiento-del-motor","11":"product_cat-volvo-penta","12":"pa_condition-nuevo","13":"pa_model-aqd21","14":"pa_model-aqd21a","15":"pa_model-aqd21b","16":"pa_model-md21","17":"pa_model-md21a","18":"pa_model-md21b","19":"pa_oem-or-aftermarket-posventa","21":"first","22":"instock","23":"taxable","24":"shipping-taxable","25":"purchasable","26":"product-type-simple"},"supplier_id":7294,"supplier_sku":"REC859152","barcode":null,"atum_controlled":true,"out_stock_date":null,"out_stock_threshold":null,"inheritable":false,"inbound_stock":0,"stock_on_hold":0,"sold_today":0,"sales_last_days":0,"reserved_stock":0,"customer_returns":0,"warehouse_damage":0,"lost_in_post":0,"other_logs":0,"out_stock_days":0,"lost_sales":0,"has_location":false,"update_date":"2025-12-18T10:37:15","atum_locations":[],"atum_stock_status":"instock","restock_status":false,"low_stock_amount":1,"sales_update_date":"2025-12-18T10:37:15","calc_backorders":null,"_links":{"self":[{"href":"https:\/\/mps.digital-monkey.in\/es\/wp-json\/wp\/v2\/product\/42989","targetHints":{"allow":["GET"]}}],"collection":[{"href":"https:\/\/mps.digital-monkey.in\/es\/wp-json\/wp\/v2\/product"}],"about":[{"href":"https:\/\/mps.digital-monkey.in\/es\/wp-json\/wp\/v2\/types\/product"}],"replies":[{"embeddable":true,"href":"https:\/\/mps.digital-monkey.in\/es\/wp-json\/wp\/v2\/comments?post=42989"}],"wp:featuredmedia":[{"embeddable":true,"href":"https:\/\/mps.digital-monkey.in\/es\/wp-json\/wp\/v2\/media\/42990"}],"wp:attachment":[{"href":"https:\/\/mps.digital-monkey.in\/es\/wp-json\/wp\/v2\/media?parent=42989"}],"wp:term":[{"taxonomy":"product_brand","embeddable":true,"href":"https:\/\/mps.digital-monkey.in\/es\/wp-json\/wp\/v2\/product_brand?post=42989"},{"taxonomy":"product_cat","embeddable":true,"href":"https:\/\/mps.digital-monkey.in\/es\/wp-json\/wp\/v2\/product_cat?post=42989"},{"taxonomy":"product_tag","embeddable":true,"href":"https:\/\/mps.digital-monkey.in\/es\/wp-json\/wp\/v2\/product_tag?post=42989"}],"curies":[{"name":"wp","href":"https:\/\/api.w.org\/{rel}","templated":true}]}}