{"id":43935,"date":"2025-11-24T10:32:57","date_gmt":"2025-11-24T10:32:57","guid":{"rendered":"https:\/\/mps.digital-monkey.in\/product\/aceite-premium-yanmar-para-saildrive-sae-80w90\/"},"modified":"2025-12-12T13:58:05","modified_gmt":"2025-12-12T13:58:05","slug":"aceite-premium-yanmar-para-saildrive-sae-80w90","status":"publish","type":"product","link":"https:\/\/mps.digital-monkey.in\/es\/producto\/aceite-premium-yanmar-para-saildrive-sae-80w90\/","title":{"rendered":"Aceite Premium Yanmar para Saildrive SAE 80W90"},"content":{"rendered":"<p data-start=\"530\" data-end=\"813\">El <strong data-start=\"530\" data-end=\"572\">aceite para engranajes Yanmar Premium SAE 80W90<\/strong> est\u00e1 especialmente formulado para sistemas de engranajes que exigen la m\u00e1xima fiabilidad y protecci\u00f3n. Este aceite mineral de alta calidad para engranajes ofrece una excelente resistencia al desgaste, una lubricaci\u00f3n superior y un rendimiento estable tanto a altas como a bajas temperaturas. <\/p>\n<h3 data-start=\"815\" data-end=\"835\"><strong data-start=\"819\" data-end=\"835\">Caracter\u00edsticas principales<\/strong><\/h3>\n<ul data-start=\"836\" data-end=\"1215\">\n<li data-start=\"836\" data-end=\"882\">\n<p data-start=\"838\" data-end=\"882\"><strong data-start=\"840\" data-end=\"880\">Dise\u00f1ado para modelos saildrive Yanmar<\/strong><\/p>\n<\/li>\n<li data-start=\"883\" data-end=\"970\">\n<p data-start=\"885\" data-end=\"970\"><strong data-start=\"887\" data-end=\"910\">Viscosidad SAE 80W90<\/strong> para un rendimiento excepcional en una amplia gama de condiciones<\/p>\n<\/li>\n<li data-start=\"971\" data-end=\"1040\">\n<p data-start=\"973\" data-end=\"1040\"><strong data-start=\"975\" data-end=\"1038\">Excelente protecci\u00f3n contra el desgaste, la corrosi\u00f3n y la oxidaci\u00f3n<\/strong><\/p>\n<\/li>\n<li data-start=\"1041\" data-end=\"1102\">\n<p data-start=\"1043\" data-end=\"1102\"><strong data-start=\"1045\" data-end=\"1100\">Lubricaci\u00f3n \u00f3ptima para prolongar la vida \u00fatil del saildrive<\/strong><\/p>\n<\/li>\n<li data-start=\"1103\" data-end=\"1165\">\n<p data-start=\"1105\" data-end=\"1165\"><strong data-start=\"1107\" data-end=\"1163\">Evita la formaci\u00f3n de espuma y garantiza un funcionamiento suave y silencioso<\/strong><\/p>\n<\/li>\n<li data-start=\"1166\" data-end=\"1215\">\n<p data-start=\"1168\" data-end=\"1215\"><strong data-start=\"1170\" data-end=\"1213\">Excepcional estabilidad t\u00e9rmica y al cizallamiento<\/strong><\/p>\n<\/li>\n<\/ul>\n<h3 data-start=\"1217\" data-end=\"1237\"><strong data-start=\"1221\" data-end=\"1237\">Aplicaciones<\/strong><\/h3>\n<p data-start=\"1238\" data-end=\"1344\">Ideal para <strong data-start=\"1248\" data-end=\"1269\">los saildrives Yanmar<\/strong> y otros sistemas de engranajes marinos en los que se recomienda el aceite para engranajes <strong data-start=\"1306\" data-end=\"1319\">SAE 80W90<\/strong>.<\/p>\n<h3 data-start=\"1346\" data-end=\"1384\"><strong data-start=\"1350\" data-end=\"1384\">Capacidades de aceite del modelo Saildrive<\/strong><\/h3>\n<ul data-start=\"1385\" data-end=\"1488\">\n<li data-start=\"1385\" data-end=\"1408\">\n<p data-start=\"1387\" data-end=\"1408\"><strong data-start=\"1387\" data-end=\"1396\">SD20:<\/strong> 2,2-2,5 L<\/p>\n<\/li>\n<li data-start=\"1409\" data-end=\"1428\">\n<p data-start=\"1411\" data-end=\"1428\"><strong data-start=\"1411\" data-end=\"1420\">SD25:<\/strong> 1,8 L<\/p>\n<\/li>\n<li data-start=\"1429\" data-end=\"1448\">\n<p data-start=\"1431\" data-end=\"1448\"><strong data-start=\"1431\" data-end=\"1440\">SD30:<\/strong> 1,8 L<\/p>\n<\/li>\n<li data-start=\"1449\" data-end=\"1468\">\n<p data-start=\"1451\" data-end=\"1468\"><strong data-start=\"1451\" data-end=\"1460\">SD40:<\/strong> 2,2 L<\/p>\n<\/li>\n<li data-start=\"1469\" data-end=\"1488\">\n<p data-start=\"1471\" data-end=\"1488\"><strong data-start=\"1471\" data-end=\"1480\">SD50:<\/strong> 2,2 L<\/p>\n<\/li>\n<\/ul>\n<p data-start=\"1490\" data-end=\"1501\"><strong data-start=\"1490\" data-end=\"1499\">Nota:<\/strong><\/p>\n<ul data-start=\"1502\" data-end=\"1581\">\n<li data-start=\"1502\" data-end=\"1533\">\n<p data-start=\"1504\" data-end=\"1533\"><strong data-start=\"1504\" data-end=\"1512\">SD60<\/strong> requiere SAE 15W40<\/p>\n<\/li>\n<li data-start=\"1534\" data-end=\"1581\">\n<p data-start=\"1536\" data-end=\"1581\"><strong data-start=\"1536\" data-end=\"1563\">Los modelos SD15 y menores<\/strong> requieren aceite ATF<\/p>\n<\/li>\n<\/ul>\n<h3 data-start=\"1583\" data-end=\"1631\"><strong data-start=\"1587\" data-end=\"1631\">\u00bfPor qu\u00e9 elegir el Aceite Premium para Saildrive Yanmar?<\/strong><\/h3>\n<ul data-start=\"1632\" data-end=\"1831\">\n<li data-start=\"1632\" data-end=\"1670\">\n<p data-start=\"1634\" data-end=\"1670\">Mayor fiabilidad en el agua<\/p>\n<\/li>\n<li data-start=\"1671\" data-end=\"1724\">\n<p data-start=\"1673\" data-end=\"1724\">Mantenimiento reducido gracias a una protecci\u00f3n superior<\/p>\n<\/li>\n<li data-start=\"1725\" data-end=\"1780\">\n<p data-start=\"1727\" data-end=\"1780\">Formulado espec\u00edficamente para cumplir los requisitos de Yanmar<\/p>\n<\/li>\n<li data-start=\"1781\" data-end=\"1831\">\n<p data-start=\"1783\" data-end=\"1831\">Rendimiento duradero incluso con cargas pesadas<\/p>\n<\/li>\n<\/ul>\n<h3 data-start=\"1833\" data-end=\"1855\"><strong data-start=\"1837\" data-end=\"1855\">Tama\u00f1o del envase<\/strong><\/h3>\n<ul data-start=\"1856\" data-end=\"1909\">\n<li data-start=\"1856\" data-end=\"1909\">\n<p data-start=\"1858\" data-end=\"1909\"><strong data-start=\"1858\" data-end=\"1869\">1 litro<\/strong><\/p>\n<\/li>\n<\/ul>\n<h1 data-start=\"1916\" data-end=\"1935\"><\/h1>\n","protected":false},"excerpt":{"rendered":"<p>El aceite para engranajes Yanmar Premium SAE 80W90 est\u00e1 especialmente formulado para sistemas de engranajes que exigen la m\u00e1xima fiabilidad y protecci\u00f3n. Este aceite mineral de alta calidad para engranajes ofrece una excelente resistencia al desgaste, una lubricaci\u00f3n superior y un rendimiento estable tanto a altas como a bajas temperaturas. Caracter\u00edsticas principales Dise\u00f1ado para modelos [&hellip;]<\/p>\n","protected":false},"featured_media":43936,"comment_status":"open","ping_status":"closed","template":"","meta":[],"product_brand":[4235],"product_cat":[4027,2729,2497,4569,4534],"product_tag":[],"class_list":{"0":"post-43935","1":"product","2":"type-product","3":"status-publish","4":"has-post-thumbnail","6":"product_brand-yanmar","7":"product_cat-aceite-de-la-caja-de-cambios","8":"product_cat-aceites-y-liquidos","9":"product_cat-piezas-de-mantenimiento-del-motor","10":"product_cat-piezas-de-recambio-yanmar-saildrive","11":"product_cat-piezas-de-servicio-yanmar","12":"pa_condition-nuevo","13":"pa_model-sd20","14":"pa_model-sd25","15":"pa_model-sd30","16":"pa_model-sd40","17":"pa_model-sd50","18":"pa_oem-or-aftermarket-oem","20":"first","21":"instock","22":"taxable","23":"shipping-taxable","24":"purchasable","25":"product-type-simple"},"supplier_id":32143,"supplier_sku":"","barcode":null,"atum_controlled":true,"out_stock_date":null,"out_stock_threshold":null,"inheritable":false,"inbound_stock":0,"stock_on_hold":2,"sold_today":0,"sales_last_days":0,"reserved_stock":0,"customer_returns":0,"warehouse_damage":0,"lost_in_post":0,"other_logs":0,"out_stock_days":0,"lost_sales":0,"has_location":false,"update_date":"2026-03-05T15:26:51","atum_locations":[],"atum_stock_status":"instock","restock_status":false,"low_stock_amount":1,"sales_update_date":"2026-03-05T15:26:51","calc_backorders":0,"_links":{"self":[{"href":"https:\/\/mps.digital-monkey.in\/es\/wp-json\/wp\/v2\/product\/43935","targetHints":{"allow":["GET"]}}],"collection":[{"href":"https:\/\/mps.digital-monkey.in\/es\/wp-json\/wp\/v2\/product"}],"about":[{"href":"https:\/\/mps.digital-monkey.in\/es\/wp-json\/wp\/v2\/types\/product"}],"replies":[{"embeddable":true,"href":"https:\/\/mps.digital-monkey.in\/es\/wp-json\/wp\/v2\/comments?post=43935"}],"wp:featuredmedia":[{"embeddable":true,"href":"https:\/\/mps.digital-monkey.in\/es\/wp-json\/wp\/v2\/media\/43936"}],"wp:attachment":[{"href":"https:\/\/mps.digital-monkey.in\/es\/wp-json\/wp\/v2\/media?parent=43935"}],"wp:term":[{"taxonomy":"product_brand","embeddable":true,"href":"https:\/\/mps.digital-monkey.in\/es\/wp-json\/wp\/v2\/product_brand?post=43935"},{"taxonomy":"product_cat","embeddable":true,"href":"https:\/\/mps.digital-monkey.in\/es\/wp-json\/wp\/v2\/product_cat?post=43935"},{"taxonomy":"product_tag","embeddable":true,"href":"https:\/\/mps.digital-monkey.in\/es\/wp-json\/wp\/v2\/product_tag?post=43935"}],"curies":[{"name":"wp","href":"https:\/\/api.w.org\/{rel}","templated":true}]}}