{"id":43984,"date":"2025-11-25T08:46:44","date_gmt":"2025-11-25T08:46:44","guid":{"rendered":"https:\/\/mps.digital-monkey.in\/product\/juego-de-anodos-volvo-penta-saildrive-de-3-palas-de-aluminio-pernos-incluidos\/"},"modified":"2025-12-18T10:38:58","modified_gmt":"2025-12-18T10:38:58","slug":"juego-de-anodos-volvo-penta-saildrive-de-3-palas-de-aluminio-pernos-incluidos","status":"publish","type":"product","link":"https:\/\/mps.digital-monkey.in\/es\/product\/juego-de-anodos-volvo-penta-saildrive-de-3-palas-de-aluminio-pernos-incluidos\/","title":{"rendered":"Juego de \u00e1nodos Volvo Penta &#8211; Saildrive de 3 palas de aluminio (pernos incluidos)"},"content":{"rendered":"<p data-start=\"519\" data-end=\"843\">El <strong data-start=\"523\" data-end=\"576\">Juego de \u00e1nodos de aluminio Saildrive de 3 palas Volvo Penta<\/strong> proporciona una protecci\u00f3n eficaz contra la corrosi\u00f3n para las unidades Saildrive equipadas con una h\u00e9lice de tres palas. Este \u00e1nodo de aluminio de alta calidad est\u00e1 dise\u00f1ado para <strong data-start=\"726\" data-end=\"767\">entornos de aguas salobres y mixtas<\/strong>, y ofrece una protecci\u00f3n duradera para la carcasa y la h\u00e9lice de tu Saildrive. <\/p>\n<p data-start=\"845\" data-end=\"931\">El kit viene <strong data-start=\"859\" data-end=\"891\">completo con pernos de montaje<\/strong>, para que la instalaci\u00f3n sea sencilla y segura.<\/p>\n<p data-start=\"933\" data-end=\"952\"><strong data-start=\"933\" data-end=\"950\">Adecuado para:<\/strong><\/p>\n<ul data-start=\"953\" data-end=\"1056\">\n<li data-start=\"953\" data-end=\"1010\">\n<p data-start=\"955\" data-end=\"1010\">Sistemas Saildrive Volvo Penta con h\u00e9lices de 3 palas<\/p>\n<\/li>\n<li data-start=\"1011\" data-end=\"1056\">\n<p data-start=\"1013\" data-end=\"1056\">Uso en aguas salobres o mixtas<\/p>\n<\/li>\n<\/ul>\n<p data-start=\"1058\" data-end=\"1073\"><strong data-start=\"1058\" data-end=\"1071\">Material:<\/strong><\/p>\n<ul data-start=\"1074\" data-end=\"1124\">\n<li data-start=\"1074\" data-end=\"1124\">\n<p data-start=\"1076\" data-end=\"1124\"><strong data-start=\"1076\" data-end=\"1089\">Aluminio<\/strong> &#8211; recomendado para agua salobre<\/p>\n<\/li>\n<\/ul>\n<h3 data-start=\"1131\" data-end=\"1156\"><strong data-start=\"1137\" data-end=\"1154\">Caracter\u00edsticas principales:<\/strong><\/h3>\n<ul data-start=\"1157\" data-end=\"1404\">\n<li data-start=\"1157\" data-end=\"1219\">\n<p data-start=\"1159\" data-end=\"1219\">Kit completo de \u00e1nodos de aluminio para sistemas Saildrive de 3 palas<\/p>\n<\/li>\n<li data-start=\"1220\" data-end=\"1247\">\n<p data-start=\"1222\" data-end=\"1247\">Incluye pernos de montaje<\/p>\n<\/li>\n<li data-start=\"1248\" data-end=\"1285\">\n<p data-start=\"1250\" data-end=\"1285\">Protecci\u00f3n duradera contra la corrosi\u00f3n<\/p>\n<\/li>\n<li data-start=\"1286\" data-end=\"1324\">\n<p data-start=\"1288\" data-end=\"1324\">Ideal para aguas salobres y mixtas<\/p>\n<\/li>\n<li data-start=\"1325\" data-end=\"1369\">\n<p data-start=\"1327\" data-end=\"1369\">Protege la carcasa del Saildrive y la h\u00e9lice<\/p>\n<\/li>\n<li data-start=\"1370\" data-end=\"1404\">\n<p data-start=\"1372\" data-end=\"1404\">\u00c1nodo de recambio de alta calidad<\/p>\n<\/li>\n<\/ul>\n","protected":false},"excerpt":{"rendered":"<p>El Juego de \u00e1nodos de aluminio Saildrive de 3 palas Volvo Penta proporciona una protecci\u00f3n eficaz contra la corrosi\u00f3n para las unidades Saildrive equipadas con una h\u00e9lice de tres palas. Este \u00e1nodo de aluminio de alta calidad est\u00e1 dise\u00f1ado para entornos de aguas salobres y mixtas, y ofrece una protecci\u00f3n duradera para la carcasa y [&hellip;]<\/p>\n","protected":false},"featured_media":43985,"comment_status":"open","ping_status":"closed","template":"","meta":[],"product_brand":[4229],"product_cat":[4486,3182,4522,2497,4302],"product_tag":[],"class_list":{"0":"post-43984","1":"product","2":"type-product","3":"status-publish","4":"has-post-thumbnail","6":"product_brand-volvo-penta","7":"product_cat-necesitas-piezas-volvo-penta","8":"product_cat-anodos","9":"product_cat-anodos-volvo-penta","10":"product_cat-piezas-de-mantenimiento-del-motor","11":"product_cat-volvo-penta","12":"pa_condition-nuevo","13":"pa_oem-or-aftermarket-posventa","15":"first","16":"onbackorder","17":"taxable","18":"shipping-taxable","19":"purchasable","20":"product-type-simple"},"supplier_id":45614,"supplier_sku":"KITVOLVOELICA3PALE-AL","barcode":null,"atum_controlled":true,"out_stock_date":"2025-11-25 08:46:47","out_stock_threshold":null,"inheritable":false,"inbound_stock":0,"stock_on_hold":0,"sold_today":0,"sales_last_days":0,"reserved_stock":0,"customer_returns":0,"warehouse_damage":0,"lost_in_post":0,"other_logs":0,"out_stock_days":65,"lost_sales":0,"has_location":false,"update_date":"2026-01-29T09:10:18","atum_locations":[],"atum_stock_status":"onbackorder","restock_status":false,"low_stock_amount":1,"sales_update_date":"2026-01-29T09:10:18","calc_backorders":null,"_links":{"self":[{"href":"https:\/\/mps.digital-monkey.in\/es\/wp-json\/wp\/v2\/product\/43984","targetHints":{"allow":["GET"]}}],"collection":[{"href":"https:\/\/mps.digital-monkey.in\/es\/wp-json\/wp\/v2\/product"}],"about":[{"href":"https:\/\/mps.digital-monkey.in\/es\/wp-json\/wp\/v2\/types\/product"}],"replies":[{"embeddable":true,"href":"https:\/\/mps.digital-monkey.in\/es\/wp-json\/wp\/v2\/comments?post=43984"}],"wp:featuredmedia":[{"embeddable":true,"href":"https:\/\/mps.digital-monkey.in\/es\/wp-json\/wp\/v2\/media\/43985"}],"wp:attachment":[{"href":"https:\/\/mps.digital-monkey.in\/es\/wp-json\/wp\/v2\/media?parent=43984"}],"wp:term":[{"taxonomy":"product_brand","embeddable":true,"href":"https:\/\/mps.digital-monkey.in\/es\/wp-json\/wp\/v2\/product_brand?post=43984"},{"taxonomy":"product_cat","embeddable":true,"href":"https:\/\/mps.digital-monkey.in\/es\/wp-json\/wp\/v2\/product_cat?post=43984"},{"taxonomy":"product_tag","embeddable":true,"href":"https:\/\/mps.digital-monkey.in\/es\/wp-json\/wp\/v2\/product_tag?post=43984"}],"curies":[{"name":"wp","href":"https:\/\/api.w.org\/{rel}","templated":true}]}}