{"id":43993,"date":"2025-11-25T09:10:27","date_gmt":"2025-11-25T09:10:27","guid":{"rendered":"https:\/\/mps.digital-monkey.in\/product\/kit-de-anodo-volvo-penta-saildrive-de-3-palas-de-magnesio-incluye-pernos\/"},"modified":"2025-12-18T10:39:05","modified_gmt":"2025-12-18T10:39:05","slug":"kit-de-anodo-volvo-penta-saildrive-de-3-palas-de-magnesio-incluye-pernos","status":"publish","type":"product","link":"https:\/\/mps.digital-monkey.in\/es\/producto\/kit-de-anodo-volvo-penta-saildrive-de-3-palas-de-magnesio-incluye-pernos\/","title":{"rendered":"Kit de \u00e1nodo Volvo Penta - Saildrive de 3 palas de magnesio (incluye pernos)"},"content":{"rendered":"<p data-start=\"511\" data-end=\"704\">El <strong data-start=\"515\" data-end=\"568\">Kit de \u00e1nodo de magnesio para Saildrive<\/strong> de <strong data-start=\"638\" data-end=\"660\">3 palas<\/strong> <strong data-start=\"515\" data-end=\"568\">Volvo Penta<\/strong> ofrece una protecci\u00f3n superior contra la corrosi\u00f3n para las unidades Saildrive equipadas con <strong data-start=\"638\" data-end=\"660\">h\u00e9lices de 3 palas<\/strong> que funcionan en <strong data-start=\"674\" data-end=\"701\">entornos de agua dulce<\/strong>.<\/p>\n<p data-start=\"706\" data-end=\"875\">Los \u00e1nodos de magnesio proporcionan la mayor actividad electroqu\u00edmica, lo que los convierte en la mejor elecci\u00f3n para una m\u00e1xima protecci\u00f3n contra la corrosi\u00f3n en lagos y otras aplicaciones de agua dulce.<\/p>\n<p data-start=\"877\" data-end=\"960\">Este kit incluye <strong data-start=\"895\" data-end=\"926\">todos los pernos de montaje necesarios<\/strong> para una instalaci\u00f3n r\u00e1pida y fiable.<\/p>\n<p data-start=\"962\" data-end=\"981\"><strong data-start=\"962\" data-end=\"979\">Adecuado para:<\/strong><\/p>\n<ul data-start=\"982\" data-end=\"1058\">\n<li data-start=\"982\" data-end=\"1039\">\n<p data-start=\"984\" data-end=\"1039\">Sistemas Saildrive Volvo Penta con h\u00e9lices de 3 palas<\/p>\n<\/li>\n<li data-start=\"1040\" data-end=\"1058\">\n<p data-start=\"1042\" data-end=\"1058\">Uso de agua dulce<\/p>\n<\/li>\n<\/ul>\n<p data-start=\"1060\" data-end=\"1075\"><strong data-start=\"1060\" data-end=\"1073\">Material:<\/strong><\/p>\n<ul data-start=\"1076\" data-end=\"1127\">\n<li data-start=\"1076\" data-end=\"1127\">\n<p data-start=\"1078\" data-end=\"1127\"><strong data-start=\"1078\" data-end=\"1096\">Magnesio (Mg<\/strong> ) - recomendado para agua dulce<\/p>\n<\/li>\n<\/ul>\n<h3 data-start=\"1134\" data-end=\"1159\"><strong data-start=\"1140\" data-end=\"1157\">Caracter\u00edsticas principales:<\/strong><\/h3>\n<ul data-start=\"1160\" data-end=\"1373\">\n<li data-start=\"1160\" data-end=\"1215\">\n<p data-start=\"1162\" data-end=\"1215\">Kit completo de \u00e1nodos de magnesio para Saildrives de 3 palas<\/p>\n<\/li>\n<li data-start=\"1216\" data-end=\"1243\">\n<p data-start=\"1218\" data-end=\"1243\">Incluye pernos de montaje<\/p>\n<\/li>\n<li data-start=\"1244\" data-end=\"1290\">\n<p data-start=\"1246\" data-end=\"1290\">M\u00e1xima protecci\u00f3n contra la corrosi\u00f3n en agua dulce<\/p>\n<\/li>\n<li data-start=\"1291\" data-end=\"1335\">\n<p data-start=\"1293\" data-end=\"1335\">Protege la carcasa del Saildrive y la h\u00e9lice<\/p>\n<\/li>\n<li data-start=\"1336\" data-end=\"1373\">\n<p data-start=\"1338\" data-end=\"1373\">\u00c1nodos de alta calidad y larga duraci\u00f3n<\/p>\n<\/li>\n<\/ul>\n","protected":false},"excerpt":{"rendered":"<p>El Kit de \u00e1nodo de magnesio para Saildrive de 3 palas Volvo Penta ofrece una protecci\u00f3n superior contra la corrosi\u00f3n para las unidades Saildrive equipadas con h\u00e9lices de 3 palas que funcionan en entornos de agua dulce. Los \u00e1nodos de magnesio proporcionan la mayor actividad electroqu\u00edmica, lo que los convierte en la mejor elecci\u00f3n para [&hellip;]<\/p>\n","protected":false},"featured_media":43994,"comment_status":"open","ping_status":"closed","template":"","meta":[],"product_brand":[4229],"product_cat":[4486,3182,4522,2497,4302],"product_tag":[],"class_list":{"0":"post-43993","1":"product","2":"type-product","3":"status-publish","4":"has-post-thumbnail","6":"product_brand-volvo-penta","7":"product_cat-necesitas-piezas-volvo-penta","8":"product_cat-anodos","9":"product_cat-anodos-volvo-penta","10":"product_cat-piezas-de-mantenimiento-del-motor","11":"product_cat-volvo-penta","12":"pa_condition-nuevo","13":"pa_oem-or-aftermarket-posventa","15":"first","16":"onbackorder","17":"sale","18":"taxable","19":"shipping-taxable","20":"purchasable","21":"product-type-simple"},"supplier_id":45614,"supplier_sku":"KITVOLVOELICA3PALE-MG","barcode":null,"atum_controlled":true,"out_stock_date":"2025-11-25 09:10:30","out_stock_threshold":null,"inheritable":false,"inbound_stock":0,"stock_on_hold":0,"sold_today":0,"sales_last_days":0,"reserved_stock":0,"customer_returns":0,"warehouse_damage":0,"lost_in_post":0,"other_logs":0,"out_stock_days":65,"lost_sales":0,"has_location":false,"update_date":"2026-01-29T09:10:32","atum_locations":[],"atum_stock_status":"onbackorder","restock_status":false,"low_stock_amount":1,"sales_update_date":"2026-01-29T09:10:32","calc_backorders":null,"_links":{"self":[{"href":"https:\/\/mps.digital-monkey.in\/es\/wp-json\/wp\/v2\/product\/43993","targetHints":{"allow":["GET"]}}],"collection":[{"href":"https:\/\/mps.digital-monkey.in\/es\/wp-json\/wp\/v2\/product"}],"about":[{"href":"https:\/\/mps.digital-monkey.in\/es\/wp-json\/wp\/v2\/types\/product"}],"replies":[{"embeddable":true,"href":"https:\/\/mps.digital-monkey.in\/es\/wp-json\/wp\/v2\/comments?post=43993"}],"wp:featuredmedia":[{"embeddable":true,"href":"https:\/\/mps.digital-monkey.in\/es\/wp-json\/wp\/v2\/media\/43994"}],"wp:attachment":[{"href":"https:\/\/mps.digital-monkey.in\/es\/wp-json\/wp\/v2\/media?parent=43993"}],"wp:term":[{"taxonomy":"product_brand","embeddable":true,"href":"https:\/\/mps.digital-monkey.in\/es\/wp-json\/wp\/v2\/product_brand?post=43993"},{"taxonomy":"product_cat","embeddable":true,"href":"https:\/\/mps.digital-monkey.in\/es\/wp-json\/wp\/v2\/product_cat?post=43993"},{"taxonomy":"product_tag","embeddable":true,"href":"https:\/\/mps.digital-monkey.in\/es\/wp-json\/wp\/v2\/product_tag?post=43993"}],"curies":[{"name":"wp","href":"https:\/\/api.w.org\/{rel}","templated":true}]}}