{"id":44002,"date":"2025-11-25T09:25:56","date_gmt":"2025-11-25T09:25:56","guid":{"rendered":"https:\/\/mps.digital-monkey.in\/product\/kit-anodo-volvo-penta-xdp-b-zinc-completo-con-tornilleria\/"},"modified":"2025-12-18T10:39:13","modified_gmt":"2025-12-18T10:39:13","slug":"kit-anodo-volvo-penta-xdp-b-zinc-completo-con-tornilleria","status":"publish","type":"product","link":"https:\/\/mps.digital-monkey.in\/es\/producto\/kit-anodo-volvo-penta-xdp-b-zinc-completo-con-tornilleria\/","title":{"rendered":"Kit \u00e1nodo Volvo Penta XDP-B - Zinc | Completo con torniller\u00eda"},"content":{"rendered":"<p data-start=\"494\" data-end=\"784\">El <strong data-start=\"498\" data-end=\"534\">kit de \u00e1nodos Volvo <\/strong> Penta <strong data-start=\"498\" data-end=\"534\">XDP-B Zinc <\/strong> proporciona una protecci\u00f3n anticorrosi\u00f3n esencial para los propulsores de popa Volvo Penta XDP-B que funcionan en <strong data-start=\"622\" data-end=\"648\">entornos de agua salada<\/strong>. Este juego de \u00e1nodos de zinc de alta calidad garantiza una protecci\u00f3n eficaz de los componentes met\u00e1licos sumergidos, ayudando a prolongar la vida \u00fatil de tu propulsor. <\/p>\n<p data-start=\"786\" data-end=\"898\">El kit viene <strong data-start=\"800\" data-end=\"848\">completo con la torniller\u00eda de montaje necesaria<\/strong>, lo que garantiza una instalaci\u00f3n r\u00e1pida, directa y segura.<\/p>\n<p data-start=\"900\" data-end=\"919\"><strong data-start=\"900\" data-end=\"917\">Adecuado para:<\/strong><\/p>\n<ul data-start=\"920\" data-end=\"953\">\n<li data-start=\"920\" data-end=\"953\">\n<p data-start=\"922\" data-end=\"953\">Propulsores de popa Volvo Penta XDP-B<\/p>\n<\/li>\n<\/ul>\n<p data-start=\"955\" data-end=\"970\"><strong data-start=\"955\" data-end=\"968\">Material:<\/strong><\/p>\n<ul data-start=\"971\" data-end=\"1020\">\n<li data-start=\"971\" data-end=\"1020\">\n<p data-start=\"973\" data-end=\"1020\"><strong data-start=\"973\" data-end=\"986\">Zinc (Zn<\/strong> ) - recomendado para agua salada<\/p>\n<\/li>\n<\/ul>\n<h3 data-start=\"1027\" data-end=\"1052\"><strong data-start=\"1033\" data-end=\"1050\">Caracter\u00edsticas principales:<\/strong><\/h3>\n<ul data-start=\"1053\" data-end=\"1271\">\n<li data-start=\"1053\" data-end=\"1102\">\n<p data-start=\"1055\" data-end=\"1102\">Kit completo de \u00e1nodos de zinc para Volvo Penta XDP-B<\/p>\n<\/li>\n<li data-start=\"1103\" data-end=\"1133\">\n<p data-start=\"1105\" data-end=\"1133\">Incluye torniller\u00eda de montaje<\/p>\n<\/li>\n<li data-start=\"1134\" data-end=\"1178\">\n<p data-start=\"1136\" data-end=\"1178\">Ideal para la protecci\u00f3n contra la corrosi\u00f3n en agua salada<\/p>\n<\/li>\n<li data-start=\"1179\" data-end=\"1233\">\n<p data-start=\"1181\" data-end=\"1233\">Protege el propulsor de popa y otros componentes sumergidos<\/p>\n<\/li>\n<li data-start=\"1234\" data-end=\"1271\">\n<p data-start=\"1236\" data-end=\"1271\">\u00c1nodos de alta calidad y larga duraci\u00f3n<\/p>\n<\/li>\n<\/ul>\n","protected":false},"excerpt":{"rendered":"<p>El kit de \u00e1nodos Volvo Penta XDP-B Zinc proporciona una protecci\u00f3n anticorrosi\u00f3n esencial para los propulsores de popa Volvo Penta XDP-B que funcionan en entornos de agua salada. Este juego de \u00e1nodos de zinc de alta calidad garantiza una protecci\u00f3n eficaz de los componentes met\u00e1licos sumergidos, ayudando a prolongar la vida \u00fatil de tu propulsor. [&hellip;]<\/p>\n","protected":false},"featured_media":44003,"comment_status":"open","ping_status":"closed","template":"","meta":[],"product_brand":[4229],"product_cat":[4486,3182,4522,2497,4302],"product_tag":[],"class_list":{"0":"post-44002","1":"product","2":"type-product","3":"status-publish","4":"has-post-thumbnail","6":"product_brand-volvo-penta","7":"product_cat-necesitas-piezas-volvo-penta","8":"product_cat-anodos","9":"product_cat-anodos-volvo-penta","10":"product_cat-piezas-de-mantenimiento-del-motor","11":"product_cat-volvo-penta","12":"pa_condition-nuevo","13":"pa_oem-or-aftermarket-posventa","15":"first","16":"onbackorder","17":"sale","18":"taxable","19":"shipping-taxable","20":"purchasable","21":"product-type-simple"},"supplier_id":45614,"supplier_sku":"KITVOLVO-XDP-B","barcode":null,"atum_controlled":true,"out_stock_date":"2025-11-25 09:25:59","out_stock_threshold":null,"inheritable":false,"inbound_stock":0,"stock_on_hold":0,"sold_today":0,"sales_last_days":0,"reserved_stock":0,"customer_returns":0,"warehouse_damage":0,"lost_in_post":0,"other_logs":0,"out_stock_days":23,"lost_sales":0,"has_location":false,"update_date":"2025-12-18T10:39:28","atum_locations":[],"atum_stock_status":"onbackorder","restock_status":false,"low_stock_amount":1,"sales_update_date":"2025-12-18T10:37:15","calc_backorders":null,"_links":{"self":[{"href":"https:\/\/mps.digital-monkey.in\/es\/wp-json\/wp\/v2\/product\/44002","targetHints":{"allow":["GET"]}}],"collection":[{"href":"https:\/\/mps.digital-monkey.in\/es\/wp-json\/wp\/v2\/product"}],"about":[{"href":"https:\/\/mps.digital-monkey.in\/es\/wp-json\/wp\/v2\/types\/product"}],"replies":[{"embeddable":true,"href":"https:\/\/mps.digital-monkey.in\/es\/wp-json\/wp\/v2\/comments?post=44002"}],"wp:featuredmedia":[{"embeddable":true,"href":"https:\/\/mps.digital-monkey.in\/es\/wp-json\/wp\/v2\/media\/44003"}],"wp:attachment":[{"href":"https:\/\/mps.digital-monkey.in\/es\/wp-json\/wp\/v2\/media?parent=44002"}],"wp:term":[{"taxonomy":"product_brand","embeddable":true,"href":"https:\/\/mps.digital-monkey.in\/es\/wp-json\/wp\/v2\/product_brand?post=44002"},{"taxonomy":"product_cat","embeddable":true,"href":"https:\/\/mps.digital-monkey.in\/es\/wp-json\/wp\/v2\/product_cat?post=44002"},{"taxonomy":"product_tag","embeddable":true,"href":"https:\/\/mps.digital-monkey.in\/es\/wp-json\/wp\/v2\/product_tag?post=44002"}],"curies":[{"name":"wp","href":"https:\/\/api.w.org\/{rel}","templated":true}]}}