{"id":44014,"date":"2025-11-25T09:41:34","date_gmt":"2025-11-25T09:41:34","guid":{"rendered":"https:\/\/mps.digital-monkey.in\/product\/kit-anodo-volvo-penta-accionamiento-ips-zinc-y-aluminio-21174476\/"},"modified":"2025-12-18T10:39:20","modified_gmt":"2025-12-18T10:39:20","slug":"kit-anodo-volvo-penta-accionamiento-ips-zinc-y-aluminio-21174476","status":"publish","type":"product","link":"https:\/\/mps.digital-monkey.in\/es\/producto\/kit-anodo-volvo-penta-accionamiento-ips-zinc-y-aluminio-21174476\/","title":{"rendered":"Kit \u00c1nodo Volvo Penta - Accionamiento IPS (Zinc y Aluminio) | 21174476"},"content":{"rendered":"<p data-start=\"508\" data-end=\"812\">Este <strong data-start=\"513\" data-end=\"553\">kit de \u00e1nodos Volvo Penta para propulsiones<\/strong> IPS proporciona una protecci\u00f3n completa contra la corrosi\u00f3n mediante una combinaci\u00f3n de <strong data-start=\"616\" data-end=\"645\">\u00e1nodos de zinc y aluminio<\/strong>. Dise\u00f1ado para ser fiable, este kit es adecuado para una amplia gama de condiciones de funcionamiento y garantiza una protecci\u00f3n eficaz de tu sistema de propulsi\u00f3n Volvo Penta IPS. <\/p>\n<p data-start=\"814\" data-end=\"1033\">La configuraci\u00f3n de metal mixto est\u00e1 dise\u00f1ada para ofrecer una protecci\u00f3n \u00f3ptima tanto si tu embarcaci\u00f3n opera en <strong data-start=\"910\" data-end=\"962\">agua salada, salobre o en entornos mixtos<\/strong>, ayudando a prolongar la vida \u00fatil de tu unidad motriz y las h\u00e9lices.<\/p>\n<p data-start=\"1035\" data-end=\"1067\"><strong data-start=\"1035\" data-end=\"1065\">Sustituye \/ Corresponde a:<\/strong><\/p>\n<ul data-start=\"1068\" data-end=\"1094\">\n<li data-start=\"1068\" data-end=\"1094\">\n<p data-start=\"1070\" data-end=\"1094\"><strong data-start=\"1070\" data-end=\"1094\">Volvo Penta 21174476<\/strong><\/p>\n<\/li>\n<\/ul>\n<p data-start=\"1096\" data-end=\"1115\"><strong data-start=\"1096\" data-end=\"1113\">Adecuado para:<\/strong><\/p>\n<ul data-start=\"1116\" data-end=\"1178\">\n<li data-start=\"1116\" data-end=\"1178\">\n<p data-start=\"1118\" data-end=\"1178\"><strong data-start=\"1130\" data-end=\"1144\">Propulsiones<\/strong> Volvo Penta <strong data-start=\"1130\" data-end=\"1144\">IPS<\/strong> (todos los modelos que utilizan este juego de \u00e1nodos)<\/p>\n<\/li>\n<\/ul>\n<h3 data-start=\"1185\" data-end=\"1210\"><strong data-start=\"1191\" data-end=\"1208\">Caracter\u00edsticas principales:<\/strong><\/h3>\n<ul data-start=\"1211\" data-end=\"1499\">\n<li data-start=\"1211\" data-end=\"1255\">\n<p data-start=\"1213\" data-end=\"1255\">Kit completo de \u00e1nodos para sistemas de accionamiento IPS<\/p>\n<\/li>\n<li data-start=\"1256\" data-end=\"1330\">\n<p data-start=\"1258\" data-end=\"1330\">Combinaci\u00f3n de <strong data-start=\"1273\" data-end=\"1293\">zinc + aluminio<\/strong> para una amplia compatibilidad con el agua<\/p>\n<\/li>\n<li data-start=\"1331\" data-end=\"1398\">\n<p data-start=\"1333\" data-end=\"1398\">Ayuda a evitar la corrosi\u00f3n galv\u00e1nica en la unidad IPS y las h\u00e9lices<\/p>\n<\/li>\n<li data-start=\"1399\" data-end=\"1448\">\n<p data-start=\"1401\" data-end=\"1448\">Fabricado para igualar el ajuste y el rendimiento del OEM<\/p>\n<\/li>\n<li data-start=\"1449\" data-end=\"1499\">\n<p data-start=\"1451\" data-end=\"1499\">F\u00e1cil instalaci\u00f3n con todos los componentes incluidos<\/p>\n<\/li>\n<\/ul>\n<h3 data-start=\"1506\" data-end=\"1532\"><\/h3>\n","protected":false},"excerpt":{"rendered":"<p>Este kit de \u00e1nodos Volvo Penta para propulsiones IPS proporciona una protecci\u00f3n completa contra la corrosi\u00f3n mediante una combinaci\u00f3n de \u00e1nodos de zinc y aluminio. Dise\u00f1ado para ser fiable, este kit es adecuado para una amplia gama de condiciones de funcionamiento y garantiza una protecci\u00f3n eficaz de tu sistema de propulsi\u00f3n Volvo Penta IPS. La [&hellip;]<\/p>\n","protected":false},"featured_media":44015,"comment_status":"open","ping_status":"closed","template":"","meta":[],"product_brand":[4229],"product_cat":[4486,3182,4522,2497,4302],"product_tag":[],"class_list":{"0":"post-44014","1":"product","2":"type-product","3":"status-publish","4":"has-post-thumbnail","6":"product_brand-volvo-penta","7":"product_cat-necesitas-piezas-volvo-penta","8":"product_cat-anodos","9":"product_cat-anodos-volvo-penta","10":"product_cat-piezas-de-mantenimiento-del-motor","11":"product_cat-volvo-penta","12":"pa_condition-nuevo","13":"pa_oem-or-aftermarket-posventa","15":"first","16":"onbackorder","17":"sale","18":"taxable","19":"shipping-taxable","20":"purchasable","21":"product-type-simple"},"supplier_id":45614,"supplier_sku":"KITVOLVOIPS","barcode":null,"atum_controlled":true,"out_stock_date":"2025-11-25 09:41:37","out_stock_threshold":null,"inheritable":false,"inbound_stock":0,"stock_on_hold":0,"sold_today":0,"sales_last_days":0,"reserved_stock":0,"customer_returns":0,"warehouse_damage":0,"lost_in_post":0,"other_logs":0,"out_stock_days":23,"lost_sales":0,"has_location":false,"update_date":"2025-12-18T10:39:28","atum_locations":[],"atum_stock_status":"onbackorder","restock_status":false,"low_stock_amount":1,"sales_update_date":"2025-12-18T10:37:15","calc_backorders":null,"_links":{"self":[{"href":"https:\/\/mps.digital-monkey.in\/es\/wp-json\/wp\/v2\/product\/44014","targetHints":{"allow":["GET"]}}],"collection":[{"href":"https:\/\/mps.digital-monkey.in\/es\/wp-json\/wp\/v2\/product"}],"about":[{"href":"https:\/\/mps.digital-monkey.in\/es\/wp-json\/wp\/v2\/types\/product"}],"replies":[{"embeddable":true,"href":"https:\/\/mps.digital-monkey.in\/es\/wp-json\/wp\/v2\/comments?post=44014"}],"wp:featuredmedia":[{"embeddable":true,"href":"https:\/\/mps.digital-monkey.in\/es\/wp-json\/wp\/v2\/media\/44015"}],"wp:attachment":[{"href":"https:\/\/mps.digital-monkey.in\/es\/wp-json\/wp\/v2\/media?parent=44014"}],"wp:term":[{"taxonomy":"product_brand","embeddable":true,"href":"https:\/\/mps.digital-monkey.in\/es\/wp-json\/wp\/v2\/product_brand?post=44014"},{"taxonomy":"product_cat","embeddable":true,"href":"https:\/\/mps.digital-monkey.in\/es\/wp-json\/wp\/v2\/product_cat?post=44014"},{"taxonomy":"product_tag","embeddable":true,"href":"https:\/\/mps.digital-monkey.in\/es\/wp-json\/wp\/v2\/product_tag?post=44014"}],"curies":[{"name":"wp","href":"https:\/\/api.w.org\/{rel}","templated":true}]}}