{"id":44021,"date":"2025-11-25T09:54:28","date_gmt":"2025-11-25T09:54:28","guid":{"rendered":"https:\/\/mps.digital-monkey.in\/product\/kit-segmentos-piston-volvo-penta-d2-40-3812474\/"},"modified":"2025-11-25T09:54:28","modified_gmt":"2025-11-25T09:54:28","slug":"kit-segmentos-piston-volvo-penta-d2-40-3812474","status":"publish","type":"product","link":"https:\/\/mps.digital-monkey.in\/es\/producto\/kit-segmentos-piston-volvo-penta-d2-40-3812474\/","title":{"rendered":"Kit segmentos pist\u00f3n Volvo Penta D2-40 | 3812474"},"content":{"rendered":"<p data-start=\"493\" data-end=\"772\">Este <strong data-start=\"498\" data-end=\"517\">kit de segmentos de pist\u00f3n<\/strong> es adecuado para todas las versiones del <strong data-start=\"554\" data-end=\"589\">motor diesel Volvo Penta D2-40<\/strong>, y ofrece un rendimiento fiable y excelentes propiedades de sellado. Fabricado conforme a las normas m\u00e1s exigentes, constituye una opci\u00f3n de recambio fiable para las revisiones o reconstrucciones rutinarias del motor. <\/p>\n<p data-start=\"774\" data-end=\"813\">Compatible con los siguientes modelos:<\/p>\n<ul data-start=\"814\" data-end=\"855\">\n<li data-start=\"814\" data-end=\"827\">\n<p data-start=\"816\" data-end=\"827\"><strong data-start=\"816\" data-end=\"825\">D2-40<\/strong><\/p>\n<\/li>\n<li data-start=\"828\" data-end=\"842\">\n<p data-start=\"830\" data-end=\"842\"><strong data-start=\"830\" data-end=\"840\">D2-40B<\/strong><\/p>\n<\/li>\n<li data-start=\"843\" data-end=\"855\">\n<p data-start=\"845\" data-end=\"855\"><strong data-start=\"845\" data-end=\"855\">D2-40F<\/strong><\/p>\n<\/li>\n<\/ul>\n<p data-start=\"925\" data-end=\"954\"><strong data-start=\"925\" data-end=\"952\">Dimensiones del anillo del pist\u00f3n:<\/strong><\/p>\n<ul data-start=\"955\" data-end=\"1083\">\n<li data-start=\"955\" data-end=\"978\">\n<p data-start=\"957\" data-end=\"978\">Di\u00e1metro: <strong data-start=\"967\" data-end=\"976\">77 mm<\/strong><\/p>\n<\/li>\n<li data-start=\"979\" data-end=\"1010\">\n<p data-start=\"981\" data-end=\"1010\">Altura del anillo superior: <strong data-start=\"998\" data-end=\"1008\">2,0 mm<\/strong><\/p>\n<\/li>\n<li data-start=\"1011\" data-end=\"1045\">\n<p data-start=\"1013\" data-end=\"1045\">Altura del anillo central: <strong data-start=\"1033\" data-end=\"1043\">1,5 mm<\/strong><\/p>\n<\/li>\n<li data-start=\"1046\" data-end=\"1083\">\n<p data-start=\"1048\" data-end=\"1083\">Altura del anillo de control de aceite: <strong data-start=\"1073\" data-end=\"1083\">3,0 mm<\/strong><\/p>\n<\/li>\n<\/ul>\n<p data-start=\"1085\" data-end=\"1129\"><strong data-start=\"1085\" data-end=\"1127\">Equivalente a la referencia Volvo Penta:<\/strong><\/p>\n<ul data-start=\"1130\" data-end=\"1143\">\n<li data-start=\"1130\" data-end=\"1143\">\n<p data-start=\"1132\" data-end=\"1143\"><strong data-start=\"1132\" data-end=\"1143\">3812474<\/strong><\/p>\n<\/li>\n<\/ul>\n<p data-start=\"1145\" data-end=\"1289\">Este juego de segmentos est\u00e1 dise\u00f1ado para igualar el rendimiento del componente original, garantizando una compresi\u00f3n adecuada, el control del aceite y una larga vida \u00fatil.<\/p>\n<h3 data-start=\"1296\" data-end=\"1321\"><strong data-start=\"1302\" data-end=\"1319\">Caracter\u00edsticas principales:<\/strong><\/h3>\n<ul data-start=\"1322\" data-end=\"1551\">\n<li data-start=\"1322\" data-end=\"1376\">\n<p data-start=\"1324\" data-end=\"1376\">Adecuado para todas las versiones del motor Volvo Penta D2-40<\/p>\n<\/li>\n<li data-start=\"1411\" data-end=\"1466\">\n<p data-start=\"1413\" data-end=\"1466\">Materiales de alta calidad para un rendimiento duradero<\/p>\n<\/li>\n<li data-start=\"1467\" data-end=\"1497\">\n<p data-start=\"1469\" data-end=\"1497\">Coincide con las especificaciones OEM<\/p>\n<\/li>\n<li data-start=\"1498\" data-end=\"1551\">\n<p data-start=\"1500\" data-end=\"1551\">Garantiza una estanqueidad, compresi\u00f3n y control del aceite adecuados<\/p>\n<\/li>\n<\/ul>\n","protected":false},"excerpt":{"rendered":"<p>Este kit de segmentos de pist\u00f3n es adecuado para todas las versiones del motor diesel Volvo Penta D2-40, y ofrece un rendimiento fiable y excelentes propiedades de sellado. Fabricado conforme a las normas m\u00e1s exigentes, constituye una opci\u00f3n de recambio fiable para las revisiones o reconstrucciones rutinarias del motor. Compatible con los siguientes modelos: D2-40 [&hellip;]<\/p>\n","protected":false},"featured_media":44022,"comment_status":"open","ping_status":"closed","template":"","meta":[],"product_brand":[4229],"product_cat":[2518],"product_tag":[],"class_list":{"0":"post-44021","1":"product","2":"type-product","3":"status-publish","4":"has-post-thumbnail","6":"product_brand-volvo-penta","7":"product_cat-piezas-de-motor","8":"pa_condition-nuevo","9":"pa_model-d2-40","10":"pa_model-d2-40b","11":"pa_model-d2-40f","12":"pa_oem-or-aftermarket-posventa","14":"first","15":"instock","16":"taxable","17":"shipping-taxable","18":"purchasable","19":"product-type-simple"},"supplier_id":7294,"supplier_sku":"RM3812474","barcode":null,"atum_controlled":true,"out_stock_date":null,"out_stock_threshold":null,"inheritable":false,"inbound_stock":0,"stock_on_hold":0,"sold_today":0,"sales_last_days":0,"reserved_stock":0,"customer_returns":0,"warehouse_damage":0,"lost_in_post":0,"other_logs":0,"out_stock_days":0,"lost_sales":0,"has_location":false,"update_date":"2026-01-29T09:10:44","atum_locations":[],"atum_stock_status":"instock","restock_status":false,"low_stock_amount":1,"sales_update_date":"2026-01-29T09:10:44","calc_backorders":null,"_links":{"self":[{"href":"https:\/\/mps.digital-monkey.in\/es\/wp-json\/wp\/v2\/product\/44021","targetHints":{"allow":["GET"]}}],"collection":[{"href":"https:\/\/mps.digital-monkey.in\/es\/wp-json\/wp\/v2\/product"}],"about":[{"href":"https:\/\/mps.digital-monkey.in\/es\/wp-json\/wp\/v2\/types\/product"}],"replies":[{"embeddable":true,"href":"https:\/\/mps.digital-monkey.in\/es\/wp-json\/wp\/v2\/comments?post=44021"}],"wp:featuredmedia":[{"embeddable":true,"href":"https:\/\/mps.digital-monkey.in\/es\/wp-json\/wp\/v2\/media\/44022"}],"wp:attachment":[{"href":"https:\/\/mps.digital-monkey.in\/es\/wp-json\/wp\/v2\/media?parent=44021"}],"wp:term":[{"taxonomy":"product_brand","embeddable":true,"href":"https:\/\/mps.digital-monkey.in\/es\/wp-json\/wp\/v2\/product_brand?post=44021"},{"taxonomy":"product_cat","embeddable":true,"href":"https:\/\/mps.digital-monkey.in\/es\/wp-json\/wp\/v2\/product_cat?post=44021"},{"taxonomy":"product_tag","embeddable":true,"href":"https:\/\/mps.digital-monkey.in\/es\/wp-json\/wp\/v2\/product_tag?post=44021"}],"curies":[{"name":"wp","href":"https:\/\/api.w.org\/{rel}","templated":true}]}}