{"id":44030,"date":"2025-11-25T10:04:57","date_gmt":"2025-11-25T10:04:57","guid":{"rendered":"https:\/\/mps.digital-monkey.in\/product\/juego-anillos-piston-volvo-penta-d1-13-d1-20-3812472\/"},"modified":"2025-11-25T10:04:57","modified_gmt":"2025-11-25T10:04:57","slug":"juego-anillos-piston-volvo-penta-d1-13-d1-20-3812472","status":"publish","type":"product","link":"https:\/\/mps.digital-monkey.in\/es\/producto\/juego-anillos-piston-volvo-penta-d1-13-d1-20-3812472\/","title":{"rendered":"Juego Anillos Pist\u00f3n Volvo Penta D1-13 \/ D1-20 | 3812472"},"content":{"rendered":"<p data-start=\"655\" data-end=\"904\">Este <strong data-start=\"660\" data-end=\"679\">juego de segmentos<\/strong> es adecuado para los motores diesel marinos Volvo Penta <strong data-start=\"708\" data-end=\"727\">D1-13 y D1-20<\/strong>. Fabricado para ajustarse a las especificaciones OEM, este juego proporciona un sellado, una compresi\u00f3n y un control del aceite fiables para una eficacia y un rendimiento \u00f3ptimos del motor. <\/p>\n<p data-start=\"906\" data-end=\"1089\">Dise\u00f1ado como recambio directo del juego de segmentos original, garantiza un funcionamiento suave y una combusti\u00f3n uniforme, ideal para reconstruir el motor, realizar tareas de mantenimiento o restablecer el rendimiento.<\/p>\n<p data-start=\"1091\" data-end=\"1143\"><strong data-start=\"1091\" data-end=\"1141\">Adecuado para los siguientes modelos Volvo Penta:<\/strong><\/p>\n<ul data-start=\"1144\" data-end=\"1231\">\n<li data-start=\"1144\" data-end=\"1158\">\n<p data-start=\"1146\" data-end=\"1158\"><strong data-start=\"1146\" data-end=\"1156\">D1-13A<\/strong><\/p>\n<\/li>\n<li data-start=\"1159\" data-end=\"1173\">\n<p data-start=\"1161\" data-end=\"1173\"><strong data-start=\"1161\" data-end=\"1171\">D1-13B<\/strong><\/p>\n<\/li>\n<li data-start=\"1174\" data-end=\"1188\">\n<p data-start=\"1176\" data-end=\"1188\"><strong data-start=\"1176\" data-end=\"1186\">D1-13F<\/strong><\/p>\n<\/li>\n<li data-start=\"1189\" data-end=\"1203\">\n<p data-start=\"1191\" data-end=\"1203\"><strong data-start=\"1191\" data-end=\"1201\">D1-20A<\/strong><\/p>\n<\/li>\n<li data-start=\"1204\" data-end=\"1218\">\n<p data-start=\"1206\" data-end=\"1218\"><strong data-start=\"1206\" data-end=\"1216\">D1-20B<\/strong><\/p>\n<\/li>\n<li data-start=\"1219\" data-end=\"1231\">\n<p data-start=\"1221\" data-end=\"1231\"><strong data-start=\"1221\" data-end=\"1231\">D1-20F<\/strong><\/p>\n<\/li>\n<\/ul>\n<p data-start=\"1233\" data-end=\"1277\"><strong data-start=\"1233\" data-end=\"1275\">Equivalente a la referencia Volvo Penta:<\/strong><\/p>\n<ul data-start=\"1278\" data-end=\"1291\">\n<li data-start=\"1278\" data-end=\"1291\">\n<p data-start=\"1280\" data-end=\"1291\"><strong data-start=\"1280\" data-end=\"1291\">3812472<\/strong><\/p>\n<\/li>\n<\/ul>\n<h2 data-start=\"1350\" data-end=\"1373\"><strong data-start=\"1353\" data-end=\"1371\">Caracter\u00edsticas principales<\/strong><\/h2>\n<ul data-start=\"1374\" data-end=\"1609\">\n<li data-start=\"1374\" data-end=\"1419\">\n<p data-start=\"1376\" data-end=\"1419\">Juego completo de segmentos para un cilindro<\/p>\n<\/li>\n<li data-start=\"1420\" data-end=\"1472\">\n<p data-start=\"1422\" data-end=\"1472\">Adecuado para motores Volvo Penta D1-13 y D1-20<\/p>\n<\/li>\n<li data-start=\"1473\" data-end=\"1515\">\n<p data-start=\"1475\" data-end=\"1515\">Iguala las dimensiones y prestaciones del OEM<\/p>\n<\/li>\n<li data-start=\"1516\" data-end=\"1558\">\n<p data-start=\"1518\" data-end=\"1558\">Garantiza un sellado y una compresi\u00f3n adecuados<\/p>\n<\/li>\n<li data-start=\"1559\" data-end=\"1609\">\n<p data-start=\"1561\" data-end=\"1609\">Ideal para revisiones, reconstrucciones y mantenimiento<\/p>\n<\/li>\n<\/ul>\n<h2 data-start=\"1616\" data-end=\"1640\"><\/h2>\n","protected":false},"excerpt":{"rendered":"<p>Este juego de segmentos es adecuado para los motores diesel marinos Volvo Penta D1-13 y D1-20. Fabricado para ajustarse a las especificaciones OEM, este juego proporciona un sellado, una compresi\u00f3n y un control del aceite fiables para una eficacia y un rendimiento \u00f3ptimos del motor. Dise\u00f1ado como recambio directo del juego de segmentos original, garantiza [&hellip;]<\/p>\n","protected":false},"featured_media":44031,"comment_status":"open","ping_status":"closed","template":"","meta":[],"product_brand":[4229],"product_cat":[2518],"product_tag":[],"class_list":{"0":"post-44030","1":"product","2":"type-product","3":"status-publish","4":"has-post-thumbnail","6":"product_brand-volvo-penta","7":"product_cat-piezas-de-motor","8":"pa_condition-nuevo","9":"pa_model-d1-13","10":"pa_model-d1-20","11":"pa_oem-or-aftermarket-posventa","13":"first","14":"instock","15":"taxable","16":"shipping-taxable","17":"purchasable","18":"product-type-simple"},"supplier_id":7294,"supplier_sku":"RM3812472","barcode":null,"atum_controlled":true,"out_stock_date":null,"out_stock_threshold":null,"inheritable":false,"inbound_stock":0,"stock_on_hold":0,"sold_today":0,"sales_last_days":0,"reserved_stock":0,"customer_returns":0,"warehouse_damage":0,"lost_in_post":0,"other_logs":0,"out_stock_days":0,"lost_sales":0,"has_location":false,"update_date":"2026-01-29T09:10:44","atum_locations":[],"atum_stock_status":"instock","restock_status":false,"low_stock_amount":1,"sales_update_date":"2026-01-29T09:10:44","calc_backorders":null,"_links":{"self":[{"href":"https:\/\/mps.digital-monkey.in\/es\/wp-json\/wp\/v2\/product\/44030","targetHints":{"allow":["GET"]}}],"collection":[{"href":"https:\/\/mps.digital-monkey.in\/es\/wp-json\/wp\/v2\/product"}],"about":[{"href":"https:\/\/mps.digital-monkey.in\/es\/wp-json\/wp\/v2\/types\/product"}],"replies":[{"embeddable":true,"href":"https:\/\/mps.digital-monkey.in\/es\/wp-json\/wp\/v2\/comments?post=44030"}],"wp:featuredmedia":[{"embeddable":true,"href":"https:\/\/mps.digital-monkey.in\/es\/wp-json\/wp\/v2\/media\/44031"}],"wp:attachment":[{"href":"https:\/\/mps.digital-monkey.in\/es\/wp-json\/wp\/v2\/media?parent=44030"}],"wp:term":[{"taxonomy":"product_brand","embeddable":true,"href":"https:\/\/mps.digital-monkey.in\/es\/wp-json\/wp\/v2\/product_brand?post=44030"},{"taxonomy":"product_cat","embeddable":true,"href":"https:\/\/mps.digital-monkey.in\/es\/wp-json\/wp\/v2\/product_cat?post=44030"},{"taxonomy":"product_tag","embeddable":true,"href":"https:\/\/mps.digital-monkey.in\/es\/wp-json\/wp\/v2\/product_tag?post=44030"}],"curies":[{"name":"wp","href":"https:\/\/api.w.org\/{rel}","templated":true}]}}