{"id":44065,"date":"2025-11-25T12:02:00","date_gmt":"2025-11-25T12:02:00","guid":{"rendered":"https:\/\/mps.digital-monkey.in\/product\/yanmar-reten-ciguenal-trasero-serie-3jh-3ym-4jh-123672-01782\/"},"modified":"2026-02-27T10:59:35","modified_gmt":"2026-02-27T10:59:35","slug":"yanmar-reten-ciguenal-trasero-serie-3jh-3ym-4jh-123672-01782","status":"publish","type":"product","link":"https:\/\/mps.digital-monkey.in\/es\/producto\/yanmar-reten-ciguenal-trasero-serie-3jh-3ym-4jh-123672-01782\/","title":{"rendered":"Yanmar Ret\u00e9n Cig\u00fce\u00f1al Trasero | Serie 3JH \/ 3YM \/ 4JH | 123672-01782"},"content":{"rendered":"<p data-start=\"530\" data-end=\"706\">Este <strong data-start=\"535\" data-end=\"559\">ret\u00e9n trasero del cig\u00fce\u00f1al<\/strong> es adecuado para una amplia gama de <strong data-start=\"592\" data-end=\"617\">motores marinos Yanmar<\/strong>, proporcionando un sellado seguro para evitar fugas de aceite y mantener un rendimiento \u00f3ptimo del motor.<\/p>\n<p data-start=\"708\" data-end=\"747\"><strong data-start=\"708\" data-end=\"745\">Los modelos Yanmar compatibles son<\/strong><\/p>\n<ul data-start=\"748\" data-end=\"1146\">\n<li data-start=\"748\" data-end=\"845\">\n<p data-start=\"750\" data-end=\"845\"><strong data-start=\"750\" data-end=\"765\">Serie 3JH:<\/strong> 3JH2, 3JH2-TCE, 3JH2E, 3JH2L, 3JH25A, 3JH3, 3JH3E-YEU-E, 3JH4E, 3JH5AE, 3JH5E<\/p>\n<\/li>\n<li data-start=\"846\" data-end=\"895\">\n<p data-start=\"848\" data-end=\"895\"><strong data-start=\"848\" data-end=\"863\">Serie 3YM:<\/strong> 3YM20, 3YM27A, 3YM30, 3YM30AE<\/p>\n<\/li>\n<li data-start=\"896\" data-end=\"973\">\n<p data-start=\"898\" data-end=\"973\"><strong data-start=\"898\" data-end=\"913\">Serie 4JH:<\/strong> 4JH, 4JH-DTE, 4JH-HTE, 4JH-HTZ, 4JH-HTZAE, 4JH-TE, 4JH-TZ<\/p>\n<\/li>\n<li data-start=\"974\" data-end=\"1039\">\n<p data-start=\"976\" data-end=\"1039\"><strong data-start=\"976\" data-end=\"992\">Serie 4JH2:<\/strong> 4JH2-DTE, 4JH2-HTE, 4JH2-TE, 4JH2-UTE, 4JH2E<\/p>\n<\/li>\n<li data-start=\"1040\" data-end=\"1078\">\n<p data-start=\"1042\" data-end=\"1078\"><strong data-start=\"1042\" data-end=\"1058\">Serie 4JH3:<\/strong> 4JH3-HTE, 4JH3-TE<\/p>\n<\/li>\n<li data-start=\"1079\" data-end=\"1113\">\n<p data-start=\"1081\" data-end=\"1113\"><strong data-start=\"1081\" data-end=\"1097\">Serie 4JH4:<\/strong> 4JH4AE, 4JH4E<\/p>\n<\/li>\n<li data-start=\"1114\" data-end=\"1146\">\n<p data-start=\"1116\" data-end=\"1146\"><strong data-start=\"1116\" data-end=\"1132\">Serie 4JH5:<\/strong> 4JH5E, 4JHE<\/p>\n<\/li>\n<\/ul>\n<p data-start=\"1148\" data-end=\"1172\"><strong data-start=\"1148\" data-end=\"1170\">OEM \/ N\u00famero de pieza:<\/strong><\/p>\n<ul data-start=\"1173\" data-end=\"1189\">\n<li data-start=\"1173\" data-end=\"1189\">\n<p data-start=\"1175\" data-end=\"1189\">123672-01782<\/p>\n<\/li>\n<\/ul>\n","protected":false},"excerpt":{"rendered":"<p>Este ret\u00e9n trasero del cig\u00fce\u00f1al es adecuado para una amplia gama de motores marinos Yanmar, proporcionando un sellado seguro para evitar fugas de aceite y mantener un rendimiento \u00f3ptimo del motor. Los modelos Yanmar compatibles son Serie 3JH: 3JH2, 3JH2-TCE, 3JH2E, 3JH2L, 3JH25A, 3JH3, 3JH3E-YEU-E, 3JH4E, 3JH5AE, 3JH5E Serie 3YM: 3YM20, 3YM27A, 3YM30, 3YM30AE Serie [&hellip;]<\/p>\n","protected":false},"featured_media":44066,"comment_status":"open","ping_status":"closed","template":"","meta":[],"product_brand":[4235],"product_cat":[3041,3040,2497,4534,4448],"product_tag":[],"class_list":{"0":"post-44065","1":"product","2":"type-product","3":"status-publish","4":"has-post-thumbnail","6":"product_brand-yanmar","7":"product_cat-juntas-de-motor","8":"product_cat-kits-de-mantenimiento-y-reparacion","9":"product_cat-piezas-de-mantenimiento-del-motor","10":"product_cat-piezas-de-servicio-yanmar","11":"product_cat-yanmar","12":"pa_condition-nuevo","13":"pa_model-3jh2","14":"pa_model-3jh25","15":"pa_model-3jh2e","16":"pa_model-3jh2l","17":"pa_model-3jh2tce","18":"pa_model-3jh3","19":"pa_model-3jh3-yeu","20":"pa_model-3jh3e","21":"pa_model-3jh5ae","22":"pa_model-3jh5e","23":"pa_model-3ym20","24":"pa_model-3ym27","25":"pa_model-3ym30","26":"pa_model-4jh","27":"pa_model-4jh-dte","28":"pa_model-4jh-hte","29":"pa_model-4jh2","30":"pa_model-4jh2dte","31":"pa_model-4jh2e","32":"pa_model-4jh2hte","33":"pa_model-4jh2te","34":"pa_model-4jh2ute","35":"pa_model-4jh3","36":"pa_model-4jh3-hte","37":"pa_model-4jh3-te","38":"pa_model-4jh3hte","39":"pa_model-4jh4","40":"pa_model-4jh4-ae","41":"pa_model-4jh4-e","42":"pa_model-4jh5-e","43":"pa_oem-or-aftermarket-posventa","45":"first","46":"instock","47":"taxable","48":"shipping-taxable","49":"purchasable","50":"product-type-simple"},"supplier_id":7294,"supplier_sku":"REC123672-01782","barcode":null,"atum_controlled":true,"out_stock_date":null,"out_stock_threshold":null,"inheritable":false,"inbound_stock":0,"stock_on_hold":0,"sold_today":0,"sales_last_days":0,"reserved_stock":0,"customer_returns":0,"warehouse_damage":0,"lost_in_post":0,"other_logs":0,"out_stock_days":0,"lost_sales":0,"has_location":false,"update_date":"2026-01-29T09:10:25","atum_locations":[],"atum_stock_status":"instock","restock_status":false,"low_stock_amount":1,"sales_update_date":"2026-01-29T09:10:25","calc_backorders":null,"_links":{"self":[{"href":"https:\/\/mps.digital-monkey.in\/es\/wp-json\/wp\/v2\/product\/44065","targetHints":{"allow":["GET"]}}],"collection":[{"href":"https:\/\/mps.digital-monkey.in\/es\/wp-json\/wp\/v2\/product"}],"about":[{"href":"https:\/\/mps.digital-monkey.in\/es\/wp-json\/wp\/v2\/types\/product"}],"replies":[{"embeddable":true,"href":"https:\/\/mps.digital-monkey.in\/es\/wp-json\/wp\/v2\/comments?post=44065"}],"wp:featuredmedia":[{"embeddable":true,"href":"https:\/\/mps.digital-monkey.in\/es\/wp-json\/wp\/v2\/media\/44066"}],"wp:attachment":[{"href":"https:\/\/mps.digital-monkey.in\/es\/wp-json\/wp\/v2\/media?parent=44065"}],"wp:term":[{"taxonomy":"product_brand","embeddable":true,"href":"https:\/\/mps.digital-monkey.in\/es\/wp-json\/wp\/v2\/product_brand?post=44065"},{"taxonomy":"product_cat","embeddable":true,"href":"https:\/\/mps.digital-monkey.in\/es\/wp-json\/wp\/v2\/product_cat?post=44065"},{"taxonomy":"product_tag","embeddable":true,"href":"https:\/\/mps.digital-monkey.in\/es\/wp-json\/wp\/v2\/product_tag?post=44065"}],"curies":[{"name":"wp","href":"https:\/\/api.w.org\/{rel}","templated":true}]}}