{"id":44075,"date":"2025-11-25T12:46:39","date_gmt":"2025-11-25T12:46:39","guid":{"rendered":"https:\/\/mps.digital-monkey.in\/product\/junta-delantera-del-ciguenal-yanmar-129795-01800\/"},"modified":"2025-11-25T12:46:39","modified_gmt":"2025-11-25T12:46:39","slug":"junta-delantera-del-ciguenal-yanmar-129795-01800","status":"publish","type":"product","link":"https:\/\/mps.digital-monkey.in\/es\/product\/junta-delantera-del-ciguenal-yanmar-129795-01800\/","title":{"rendered":"Junta delantera del cig\u00fce\u00f1al Yanmar | 129795-01800"},"content":{"rendered":"<p data-start=\"558\" data-end=\"764\">Este <strong data-start=\"563\" data-end=\"588\">ret\u00e9n delantero del<\/strong> cig\u00fce\u00f1al est\u00e1 dise\u00f1ado para una amplia gama de <strong data-start=\"621\" data-end=\"646\">motores marinos Yanmar<\/strong>, garantizando un sellado estanco en la parte delantera del cig\u00fce\u00f1al para evitar fugas de aceite y mantener un rendimiento \u00f3ptimo del motor.<\/p>\n<p data-start=\"766\" data-end=\"805\"><strong data-start=\"766\" data-end=\"803\">Los modelos Yanmar compatibles son<\/strong><\/p>\n<ul data-start=\"806\" data-end=\"1143\">\n<li data-start=\"806\" data-end=\"888\">\n<p data-start=\"808\" data-end=\"888\"><strong data-start=\"808\" data-end=\"823\">Serie 3JH:<\/strong> 3JH2, 3JH2-TCE, 3JH25A, 3JH2E, 3JH2L, 3JH3, 3JH3E-YEU-E, 3JH4E<\/p>\n<\/li>\n<li data-start=\"889\" data-end=\"966\">\n<p data-start=\"891\" data-end=\"966\"><strong data-start=\"891\" data-end=\"906\">Serie 4JH:<\/strong> 4JH, 4JH-DTE, 4JH-HTE, 4JH-HTZ, 4JH-HTZAE, 4JH-TE, 4JH-TZ<\/p>\n<\/li>\n<li data-start=\"967\" data-end=\"1032\">\n<p data-start=\"969\" data-end=\"1032\"><strong data-start=\"969\" data-end=\"985\">Serie 4JH2:<\/strong> 4JH2-DTE, 4JH2-HTE, 4JH2-TE, 4JH2-UTE, 4JH2E<\/p>\n<\/li>\n<li data-start=\"1033\" data-end=\"1082\">\n<p data-start=\"1035\" data-end=\"1082\"><strong data-start=\"1035\" data-end=\"1051\">Serie 4JH3:<\/strong> 4JH3-DTE, 4JH3-HTEM, 4JH3-TE<\/p>\n<\/li>\n<li data-start=\"1083\" data-end=\"1117\">\n<p data-start=\"1085\" data-end=\"1117\"><strong data-start=\"1085\" data-end=\"1101\">Serie 4JH4:<\/strong> 4JH4AE, 4JH4E<\/p>\n<\/li>\n<li data-start=\"1118\" data-end=\"1143\">\n<p data-start=\"1120\" data-end=\"1143\"><strong data-start=\"1120\" data-end=\"1136\">Serie 4JH5:<\/strong> 4JHE<\/p>\n<\/li>\n<\/ul>\n<p data-start=\"1145\" data-end=\"1169\"><strong data-start=\"1145\" data-end=\"1167\">OEM \/ N\u00famero de pieza:<\/strong><\/p>\n<ul data-start=\"1170\" data-end=\"1186\">\n<li data-start=\"1170\" data-end=\"1186\">\n<p data-start=\"1172\" data-end=\"1186\">129795-01800<\/p>\n<\/li>\n<\/ul>\n","protected":false},"excerpt":{"rendered":"<p>Este ret\u00e9n delantero del cig\u00fce\u00f1al est\u00e1 dise\u00f1ado para una amplia gama de motores marinos Yanmar, garantizando un sellado estanco en la parte delantera del cig\u00fce\u00f1al para evitar fugas de aceite y mantener un rendimiento \u00f3ptimo del motor. Los modelos Yanmar compatibles son Serie 3JH: 3JH2, 3JH2-TCE, 3JH25A, 3JH2E, 3JH2L, 3JH3, 3JH3E-YEU-E, 3JH4E Serie 4JH: 4JH, [&hellip;]<\/p>\n","protected":false},"featured_media":44076,"comment_status":"open","ping_status":"closed","template":"","meta":[],"product_brand":[4235],"product_cat":[3041,3040,2497],"product_tag":[],"class_list":{"0":"post-44075","1":"product","2":"type-product","3":"status-publish","4":"has-post-thumbnail","6":"product_brand-yanmar","7":"product_cat-juntas-de-motor","8":"product_cat-kits-de-mantenimiento-y-reparacion","9":"product_cat-piezas-de-mantenimiento-del-motor","10":"pa_condition-nuevo","11":"pa_model-3jh2","12":"pa_model-3jh25","13":"pa_model-3jh2e","14":"pa_model-3jh2l","15":"pa_model-3jh2tce","16":"pa_model-3jh3","17":"pa_model-3jh3-yeu","18":"pa_model-3jh3e","19":"pa_model-3jh4e","20":"pa_model-4jh","21":"pa_model-4jh-dte","22":"pa_model-4jh-hte","23":"pa_model-4jh-te","24":"pa_model-4jh2","25":"pa_model-4jh2dte","26":"pa_model-4jh2e","27":"pa_model-4jh2hte","28":"pa_model-4jh2te","29":"pa_model-4jh2ute","30":"pa_model-4jh3-dte","31":"pa_model-4jh3-te","32":"pa_model-4jh4-ae","33":"pa_model-4jh4-e","34":"pa_oem-or-aftermarket-posventa","36":"first","37":"instock","38":"taxable","39":"shipping-taxable","40":"purchasable","41":"product-type-simple"},"supplier_id":7294,"supplier_sku":"REC129795-01800","barcode":null,"atum_controlled":true,"out_stock_date":null,"out_stock_threshold":null,"inheritable":false,"inbound_stock":0,"stock_on_hold":0,"sold_today":0,"sales_last_days":0,"reserved_stock":0,"customer_returns":0,"warehouse_damage":0,"lost_in_post":0,"other_logs":0,"out_stock_days":0,"lost_sales":0,"has_location":false,"update_date":"2026-01-29T09:10:11","atum_locations":[],"atum_stock_status":"instock","restock_status":false,"low_stock_amount":1,"sales_update_date":"2026-01-29T09:10:11","calc_backorders":null,"_links":{"self":[{"href":"https:\/\/mps.digital-monkey.in\/es\/wp-json\/wp\/v2\/product\/44075","targetHints":{"allow":["GET"]}}],"collection":[{"href":"https:\/\/mps.digital-monkey.in\/es\/wp-json\/wp\/v2\/product"}],"about":[{"href":"https:\/\/mps.digital-monkey.in\/es\/wp-json\/wp\/v2\/types\/product"}],"replies":[{"embeddable":true,"href":"https:\/\/mps.digital-monkey.in\/es\/wp-json\/wp\/v2\/comments?post=44075"}],"wp:featuredmedia":[{"embeddable":true,"href":"https:\/\/mps.digital-monkey.in\/es\/wp-json\/wp\/v2\/media\/44076"}],"wp:attachment":[{"href":"https:\/\/mps.digital-monkey.in\/es\/wp-json\/wp\/v2\/media?parent=44075"}],"wp:term":[{"taxonomy":"product_brand","embeddable":true,"href":"https:\/\/mps.digital-monkey.in\/es\/wp-json\/wp\/v2\/product_brand?post=44075"},{"taxonomy":"product_cat","embeddable":true,"href":"https:\/\/mps.digital-monkey.in\/es\/wp-json\/wp\/v2\/product_cat?post=44075"},{"taxonomy":"product_tag","embeddable":true,"href":"https:\/\/mps.digital-monkey.in\/es\/wp-json\/wp\/v2\/product_tag?post=44075"}],"curies":[{"name":"wp","href":"https:\/\/api.w.org\/{rel}","templated":true}]}}