{"id":44084,"date":"2025-11-25T13:08:07","date_gmt":"2025-11-25T13:08:07","guid":{"rendered":"https:\/\/mps.digital-monkey.in\/product\/junta-delantera-del-ciguenal-yanmar-121450-01801-serie-1gm-2gm-3gm-3hm\/"},"modified":"2025-11-26T08:57:57","modified_gmt":"2025-11-26T08:57:57","slug":"junta-delantera-del-ciguenal-yanmar-121450-01801-serie-1gm-2gm-3gm-3hm","status":"publish","type":"product","link":"https:\/\/mps.digital-monkey.in\/es\/product\/junta-delantera-del-ciguenal-yanmar-121450-01801-serie-1gm-2gm-3gm-3hm\/","title":{"rendered":"Junta delantera del cig\u00fce\u00f1al Yanmar | 121450-01801 | Serie 1GM \/ 2GM \/ 3GM \/ 3HM"},"content":{"rendered":"<p data-start=\"422\" data-end=\"626\">Esta <strong data-start=\"427\" data-end=\"452\">junta delantera del cig\u00fce\u00f1al<\/strong> sustituye a la pieza <strong data-start=\"474\" data-end=\"490\">121450-01801<\/strong> de Yanmar y garantiza un sellado fiable y estanco al aceite en la nariz del cig\u00fce\u00f1al. Fabricado con altos est\u00e1ndares de durabilidad y funcionamiento limpio del motor. <\/p>\n<p data-start=\"628\" data-end=\"683\"><strong data-start=\"628\" data-end=\"681\">Adecuado para los siguientes motores marinos Yanmar:<\/strong><\/p>\n<ul data-start=\"684\" data-end=\"878\">\n<li data-start=\"684\" data-end=\"723\">\n<p data-start=\"686\" data-end=\"723\"><strong data-start=\"686\" data-end=\"701\">Serie 1GM:<\/strong> 1GM10, 1GML, 1GMY-C<\/p>\n<\/li>\n<li data-start=\"724\" data-end=\"795\">\n<p data-start=\"726\" data-end=\"795\"><strong data-start=\"726\" data-end=\"741\">Serie 2GM:<\/strong> 2GM20, 2GM20F, 2GM20F-YEU, 2GM20-YEU, 2GMLP, 2GMSZK<\/p>\n<\/li>\n<li data-start=\"796\" data-end=\"841\">\n<p data-start=\"798\" data-end=\"841\"><strong data-start=\"798\" data-end=\"813\">Serie 3GM:<\/strong> 3GM30, 3GM30F, 3GM30F-YEU<\/p>\n<\/li>\n<li data-start=\"842\" data-end=\"878\">\n<p data-start=\"844\" data-end=\"878\"><strong data-start=\"844\" data-end=\"859\">Serie 3HM:<\/strong> 3HM, 3HMF, 3HM35<\/p>\n<\/li>\n<\/ul>\n<p data-start=\"880\" data-end=\"900\"><strong data-start=\"880\" data-end=\"898\">Referencia OEM:<\/strong><\/p>\n<ul data-start=\"901\" data-end=\"917\">\n<li data-start=\"901\" data-end=\"917\">\n<p data-start=\"903\" data-end=\"917\">121450-01801<\/p>\n<\/li>\n<\/ul>\n<p>&nbsp;<\/p>\n","protected":false},"excerpt":{"rendered":"<p>Esta junta delantera del cig\u00fce\u00f1al sustituye a la pieza 121450-01801 de Yanmar y garantiza un sellado fiable y estanco al aceite en la nariz del cig\u00fce\u00f1al. Fabricado con altos est\u00e1ndares de durabilidad y funcionamiento limpio del motor. Adecuado para los siguientes motores marinos Yanmar: Serie 1GM: 1GM10, 1GML, 1GMY-C Serie 2GM: 2GM20, 2GM20F, 2GM20F-YEU, 2GM20-YEU, [&hellip;]<\/p>\n","protected":false},"featured_media":44085,"comment_status":"open","ping_status":"closed","template":"","meta":[],"product_brand":[4235],"product_cat":[3041,3040,4449,4450,4451,2497,4534,4448],"product_tag":[],"class_list":{"0":"post-44084","1":"product","2":"type-product","3":"status-publish","4":"has-post-thumbnail","6":"product_brand-yanmar","7":"product_cat-juntas-de-motor","8":"product_cat-kits-de-mantenimiento-y-reparacion","9":"product_cat-piezas-1gm-1gm10","10":"product_cat-piezas-2gm-2gm20","11":"product_cat-piezas-3gm-3gm30","12":"product_cat-piezas-de-mantenimiento-del-motor","13":"product_cat-piezas-de-servicio-yanmar","14":"product_cat-yanmar","15":"pa_condition-nuevo","16":"pa_model-1gm","17":"pa_model-1gm10","18":"pa_model-1gm10c","19":"pa_model-1gmc","20":"pa_model-1gml","21":"pa_model-2gm","22":"pa_model-2gmf","23":"pa_model-2gm20","24":"pa_model-2gm20-yeu","25":"pa_model-2gm20f","26":"pa_model-2gm20f-yeu","27":"pa_model-2gm20fc-yeu","28":"pa_model-2gm20fv","29":"pa_model-2gm20fve","30":"pa_model-2gm20v","31":"pa_model-2gm20ve","33":"pa_model-2gmf-yeu","34":"pa_model-2gmfl","35":"pa_model-2gmfye","36":"pa_model-3gm","37":"pa_model-3gm30","38":"pa_model-3gm30-yeu","39":"pa_model-3gm30b","40":"pa_model-3gm30c","41":"pa_model-3gm30c-yeu","42":"pa_model-3gm30f","43":"pa_model-3gm30f-yeu","44":"pa_model-3gm30fc-yeu","45":"pa_model-3gm30fv","46":"pa_model-3gm30fve","47":"pa_model-3gm30v","48":"pa_model-3gm30ve","49":"pa_model-3gmd","50":"pa_model-3gmdf","51":"pa_model-3gmf","52":"pa_model-3gmfle","53":"pa_model-3gmfy-e","54":"pa_model-3gmfye-e","55":"pa_model-3hm","56":"pa_model-3hm35","57":"pa_model-3hm35c","58":"pa_model-3hm35f","59":"pa_model-3hmf","60":"pa_oem-or-aftermarket-posventa","62":"first","63":"instock","64":"taxable","65":"shipping-taxable","66":"purchasable","67":"product-type-simple"},"supplier_id":7294,"supplier_sku":"REC121450-01801","barcode":null,"atum_controlled":true,"out_stock_date":null,"out_stock_threshold":null,"inheritable":false,"inbound_stock":0,"stock_on_hold":1,"sold_today":0,"sales_last_days":1,"reserved_stock":0,"customer_returns":0,"warehouse_damage":0,"lost_in_post":0,"other_logs":0,"out_stock_days":1,"lost_sales":0,"has_location":false,"update_date":"2026-03-10T15:08:24","atum_locations":[],"atum_stock_status":"instock","restock_status":false,"low_stock_amount":1,"sales_update_date":null,"calc_backorders":0,"_links":{"self":[{"href":"https:\/\/mps.digital-monkey.in\/es\/wp-json\/wp\/v2\/product\/44084","targetHints":{"allow":["GET"]}}],"collection":[{"href":"https:\/\/mps.digital-monkey.in\/es\/wp-json\/wp\/v2\/product"}],"about":[{"href":"https:\/\/mps.digital-monkey.in\/es\/wp-json\/wp\/v2\/types\/product"}],"replies":[{"embeddable":true,"href":"https:\/\/mps.digital-monkey.in\/es\/wp-json\/wp\/v2\/comments?post=44084"}],"wp:featuredmedia":[{"embeddable":true,"href":"https:\/\/mps.digital-monkey.in\/es\/wp-json\/wp\/v2\/media\/44085"}],"wp:attachment":[{"href":"https:\/\/mps.digital-monkey.in\/es\/wp-json\/wp\/v2\/media?parent=44084"}],"wp:term":[{"taxonomy":"product_brand","embeddable":true,"href":"https:\/\/mps.digital-monkey.in\/es\/wp-json\/wp\/v2\/product_brand?post=44084"},{"taxonomy":"product_cat","embeddable":true,"href":"https:\/\/mps.digital-monkey.in\/es\/wp-json\/wp\/v2\/product_cat?post=44084"},{"taxonomy":"product_tag","embeddable":true,"href":"https:\/\/mps.digital-monkey.in\/es\/wp-json\/wp\/v2\/product_tag?post=44084"}],"curies":[{"name":"wp","href":"https:\/\/api.w.org\/{rel}","templated":true}]}}