{"id":44129,"date":"2025-11-27T10:39:18","date_gmt":"2025-11-27T10:39:18","guid":{"rendered":"https:\/\/mps.digital-monkey.in\/product\/boquilla-del-inyector-de-combustible-volvo-penta-md5a-md5b-md5c-md7a-md7b-838287\/"},"modified":"2025-11-27T10:39:18","modified_gmt":"2025-11-27T10:39:18","slug":"boquilla-del-inyector-de-combustible-volvo-penta-md5a-md5b-md5c-md7a-md7b-838287","status":"publish","type":"product","link":"https:\/\/mps.digital-monkey.in\/es\/producto\/boquilla-del-inyector-de-combustible-volvo-penta-md5a-md5b-md5c-md7a-md7b-838287\/","title":{"rendered":"Boquilla del inyector de combustible Volvo Penta MD5A \/ MD5B \/ MD5C \/ MD7A \/ MD7B - 838287"},"content":{"rendered":"<p data-start=\"618\" data-end=\"896\">Esta <strong data-start=\"623\" data-end=\"677\">boquilla inyectora de combustible Volvo<\/strong> Penta <strong data-start=\"623\" data-end=\"677\">(ref. pieza 838287)<\/strong> est\u00e1 dise\u00f1ada para una gama de motores diesel marinos Volvo Penta monocil\u00edndricos y bicil\u00edndricos. Restablece el patr\u00f3n correcto de pulverizaci\u00f3n del combustible, mejora la eficacia de la combusti\u00f3n y garantiza un funcionamiento estable y fiable del motor. <\/p>\n<h3 data-start=\"898\" data-end=\"936\"><strong data-start=\"902\" data-end=\"936\">Motores Volvo Penta compatibles<\/strong><\/h3>\n<ul data-start=\"937\" data-end=\"1011\">\n<li data-start=\"937\" data-end=\"951\">\n<p data-start=\"939\" data-end=\"951\">\u2714 <strong data-start=\"941\" data-end=\"949\">MD5A<\/strong><\/p>\n<\/li>\n<li data-start=\"952\" data-end=\"966\">\n<p data-start=\"954\" data-end=\"966\">\u2714 <strong data-start=\"956\" data-end=\"964\">MD5B<\/strong><\/p>\n<\/li>\n<li data-start=\"967\" data-end=\"981\">\n<p data-start=\"969\" data-end=\"981\">\u2714 <strong data-start=\"971\" data-end=\"979\">MD5C<\/strong><\/p>\n<\/li>\n<li data-start=\"982\" data-end=\"996\">\n<p data-start=\"984\" data-end=\"996\">\u2714 <strong data-start=\"986\" data-end=\"994\">MD7A<\/strong><\/p>\n<\/li>\n<li data-start=\"997\" data-end=\"1011\">\n<p data-start=\"999\" data-end=\"1011\">\u2714 <strong data-start=\"1001\" data-end=\"1009\">MD7B<\/strong><\/p>\n<\/li>\n<\/ul>\n<h3 data-start=\"1013\" data-end=\"1033\"><strong data-start=\"1017\" data-end=\"1033\">Caracter\u00edsticas principales<\/strong><\/h3>\n<ul data-start=\"1034\" data-end=\"1325\">\n<li data-start=\"1034\" data-end=\"1083\">\n<p data-start=\"1036\" data-end=\"1083\">\u2714 Sustituci\u00f3n exacta de la boquilla OEM <strong data-start=\"1071\" data-end=\"1081\">838287<\/strong><\/p>\n<\/li>\n<li data-start=\"1084\" data-end=\"1138\">\n<p data-start=\"1086\" data-end=\"1138\">\u2714 Mecanizado de precisi\u00f3n para una atomizaci\u00f3n exacta del combustible<\/p>\n<\/li>\n<li data-start=\"1139\" data-end=\"1206\">\n<p data-start=\"1141\" data-end=\"1206\">\u2714 Mejora el arranque, reduce el humo y restablece la estabilidad del ralent\u00ed<\/p>\n<\/li>\n<li data-start=\"1207\" data-end=\"1267\">\n<p data-start=\"1209\" data-end=\"1267\">\u2714 Dise\u00f1ado para entornos marinos y larga vida \u00fatil<\/p>\n<\/li>\n<li data-start=\"1268\" data-end=\"1325\">\n<p data-start=\"1270\" data-end=\"1325\">\u2714 Aumenta la eficiencia general del motor y la entrega de potencia<\/p>\n<\/li>\n<\/ul>\n<h3 data-start=\"1327\" data-end=\"1369\"><strong data-start=\"1331\" data-end=\"1369\">S\u00edntomas comunes de una boquilla defectuosa<\/strong><\/h3>\n<ul data-start=\"1370\" data-end=\"1502\">\n<li data-start=\"1370\" data-end=\"1387\">\n<p data-start=\"1372\" data-end=\"1387\">Arranque dif\u00edcil<\/p>\n<\/li>\n<li data-start=\"1388\" data-end=\"1417\">\n<p data-start=\"1390\" data-end=\"1417\">Humo de escape blanco\/negro<\/p>\n<\/li>\n<li data-start=\"1418\" data-end=\"1442\">\n<p data-start=\"1420\" data-end=\"1442\">Ralent\u00ed \u00e1spero o irregular<\/p>\n<\/li>\n<li data-start=\"1443\" data-end=\"1471\">\n<p data-start=\"1445\" data-end=\"1471\">P\u00e9rdida de potencia bajo carga<\/p>\n<\/li>\n<li data-start=\"1472\" data-end=\"1502\">\n<p data-start=\"1474\" data-end=\"1502\">Mayor consumo de combustible<\/p>\n<\/li>\n<\/ul>\n<p data-start=\"1504\" data-end=\"1565\">Sustituir la boquilla suele resolver estos problemas inmediatamente.<\/p>\n","protected":false},"excerpt":{"rendered":"<p>Esta boquilla inyectora de combustible Volvo Penta (ref. pieza 838287) est\u00e1 dise\u00f1ada para una gama de motores diesel marinos Volvo Penta monocil\u00edndricos y bicil\u00edndricos. Restablece el patr\u00f3n correcto de pulverizaci\u00f3n del combustible, mejora la eficacia de la combusti\u00f3n y garantiza un funcionamiento estable y fiable del motor. Motores Volvo Penta compatibles \u2714 MD5A \u2714 MD5B [&hellip;]<\/p>\n","protected":false},"featured_media":44130,"comment_status":"open","ping_status":"closed","template":"","meta":[],"product_brand":[4229],"product_cat":[2518],"product_tag":[],"class_list":{"0":"post-44129","1":"product","2":"type-product","3":"status-publish","4":"has-post-thumbnail","6":"product_brand-volvo-penta","7":"product_cat-piezas-de-motor","8":"pa_condition-nuevo","9":"pa_model-md5","10":"pa_model-md7","11":"pa_oem-or-aftermarket-oem","13":"first","14":"instock","15":"sale","16":"taxable","17":"shipping-taxable","18":"purchasable","19":"product-type-simple"},"supplier_id":38457,"supplier_sku":"DLLA 150 P 33","barcode":null,"atum_controlled":true,"out_stock_date":null,"out_stock_threshold":null,"inheritable":false,"inbound_stock":0,"stock_on_hold":0,"sold_today":0,"sales_last_days":0,"reserved_stock":0,"customer_returns":0,"warehouse_damage":0,"lost_in_post":0,"other_logs":0,"out_stock_days":0,"lost_sales":0,"has_location":false,"update_date":"2026-03-10T15:00:30","atum_locations":[],"atum_stock_status":"instock","restock_status":false,"low_stock_amount":"","sales_update_date":"2026-03-10T15:00:30","calc_backorders":null,"_links":{"self":[{"href":"https:\/\/mps.digital-monkey.in\/es\/wp-json\/wp\/v2\/product\/44129","targetHints":{"allow":["GET"]}}],"collection":[{"href":"https:\/\/mps.digital-monkey.in\/es\/wp-json\/wp\/v2\/product"}],"about":[{"href":"https:\/\/mps.digital-monkey.in\/es\/wp-json\/wp\/v2\/types\/product"}],"replies":[{"embeddable":true,"href":"https:\/\/mps.digital-monkey.in\/es\/wp-json\/wp\/v2\/comments?post=44129"}],"wp:featuredmedia":[{"embeddable":true,"href":"https:\/\/mps.digital-monkey.in\/es\/wp-json\/wp\/v2\/media\/44130"}],"wp:attachment":[{"href":"https:\/\/mps.digital-monkey.in\/es\/wp-json\/wp\/v2\/media?parent=44129"}],"wp:term":[{"taxonomy":"product_brand","embeddable":true,"href":"https:\/\/mps.digital-monkey.in\/es\/wp-json\/wp\/v2\/product_brand?post=44129"},{"taxonomy":"product_cat","embeddable":true,"href":"https:\/\/mps.digital-monkey.in\/es\/wp-json\/wp\/v2\/product_cat?post=44129"},{"taxonomy":"product_tag","embeddable":true,"href":"https:\/\/mps.digital-monkey.in\/es\/wp-json\/wp\/v2\/product_tag?post=44129"}],"curies":[{"name":"wp","href":"https:\/\/api.w.org\/{rel}","templated":true}]}}