{"id":44148,"date":"2025-11-27T10:58:06","date_gmt":"2025-11-27T10:58:06","guid":{"rendered":"https:\/\/mps.digital-monkey.in\/product\/volvo-penta-saildrive-anodo-aluminio-875810-para-100s-aq80-aq100-aq100b\/"},"modified":"2025-12-18T10:35:12","modified_gmt":"2025-12-18T10:35:12","slug":"volvo-penta-saildrive-anodo-aluminio-875810-para-100s-aq80-aq100-aq100b","status":"publish","type":"product","link":"https:\/\/mps.digital-monkey.in\/es\/producto\/volvo-penta-saildrive-anodo-aluminio-875810-para-100s-aq80-aq100-aq100b\/","title":{"rendered":"Volvo Penta Saildrive \u00c1nodo Aluminio - 875810 - Para 100S \/ AQ80 \/ AQ100 \/ AQ100B"},"content":{"rendered":"<p data-start=\"518\" data-end=\"839\">Este \u00e1nodo de aluminio para transmisi\u00f3n saildrive sustituye a la referencia <strong data-start=\"582\" data-end=\"592\">875810 de<\/strong> Volvo Penta y est\u00e1 dise\u00f1ado para proteger su transmisi\u00f3n saildrive de la corrosi\u00f3n galv\u00e1nica. Los \u00e1nodos de aluminio ofrecen un excelente rendimiento tanto en agua salada como salobre y a menudo se prefieren al zinc por su mayor durabilidad y mejor protecci\u00f3n en las transmisiones modernas. <\/p>\n<p data-start=\"841\" data-end=\"979\"><strong data-start=\"841\" data-end=\"898\">Compatible con los siguientes saildrives Volvo Penta:<\/strong><br data-start=\"898\" data-end=\"901\">Volvo Penta 100S<br data-start=\"917\" data-end=\"920\">Volvo Penta AQ80<br data-start=\"936\" data-end=\"939\">Volvo Penta AQ100<br data-start=\"956\" data-end=\"959\">Volvo Penta AQ100B<\/p>\n<p data-start=\"981\" data-end=\"1038\"><strong data-start=\"981\" data-end=\"990\">Nota:<\/strong><br data-start=\"990\" data-end=\"993\">No apto para <strong data-start=\"1010\" data-end=\"1037\">h\u00e9lices plegables 100S<\/strong>.<\/p>\n<h1 data-start=\"1045\" data-end=\"1063\"><strong data-start=\"1047\" data-end=\"1061\">Dimensiones<\/strong><\/h1>\n<p data-start=\"1064\" data-end=\"1133\">h: 12 mm<br data-start=\"1072\" data-end=\"1075\">i: 70 mm<br data-start=\"1083\" data-end=\"1086\">\u00d8: 100 mm<br data-start=\"1095\" data-end=\"1098\">\u00d81: 52 mm<br data-start=\"1107\" data-end=\"1110\">\u00d82: 92 mm<br data-start=\"1119\" data-end=\"1122\">\u00d83: 10 mm<\/p>\n<h1 data-start=\"1140\" data-end=\"1163\"><strong data-start=\"1142\" data-end=\"1161\">Detalles del producto<\/strong><\/h1>\n<p data-start=\"1164\" data-end=\"1312\">Material: Aluminio<br data-start=\"1183\" data-end=\"1186\">Referencia OEM: 875810<br data-start=\"1207\" data-end=\"1210\">Aplicaci\u00f3n: Volvo Penta 100S \/ AQ80 \/ AQ100 \/ AQ100B saildrives<br data-start=\"1274\" data-end=\"1277\">Tipo: \u00c1nodo de sacrificio para saildrive<\/p>\n","protected":false},"excerpt":{"rendered":"<p>Este \u00e1nodo de aluminio para transmisi\u00f3n saildrive sustituye a la referencia 875810 de Volvo Penta y est\u00e1 dise\u00f1ado para proteger su transmisi\u00f3n saildrive de la corrosi\u00f3n galv\u00e1nica. Los \u00e1nodos de aluminio ofrecen un excelente rendimiento tanto en agua salada como salobre y a menudo se prefieren al zinc por su mayor durabilidad y mejor protecci\u00f3n [&hellip;]<\/p>\n","protected":false},"featured_media":44149,"comment_status":"open","ping_status":"closed","template":"","meta":[],"product_brand":[4229],"product_cat":[4486,3182,4522,2497,4302],"product_tag":[],"class_list":{"0":"post-44148","1":"product","2":"type-product","3":"status-publish","4":"has-post-thumbnail","6":"product_brand-volvo-penta","7":"product_cat-necesitas-piezas-volvo-penta","8":"product_cat-anodos","9":"product_cat-anodos-volvo-penta","10":"product_cat-piezas-de-mantenimiento-del-motor","11":"product_cat-volvo-penta","12":"pa_condition-nuevo","13":"pa_oem-or-aftermarket-posventa","15":"first","16":"onbackorder","17":"taxable","18":"shipping-taxable","19":"purchasable","20":"product-type-simple"},"supplier_id":45614,"supplier_sku":"00700AL","barcode":null,"atum_controlled":true,"out_stock_date":"2025-11-27 10:58:09","out_stock_threshold":null,"inheritable":false,"inbound_stock":0,"stock_on_hold":0,"sold_today":0,"sales_last_days":0,"reserved_stock":0,"customer_returns":0,"warehouse_damage":0,"lost_in_post":0,"other_logs":0,"out_stock_days":62,"lost_sales":0,"has_location":false,"update_date":"2026-01-29T09:10:18","atum_locations":[],"atum_stock_status":"onbackorder","restock_status":false,"low_stock_amount":1,"sales_update_date":"2026-01-29T09:10:18","calc_backorders":null,"_links":{"self":[{"href":"https:\/\/mps.digital-monkey.in\/es\/wp-json\/wp\/v2\/product\/44148","targetHints":{"allow":["GET"]}}],"collection":[{"href":"https:\/\/mps.digital-monkey.in\/es\/wp-json\/wp\/v2\/product"}],"about":[{"href":"https:\/\/mps.digital-monkey.in\/es\/wp-json\/wp\/v2\/types\/product"}],"replies":[{"embeddable":true,"href":"https:\/\/mps.digital-monkey.in\/es\/wp-json\/wp\/v2\/comments?post=44148"}],"wp:featuredmedia":[{"embeddable":true,"href":"https:\/\/mps.digital-monkey.in\/es\/wp-json\/wp\/v2\/media\/44149"}],"wp:attachment":[{"href":"https:\/\/mps.digital-monkey.in\/es\/wp-json\/wp\/v2\/media?parent=44148"}],"wp:term":[{"taxonomy":"product_brand","embeddable":true,"href":"https:\/\/mps.digital-monkey.in\/es\/wp-json\/wp\/v2\/product_brand?post=44148"},{"taxonomy":"product_cat","embeddable":true,"href":"https:\/\/mps.digital-monkey.in\/es\/wp-json\/wp\/v2\/product_cat?post=44148"},{"taxonomy":"product_tag","embeddable":true,"href":"https:\/\/mps.digital-monkey.in\/es\/wp-json\/wp\/v2\/product_tag?post=44148"}],"curies":[{"name":"wp","href":"https:\/\/api.w.org\/{rel}","templated":true}]}}