{"id":44168,"date":"2025-11-27T11:22:18","date_gmt":"2025-11-27T11:22:18","guid":{"rendered":"https:\/\/mps.digital-monkey.in\/product\/anodo-de-aluminio-del-propulsor-de-popa-volvo-penta-aq200-875810\/"},"modified":"2025-12-18T10:35:25","modified_gmt":"2025-12-18T10:35:25","slug":"anodo-de-aluminio-del-propulsor-de-popa-volvo-penta-aq200-875810","status":"publish","type":"product","link":"https:\/\/mps.digital-monkey.in\/es\/producto\/anodo-de-aluminio-del-propulsor-de-popa-volvo-penta-aq200-875810\/","title":{"rendered":"\u00c1nodo de aluminio del propulsor de popa Volvo Penta AQ200 875810"},"content":{"rendered":"<p data-start=\"898\" data-end=\"1160\">Protege tu propulsor de popa Volvo Penta AQ200 con este <strong data-start=\"974\" data-end=\"1011\">\u00e1nodo de aluminio (ref. pieza 875810)<\/strong>. Dise\u00f1ado para ofrecer una resistencia \u00f3ptima a la corrosi\u00f3n en agua salada y salobre, este \u00e1nodo de aluminio de alta calidad ayuda a prolongar la vida \u00fatil de tu propulsor de popa. <\/p>\n<p data-start=\"1162\" data-end=\"1182\"><strong data-start=\"1162\" data-end=\"1180\">Compatibilidad:<\/strong><\/p>\n<ul data-start=\"1183\" data-end=\"1204\">\n<li data-start=\"1183\" data-end=\"1204\">\n<p data-start=\"1185\" data-end=\"1204\">Volvo Penta AQ200<\/p>\n<\/li>\n<\/ul>\n<p data-start=\"1206\" data-end=\"1223\"><strong data-start=\"1206\" data-end=\"1221\">Dimensiones:<\/strong><\/p>\n<ul data-start=\"1224\" data-end=\"1306\">\n<li data-start=\"1224\" data-end=\"1236\">\n<p data-start=\"1226\" data-end=\"1236\">h: 10 mm<\/p>\n<\/li>\n<li data-start=\"1237\" data-end=\"1249\">\n<p data-start=\"1239\" data-end=\"1249\">i: 80 mm<\/p>\n<\/li>\n<li data-start=\"1250\" data-end=\"1263\">\n<p data-start=\"1252\" data-end=\"1263\">\u00d8: 108 mm<\/p>\n<\/li>\n<li data-start=\"1264\" data-end=\"1277\">\n<p data-start=\"1266\" data-end=\"1277\">\u00d81: 58 mm<\/p>\n<\/li>\n<li data-start=\"1278\" data-end=\"1292\">\n<p data-start=\"1280\" data-end=\"1292\">\u00d82: 103 mm<\/p>\n<\/li>\n<li data-start=\"1293\" data-end=\"1306\">\n<p data-start=\"1295\" data-end=\"1306\">\u00d83: 10 mm<\/p>\n<\/li>\n<\/ul>\n<p data-start=\"1308\" data-end=\"1460\">La construcci\u00f3n de aluminio ofrece una mayor durabilidad y resistencia a la corrosi\u00f3n. Se recomienda su sustituci\u00f3n peri\u00f3dica para mantener la protecci\u00f3n y el rendimiento. <\/p>\n<p data-start=\"1462\" data-end=\"1489\"><strong data-start=\"1462\" data-end=\"1480\">Referencia OEM:<\/strong> 875810<\/p>\n","protected":false},"excerpt":{"rendered":"<p>Protege tu propulsor de popa Volvo Penta AQ200 con este \u00e1nodo de aluminio (ref. pieza 875810). Dise\u00f1ado para ofrecer una resistencia \u00f3ptima a la corrosi\u00f3n en agua salada y salobre, este \u00e1nodo de aluminio de alta calidad ayuda a prolongar la vida \u00fatil de tu propulsor de popa. Compatibilidad: Volvo Penta AQ200 Dimensiones: h: 10 [&hellip;]<\/p>\n","protected":false},"featured_media":44169,"comment_status":"open","ping_status":"closed","template":"","meta":[],"product_brand":[4229],"product_cat":[4486,3182,4522,2497,4302],"product_tag":[],"class_list":{"0":"post-44168","1":"product","2":"type-product","3":"status-publish","4":"has-post-thumbnail","6":"product_brand-volvo-penta","7":"product_cat-necesitas-piezas-volvo-penta","8":"product_cat-anodos","9":"product_cat-anodos-volvo-penta","10":"product_cat-piezas-de-mantenimiento-del-motor","11":"product_cat-volvo-penta","12":"pa_condition-nuevo","13":"pa_oem-or-aftermarket-posventa","15":"first","16":"onbackorder","17":"taxable","18":"shipping-taxable","19":"purchasable","20":"product-type-simple"},"supplier_id":45614,"supplier_sku":"00701AL","barcode":null,"atum_controlled":true,"out_stock_date":"2025-11-27 11:22:21","out_stock_threshold":null,"inheritable":false,"inbound_stock":0,"stock_on_hold":0,"sold_today":0,"sales_last_days":0,"reserved_stock":0,"customer_returns":0,"warehouse_damage":0,"lost_in_post":0,"other_logs":0,"out_stock_days":62,"lost_sales":0,"has_location":false,"update_date":"2026-01-29T09:10:11","atum_locations":[],"atum_stock_status":"onbackorder","restock_status":false,"low_stock_amount":1,"sales_update_date":"2026-01-29T09:10:11","calc_backorders":null,"_links":{"self":[{"href":"https:\/\/mps.digital-monkey.in\/es\/wp-json\/wp\/v2\/product\/44168","targetHints":{"allow":["GET"]}}],"collection":[{"href":"https:\/\/mps.digital-monkey.in\/es\/wp-json\/wp\/v2\/product"}],"about":[{"href":"https:\/\/mps.digital-monkey.in\/es\/wp-json\/wp\/v2\/types\/product"}],"replies":[{"embeddable":true,"href":"https:\/\/mps.digital-monkey.in\/es\/wp-json\/wp\/v2\/comments?post=44168"}],"wp:featuredmedia":[{"embeddable":true,"href":"https:\/\/mps.digital-monkey.in\/es\/wp-json\/wp\/v2\/media\/44169"}],"wp:attachment":[{"href":"https:\/\/mps.digital-monkey.in\/es\/wp-json\/wp\/v2\/media?parent=44168"}],"wp:term":[{"taxonomy":"product_brand","embeddable":true,"href":"https:\/\/mps.digital-monkey.in\/es\/wp-json\/wp\/v2\/product_brand?post=44168"},{"taxonomy":"product_cat","embeddable":true,"href":"https:\/\/mps.digital-monkey.in\/es\/wp-json\/wp\/v2\/product_cat?post=44168"},{"taxonomy":"product_tag","embeddable":true,"href":"https:\/\/mps.digital-monkey.in\/es\/wp-json\/wp\/v2\/product_tag?post=44168"}],"curies":[{"name":"wp","href":"https:\/\/api.w.org\/{rel}","templated":true}]}}