{"id":44178,"date":"2025-11-27T12:40:29","date_gmt":"2025-11-27T12:40:29","guid":{"rendered":"https:\/\/mps.digital-monkey.in\/product\/nuevo-motor-volvo-penta-d1-20-con-caja-de-cambios-ms15\/"},"modified":"2025-11-27T12:40:29","modified_gmt":"2025-11-27T12:40:29","slug":"nuevo-motor-volvo-penta-d1-20-con-caja-de-cambios-ms15","status":"publish","type":"product","link":"https:\/\/mps.digital-monkey.in\/es\/product\/nuevo-motor-volvo-penta-d1-20-con-caja-de-cambios-ms15\/","title":{"rendered":"Nuevo motor Volvo Penta D1-20 con caja de cambios MS15"},"content":{"rendered":"<p data-start=\"492\" data-end=\"787\">El <strong data-start=\"496\" data-end=\"517\">Volvo Penta D1-20<\/strong> combinado con la <strong data-start=\"536\" data-end=\"552\">caja de cambios MS15<\/strong> es un paquete de motor di\u00e9sel marino compacto y de alto rendimiento dise\u00f1ado para veleros y embarcaciones peque\u00f1as. Esta configuraci\u00f3n proporciona una propulsi\u00f3n suave, un control preciso y un funcionamiento fiable tanto en aplicaciones recreativas como profesionales. <\/p>\n<p data-start=\"492\" data-end=\"787\"><strong>ANTES DE HACER UN PEDIDO \u00a1CONTACTA CON NOSOTROS!<\/strong><\/p>\n<p data-start=\"789\" data-end=\"804\">Caracter\u00edsticas principales:<\/p>\n<ul data-start=\"805\" data-end=\"1158\">\n<li data-start=\"805\" data-end=\"850\">\n<p data-start=\"807\" data-end=\"850\">Motor di\u00e9sel de 3 cilindros de inyecci\u00f3n directa<\/p>\n<\/li>\n<li data-start=\"851\" data-end=\"881\">\n<p data-start=\"853\" data-end=\"881\">Potencia de 19-20 CV (14-15 kW)<\/p>\n<\/li>\n<li data-start=\"882\" data-end=\"955\">\n<p data-start=\"884\" data-end=\"955\"><strong data-start=\"884\" data-end=\"907\">Caja de cambios marina MS15<\/strong> incluida para un funcionamiento suave hacia delante\/atr\u00e1s<\/p>\n<\/li>\n<li data-start=\"956\" data-end=\"1009\">\n<p data-start=\"958\" data-end=\"1009\">Dise\u00f1o compacto y ligero para facilitar la instalaci\u00f3n<\/p>\n<\/li>\n<li data-start=\"1010\" data-end=\"1046\">\n<p data-start=\"1012\" data-end=\"1046\">Bajo consumo de combustible y bajas emisiones<\/p>\n<\/li>\n<li data-start=\"1047\" data-end=\"1099\">\n<p data-start=\"1049\" data-end=\"1099\">Componentes OEM duraderos para una fiabilidad a largo plazo<\/p>\n<\/li>\n<li data-start=\"1100\" data-end=\"1158\">\n<p data-start=\"1102\" data-end=\"1158\">Funcionamiento silencioso y suave para un funcionamiento marino confortable<\/p>\n<\/li>\n<\/ul>\n<p data-start=\"1160\" data-end=\"1175\">Aplicaciones:<\/p>\n<ul data-start=\"1176\" data-end=\"1235\">\n<li data-start=\"1176\" data-end=\"1189\">\n<p data-start=\"1178\" data-end=\"1189\">Veleros<\/p>\n<\/li>\n<li data-start=\"1190\" data-end=\"1210\">\n<p data-start=\"1192\" data-end=\"1210\">Embarcaciones a motor peque\u00f1as<\/p>\n<\/li>\n<li data-start=\"1211\" data-end=\"1235\">\n<p data-start=\"1213\" data-end=\"1235\">Embarcaciones de recreo<\/p>\n<\/li>\n<\/ul>\n<p data-start=\"1237\" data-end=\"1278\">Por qu\u00e9 elegir Volvo Penta D1-20 con MS15:<\/p>\n<ul data-start=\"1279\" data-end=\"1449\">\n<li data-start=\"1279\" data-end=\"1324\">\n<p data-start=\"1281\" data-end=\"1324\">Fiabilidad marina probada y calidad OEM<\/p>\n<\/li>\n<li data-start=\"1325\" data-end=\"1364\">\n<p data-start=\"1327\" data-end=\"1364\">Paquete completo de motor y caja de cambios<\/p>\n<\/li>\n<li data-start=\"1365\" data-end=\"1405\">\n<p data-start=\"1367\" data-end=\"1405\">F\u00e1cil instalaci\u00f3n y mantenimiento<\/p>\n<\/li>\n<li data-start=\"1406\" data-end=\"1449\">\n<p data-start=\"1408\" data-end=\"1449\">Larga vida \u00fatil en entornos de agua salada<\/p>\n<\/li>\n<\/ul>\n<p>&nbsp;<\/p>\n<p><strong>ANTES DE HACER UN PEDIDO \u00a1CONTACTA CON NOSOTROS!<\/strong><\/p>\n","protected":false},"excerpt":{"rendered":"<p>El Volvo Penta D1-20 combinado con la caja de cambios MS15 es un paquete de motor di\u00e9sel marino compacto y de alto rendimiento dise\u00f1ado para veleros y embarcaciones peque\u00f1as. Esta configuraci\u00f3n proporciona una propulsi\u00f3n suave, un control preciso y un funcionamiento fiable tanto en aplicaciones recreativas como profesionales. ANTES DE HACER UN PEDIDO \u00a1CONTACTA CON [&hellip;]<\/p>\n","protected":false},"featured_media":44179,"comment_status":"open","ping_status":"closed","template":"","meta":[],"product_brand":[4229],"product_cat":[2493],"product_tag":[],"class_list":{"0":"post-44178","1":"product","2":"type-product","3":"status-publish","4":"has-post-thumbnail","6":"product_brand-volvo-penta","7":"product_cat-motores","8":"product_shipping_class-motor-es","9":"pa_condition-nuevo","11":"first","12":"instock","13":"sale","14":"taxable","15":"shipping-taxable","16":"purchasable","17":"product-type-simple"},"supplier_id":32142,"supplier_sku":"","barcode":null,"atum_controlled":true,"out_stock_date":null,"out_stock_threshold":null,"inheritable":false,"inbound_stock":0,"stock_on_hold":0,"sold_today":0,"sales_last_days":0,"reserved_stock":0,"customer_returns":0,"warehouse_damage":0,"lost_in_post":0,"other_logs":0,"out_stock_days":0,"lost_sales":0,"has_location":false,"update_date":"2026-03-10T15:00:30","atum_locations":[],"atum_stock_status":"instock","restock_status":false,"low_stock_amount":"","sales_update_date":"2026-03-10T15:00:30","calc_backorders":null,"_links":{"self":[{"href":"https:\/\/mps.digital-monkey.in\/es\/wp-json\/wp\/v2\/product\/44178","targetHints":{"allow":["GET"]}}],"collection":[{"href":"https:\/\/mps.digital-monkey.in\/es\/wp-json\/wp\/v2\/product"}],"about":[{"href":"https:\/\/mps.digital-monkey.in\/es\/wp-json\/wp\/v2\/types\/product"}],"replies":[{"embeddable":true,"href":"https:\/\/mps.digital-monkey.in\/es\/wp-json\/wp\/v2\/comments?post=44178"}],"wp:featuredmedia":[{"embeddable":true,"href":"https:\/\/mps.digital-monkey.in\/es\/wp-json\/wp\/v2\/media\/44179"}],"wp:attachment":[{"href":"https:\/\/mps.digital-monkey.in\/es\/wp-json\/wp\/v2\/media?parent=44178"}],"wp:term":[{"taxonomy":"product_brand","embeddable":true,"href":"https:\/\/mps.digital-monkey.in\/es\/wp-json\/wp\/v2\/product_brand?post=44178"},{"taxonomy":"product_cat","embeddable":true,"href":"https:\/\/mps.digital-monkey.in\/es\/wp-json\/wp\/v2\/product_cat?post=44178"},{"taxonomy":"product_tag","embeddable":true,"href":"https:\/\/mps.digital-monkey.in\/es\/wp-json\/wp\/v2\/product_tag?post=44178"}],"curies":[{"name":"wp","href":"https:\/\/api.w.org\/{rel}","templated":true}]}}