{"id":44188,"date":"2025-11-28T08:21:05","date_gmt":"2025-11-28T08:21:05","guid":{"rendered":"https:\/\/mps.digital-monkey.in\/product\/anodo-de-zinc-volvo-penta-aq250-aq270-875805\/"},"modified":"2025-12-18T10:35:29","modified_gmt":"2025-12-18T10:35:29","slug":"anodo-de-zinc-volvo-penta-aq250-aq270-875805","status":"publish","type":"product","link":"https:\/\/mps.digital-monkey.in\/es\/producto\/anodo-de-zinc-volvo-penta-aq250-aq270-875805\/","title":{"rendered":"\u00c1nodo de zinc Volvo Penta AQ250 AQ270 875805"},"content":{"rendered":"<p data-start=\"786\" data-end=\"1058\">El \u00e1nodo <strong data-start=\"790\" data-end=\"835\">de zinc Volvo Penta AQ250 AQ270 875805<\/strong> est\u00e1 dise\u00f1ado para proteger tu propulsor de popa contra la corrosi\u00f3n galv\u00e1nica en entornos de agua salada. Este \u00e1nodo de recambio se ajusta a las especificaciones originales y garantiza una protecci\u00f3n \u00f3ptima para los propulsores Volvo Penta AQ250 y AQ270. <\/p>\n<p data-start=\"1060\" data-end=\"1245\">Utilizando el material y el tama\u00f1o de \u00e1nodo correctos, los componentes de tu sistema de propulsi\u00f3n quedan protegidos contra el desgaste prematuro, reduciendo los costes de mantenimiento y alargando la vida \u00fatil de la unidad de propulsi\u00f3n.<\/p>\n<h3 data-start=\"1247\" data-end=\"1272\"><strong data-start=\"1253\" data-end=\"1272\">Compatible con<\/strong><\/h3>\n<ul data-start=\"1273\" data-end=\"1320\">\n<li data-start=\"1273\" data-end=\"1296\">\n<p data-start=\"1275\" data-end=\"1296\"><strong data-start=\"1275\" data-end=\"1296\">Volvo Penta AQ250<\/strong><\/p>\n<\/li>\n<li data-start=\"1297\" data-end=\"1320\">\n<p data-start=\"1299\" data-end=\"1320\"><strong data-start=\"1299\" data-end=\"1320\">Volvo Penta AQ270<\/strong><\/p>\n<\/li>\n<\/ul>\n<h3 data-start=\"1322\" data-end=\"1342\"><strong data-start=\"1328\" data-end=\"1342\">Dimensiones<\/strong><\/h3>\n<ul data-start=\"1343\" data-end=\"1502\">\n<li data-start=\"1343\" data-end=\"1368\">\n<p data-start=\"1345\" data-end=\"1368\">Altura (h): <strong data-start=\"1357\" data-end=\"1366\">10 mm<\/strong><\/p>\n<\/li>\n<li data-start=\"1369\" data-end=\"1402\">\n<p data-start=\"1371\" data-end=\"1402\">Di\u00e1metro interior (i): <strong data-start=\"1391\" data-end=\"1400\">80 mm<\/strong><\/p>\n<\/li>\n<li data-start=\"1403\" data-end=\"1437\">\n<p data-start=\"1405\" data-end=\"1437\">Di\u00e1metro exterior (\u00d8) <strong data-start=\"1425\" data-end=\"1435\">118 mm<\/strong><\/p>\n<\/li>\n<li data-start=\"1438\" data-end=\"1455\">\n<p data-start=\"1440\" data-end=\"1455\">\u00d81: <strong data-start=\"1444\" data-end=\"1453\">58 mm<\/strong><\/p>\n<\/li>\n<li data-start=\"1456\" data-end=\"1474\">\n<p data-start=\"1458\" data-end=\"1474\">\u00d82: <strong data-start=\"1462\" data-end=\"1472\">103 mm<\/strong><\/p>\n<\/li>\n<li data-start=\"1475\" data-end=\"1502\">\n<p data-start=\"1477\" data-end=\"1502\">\u00d83 (agujero del tornillo): <strong data-start=\"1493\" data-end=\"1502\">10 mm<\/strong><\/p>\n<\/li>\n<\/ul>\n<h3 data-start=\"1504\" data-end=\"1540\"><strong data-start=\"1510\" data-end=\"1540\">Por qu\u00e9 elegir este \u00e1nodo de zinc<\/strong><\/h3>\n<ul data-start=\"1541\" data-end=\"1682\">\n<li data-start=\"1541\" data-end=\"1572\">\n<p data-start=\"1543\" data-end=\"1572\">Ideal para uso <strong data-start=\"1553\" data-end=\"1566\">en agua salada<\/strong> <\/p>\n<\/li>\n<li data-start=\"1573\" data-end=\"1606\">\n<p data-start=\"1575\" data-end=\"1606\">Protecci\u00f3n fiable contra la corrosi\u00f3n<\/p>\n<\/li>\n<li data-start=\"1607\" data-end=\"1643\">\n<p data-start=\"1609\" data-end=\"1643\">Sustituci\u00f3n directa del estilo OEM<\/p>\n<\/li>\n<li data-start=\"1644\" data-end=\"1682\">\n<p data-start=\"1646\" data-end=\"1682\">Garantiza una mayor vida \u00fatil del propulsor de popa<\/p>\n<\/li>\n<\/ul>\n<p data-start=\"1684\" data-end=\"1810\">Instala este <strong data-start=\"1697\" data-end=\"1742\">\u00c1nodo de Zinc Volvo Penta AQ250 AQ270 875805<\/strong> para mantener el m\u00e1ximo rendimiento y proteger eficazmente tu motor fueraborda.<\/p>\n","protected":false},"excerpt":{"rendered":"<p>El \u00e1nodo de zinc Volvo Penta AQ250 AQ270 875805 est\u00e1 dise\u00f1ado para proteger tu propulsor de popa contra la corrosi\u00f3n galv\u00e1nica en entornos de agua salada. Este \u00e1nodo de recambio se ajusta a las especificaciones originales y garantiza una protecci\u00f3n \u00f3ptima para los propulsores Volvo Penta AQ250 y AQ270. Utilizando el material y el tama\u00f1o [&hellip;]<\/p>\n","protected":false},"featured_media":44189,"comment_status":"open","ping_status":"closed","template":"","meta":[],"product_brand":[4229],"product_cat":[3182,4522,2497],"product_tag":[],"class_list":{"0":"post-44188","1":"product","2":"type-product","3":"status-publish","4":"has-post-thumbnail","6":"product_brand-volvo-penta","7":"product_cat-anodos","8":"product_cat-anodos-volvo-penta","9":"product_cat-piezas-de-mantenimiento-del-motor","10":"pa_condition-nuevo","11":"pa_oem-or-aftermarket-posventa","13":"first","14":"onbackorder","15":"sale","16":"taxable","17":"shipping-taxable","18":"purchasable","19":"product-type-simple"},"supplier_id":45614,"supplier_sku":"00702","barcode":null,"atum_controlled":true,"out_stock_date":"2025-11-28 08:21:08","out_stock_threshold":null,"inheritable":false,"inbound_stock":0,"stock_on_hold":0,"sold_today":0,"sales_last_days":0,"reserved_stock":0,"customer_returns":0,"warehouse_damage":0,"lost_in_post":0,"other_logs":0,"out_stock_days":62,"lost_sales":0,"has_location":false,"update_date":"2026-01-29T09:10:18","atum_locations":[],"atum_stock_status":"onbackorder","restock_status":false,"low_stock_amount":1,"sales_update_date":"2026-01-29T09:10:18","calc_backorders":null,"_links":{"self":[{"href":"https:\/\/mps.digital-monkey.in\/es\/wp-json\/wp\/v2\/product\/44188","targetHints":{"allow":["GET"]}}],"collection":[{"href":"https:\/\/mps.digital-monkey.in\/es\/wp-json\/wp\/v2\/product"}],"about":[{"href":"https:\/\/mps.digital-monkey.in\/es\/wp-json\/wp\/v2\/types\/product"}],"replies":[{"embeddable":true,"href":"https:\/\/mps.digital-monkey.in\/es\/wp-json\/wp\/v2\/comments?post=44188"}],"wp:featuredmedia":[{"embeddable":true,"href":"https:\/\/mps.digital-monkey.in\/es\/wp-json\/wp\/v2\/media\/44189"}],"wp:attachment":[{"href":"https:\/\/mps.digital-monkey.in\/es\/wp-json\/wp\/v2\/media?parent=44188"}],"wp:term":[{"taxonomy":"product_brand","embeddable":true,"href":"https:\/\/mps.digital-monkey.in\/es\/wp-json\/wp\/v2\/product_brand?post=44188"},{"taxonomy":"product_cat","embeddable":true,"href":"https:\/\/mps.digital-monkey.in\/es\/wp-json\/wp\/v2\/product_cat?post=44188"},{"taxonomy":"product_tag","embeddable":true,"href":"https:\/\/mps.digital-monkey.in\/es\/wp-json\/wp\/v2\/product_tag?post=44188"}],"curies":[{"name":"wp","href":"https:\/\/api.w.org\/{rel}","templated":true}]}}