{"id":44206,"date":"2025-11-28T10:31:15","date_gmt":"2025-11-28T10:31:15","guid":{"rendered":"https:\/\/mps.digital-monkey.in\/product\/anodo-de-aluminio-volvo-penta-aq250-aq270-875805\/"},"modified":"2025-12-18T10:35:35","modified_gmt":"2025-12-18T10:35:35","slug":"anodo-de-aluminio-volvo-penta-aq250-aq270-875805","status":"publish","type":"product","link":"https:\/\/mps.digital-monkey.in\/es\/product\/anodo-de-aluminio-volvo-penta-aq250-aq270-875805\/","title":{"rendered":"\u00c1nodo de aluminio Volvo Penta AQ250 AQ270 | 875805"},"content":{"rendered":"<p data-start=\"511\" data-end=\"879\">El \u00e1nodo de aluminio Volvo Penta para<strong data-start=\"515\" data-end=\"571\"> sistemas de cola AQ250 \/ AQ270<\/strong> (N\u00ba de pieza 875805) est\u00e1 dise\u00f1ado para proporcionar una protecci\u00f3n fiable contra la corrosi\u00f3n a tu sistema de cola marino en entornos de aguas salobres y mixtas. Fabricado con aluminio de alta calidad, este \u00e1nodo garantiza que los componentes de tu sistema de cola Volvo Penta permanezcan a salvo de la corrosi\u00f3n galv\u00e1nica, manteniendo su m\u00e1ximo rendimiento. <\/p>\n<p data-start=\"881\" data-end=\"903\"><strong data-start=\"881\" data-end=\"901\">Compatible con:<\/strong><\/p>\n<ul data-start=\"904\" data-end=\"947\">\n<li data-start=\"904\" data-end=\"925\">\n<p data-start=\"906\" data-end=\"925\">Volvo Penta AQ250<\/p>\n<\/li>\n<li data-start=\"926\" data-end=\"947\">\n<p data-start=\"928\" data-end=\"947\">Volvo Penta AQ270<\/p>\n<\/li>\n<\/ul>\n<p data-start=\"949\" data-end=\"972\"><strong data-start=\"949\" data-end=\"970\">Dimensiones del \u00e1nodo:<\/strong><\/p>\n<ul data-start=\"973\" data-end=\"1110\">\n<li data-start=\"973\" data-end=\"990\">\n<p data-start=\"975\" data-end=\"990\">Altura: 10 mm<\/p>\n<\/li>\n<li data-start=\"991\" data-end=\"1016\">\n<p data-start=\"993\" data-end=\"1016\">Di\u00e1metro interior: 80 mm<\/p>\n<\/li>\n<li data-start=\"1017\" data-end=\"1043\">\n<p data-start=\"1019\" data-end=\"1043\">Di\u00e1metro exterior: 118 mm<\/p>\n<\/li>\n<li data-start=\"1044\" data-end=\"1065\">\n<p data-start=\"1046\" data-end=\"1065\">Di\u00e1metro 1: 58 mm<\/p>\n<\/li>\n<li data-start=\"1066\" data-end=\"1088\">\n<p data-start=\"1068\" data-end=\"1088\">Di\u00e1metro 2: 103 mm<\/p>\n<\/li>\n<li data-start=\"1089\" data-end=\"1110\">\n<p data-start=\"1091\" data-end=\"1110\">Di\u00e1metro 3: 10 mm<\/p>\n<\/li>\n<\/ul>\n<p data-start=\"1112\" data-end=\"1131\"><strong data-start=\"1112\" data-end=\"1129\">Caracter\u00edsticas principales:<\/strong><\/p>\n<ul data-start=\"1132\" data-end=\"1412\">\n<li data-start=\"1132\" data-end=\"1187\">\n<p data-start=\"1134\" data-end=\"1187\">\u00c1nodo de aluminio para protecci\u00f3n de aguas salobres\/mixtas<\/p>\n<\/li>\n<li data-start=\"1188\" data-end=\"1249\">\n<p data-start=\"1190\" data-end=\"1249\">Ajuste preciso OEM para los motores de cola Volvo Penta AQ250 \/ AQ270<\/p>\n<\/li>\n<li data-start=\"1250\" data-end=\"1299\">\n<p data-start=\"1252\" data-end=\"1299\">Protecci\u00f3n anticorrosi\u00f3n duradera<\/p>\n<\/li>\n<li data-start=\"1300\" data-end=\"1345\">\n<p data-start=\"1302\" data-end=\"1345\">F\u00e1cil de instalar con las dimensiones exactas del OEM<\/p>\n<\/li>\n<li data-start=\"1346\" data-end=\"1412\">\n<p data-start=\"1348\" data-end=\"1412\">Protege el propulsor, la h\u00e9lice y otros componentes sumergidos<\/p>\n<\/li>\n<\/ul>\n<p data-start=\"1414\" data-end=\"1691\"><strong data-start=\"1414\" data-end=\"1440\">Por qu\u00e9 elegir este \u00e1nodo:<\/strong><br data-start=\"1440\" data-end=\"1443\">Utilizar el \u00e1nodo de aluminio correcto ayuda a evitar da\u00f1os en tu sistema de cola causados por la corrosi\u00f3n galv\u00e1nica. Esto garantiza la longevidad de tu inversi\u00f3n n\u00e1utica, reduce los costes de mantenimiento y mantiene el rendimiento eficaz de tu sistema de cola Volvo Penta. <\/p>\n<h3 data-start=\"1698\" data-end=\"1724\"><\/h3>\n","protected":false},"excerpt":{"rendered":"<p>El \u00e1nodo de aluminio Volvo Penta para sistemas de cola AQ250 \/ AQ270 (N\u00ba de pieza 875805) est\u00e1 dise\u00f1ado para proporcionar una protecci\u00f3n fiable contra la corrosi\u00f3n a tu sistema de cola marino en entornos de aguas salobres y mixtas. Fabricado con aluminio de alta calidad, este \u00e1nodo garantiza que los componentes de tu sistema [&hellip;]<\/p>\n","protected":false},"featured_media":44208,"comment_status":"open","ping_status":"closed","template":"","meta":[],"product_brand":[4229],"product_cat":[4486,3182,4522,2497,4302],"product_tag":[],"class_list":{"0":"post-44206","1":"product","2":"type-product","3":"status-publish","4":"has-post-thumbnail","6":"product_brand-volvo-penta","7":"product_cat-necesitas-piezas-volvo-penta","8":"product_cat-anodos","9":"product_cat-anodos-volvo-penta","10":"product_cat-piezas-de-mantenimiento-del-motor","11":"product_cat-volvo-penta","12":"pa_condition-nuevo","13":"pa_oem-or-aftermarket-posventa","15":"first","16":"onbackorder","17":"taxable","18":"shipping-taxable","19":"purchasable","20":"product-type-simple"},"supplier_id":45614,"supplier_sku":"00702AL","barcode":null,"atum_controlled":true,"out_stock_date":"2025-11-28 10:31:19","out_stock_threshold":null,"inheritable":false,"inbound_stock":0,"stock_on_hold":0,"sold_today":0,"sales_last_days":0,"reserved_stock":0,"customer_returns":0,"warehouse_damage":0,"lost_in_post":0,"other_logs":0,"out_stock_days":61,"lost_sales":0,"has_location":false,"update_date":"2026-01-29T09:10:11","atum_locations":[],"atum_stock_status":"onbackorder","restock_status":false,"low_stock_amount":1,"sales_update_date":"2026-01-29T09:10:11","calc_backorders":null,"_links":{"self":[{"href":"https:\/\/mps.digital-monkey.in\/es\/wp-json\/wp\/v2\/product\/44206","targetHints":{"allow":["GET"]}}],"collection":[{"href":"https:\/\/mps.digital-monkey.in\/es\/wp-json\/wp\/v2\/product"}],"about":[{"href":"https:\/\/mps.digital-monkey.in\/es\/wp-json\/wp\/v2\/types\/product"}],"replies":[{"embeddable":true,"href":"https:\/\/mps.digital-monkey.in\/es\/wp-json\/wp\/v2\/comments?post=44206"}],"wp:featuredmedia":[{"embeddable":true,"href":"https:\/\/mps.digital-monkey.in\/es\/wp-json\/wp\/v2\/media\/44208"}],"wp:attachment":[{"href":"https:\/\/mps.digital-monkey.in\/es\/wp-json\/wp\/v2\/media?parent=44206"}],"wp:term":[{"taxonomy":"product_brand","embeddable":true,"href":"https:\/\/mps.digital-monkey.in\/es\/wp-json\/wp\/v2\/product_brand?post=44206"},{"taxonomy":"product_cat","embeddable":true,"href":"https:\/\/mps.digital-monkey.in\/es\/wp-json\/wp\/v2\/product_cat?post=44206"},{"taxonomy":"product_tag","embeddable":true,"href":"https:\/\/mps.digital-monkey.in\/es\/wp-json\/wp\/v2\/product_tag?post=44206"}],"curies":[{"name":"wp","href":"https:\/\/api.w.org\/{rel}","templated":true}]}}