{"id":44216,"date":"2025-11-28T10:37:48","date_gmt":"2025-11-28T10:37:48","guid":{"rendered":"https:\/\/mps.digital-monkey.in\/product\/anodo-de-magnesio-volvo-penta-aq250-aq270-875805\/"},"modified":"2025-12-18T10:35:45","modified_gmt":"2025-12-18T10:35:45","slug":"anodo-de-magnesio-volvo-penta-aq250-aq270-875805","status":"publish","type":"product","link":"https:\/\/mps.digital-monkey.in\/es\/producto\/anodo-de-magnesio-volvo-penta-aq250-aq270-875805\/","title":{"rendered":"\u00c1nodo de magnesio Volvo Penta AQ250 AQ270 | 875805"},"content":{"rendered":"<p data-start=\"514\" data-end=\"887\">El \u00e1nodo<strong> de magnesio Volvo P<\/strong> enta<strong> para propulsores de popa AQ250 \/ AQ270<\/strong> (n.\u00ba de pieza 875805) est\u00e1 dise\u00f1ado para proteger tu propulsor de popa Volvo Penta de la corrosi\u00f3n galv\u00e1nica en <strong data-start=\"673\" data-end=\"700\">entornos de agua dulce<\/strong>. Fabricado con magnesio de alta calidad, este \u00e1nodo es muy activo y garantiza que tu sistema de cola, la h\u00e9lice y otros componentes sumergidos permanezcan seguros mientras mantienen un rendimiento \u00f3ptimo. <\/p>\n<p data-start=\"889\" data-end=\"911\"><strong data-start=\"889\" data-end=\"909\">Compatible con:<\/strong><\/p>\n<ul data-start=\"912\" data-end=\"955\">\n<li data-start=\"912\" data-end=\"933\">\n<p data-start=\"914\" data-end=\"933\">Volvo Penta AQ250<\/p>\n<\/li>\n<li data-start=\"934\" data-end=\"955\">\n<p data-start=\"936\" data-end=\"955\">Volvo Penta AQ270<\/p>\n<\/li>\n<\/ul>\n<p data-start=\"957\" data-end=\"980\"><strong data-start=\"957\" data-end=\"978\">Dimensiones del \u00e1nodo:<\/strong><\/p>\n<ul data-start=\"981\" data-end=\"1118\">\n<li data-start=\"981\" data-end=\"998\">\n<p data-start=\"983\" data-end=\"998\">Altura: 10 mm<\/p>\n<\/li>\n<li data-start=\"999\" data-end=\"1024\">\n<p data-start=\"1001\" data-end=\"1024\">Di\u00e1metro interior: 80 mm<\/p>\n<\/li>\n<li data-start=\"1025\" data-end=\"1051\">\n<p data-start=\"1027\" data-end=\"1051\">Di\u00e1metro exterior: 118 mm<\/p>\n<\/li>\n<li data-start=\"1052\" data-end=\"1073\">\n<p data-start=\"1054\" data-end=\"1073\">Di\u00e1metro 1: 58 mm<\/p>\n<\/li>\n<li data-start=\"1074\" data-end=\"1096\">\n<p data-start=\"1076\" data-end=\"1096\">Di\u00e1metro 2: 103 mm<\/p>\n<\/li>\n<li data-start=\"1097\" data-end=\"1118\">\n<p data-start=\"1099\" data-end=\"1118\">Di\u00e1metro 3: 10 mm<\/p>\n<\/li>\n<\/ul>\n<p data-start=\"1120\" data-end=\"1139\"><strong data-start=\"1120\" data-end=\"1137\">Caracter\u00edsticas principales:<\/strong><\/p>\n<ul data-start=\"1140\" data-end=\"1412\">\n<li data-start=\"1140\" data-end=\"1206\">\n<p data-start=\"1142\" data-end=\"1206\">\u00c1nodo de magnesio para una m\u00e1xima protecci\u00f3n contra la corrosi\u00f3n en agua dulce<\/p>\n<\/li>\n<li data-start=\"1207\" data-end=\"1260\">\n<p data-start=\"1209\" data-end=\"1260\">Ajuste OEM para motores de cola Volvo Penta AQ250 \/ AQ270<\/p>\n<\/li>\n<li data-start=\"1261\" data-end=\"1304\">\n<p data-start=\"1263\" data-end=\"1304\">Duradero y resistente para uso marino<\/p>\n<\/li>\n<li data-start=\"1305\" data-end=\"1350\">\n<p data-start=\"1307\" data-end=\"1350\">F\u00e1cil instalaci\u00f3n con dimensiones precisas<\/p>\n<\/li>\n<li data-start=\"1351\" data-end=\"1412\">\n<p data-start=\"1353\" data-end=\"1412\">Protege el propulsor, la h\u00e9lice y otras piezas sumergidas<\/p>\n<\/li>\n<\/ul>\n<p data-start=\"1414\" data-end=\"1688\"><strong data-start=\"1414\" data-end=\"1440\">Por qu\u00e9 elegir este \u00e1nodo:<\/strong><br data-start=\"1440\" data-end=\"1443\">Los \u00e1nodos de magnesio proporcionan el m\u00e1ximo nivel de protecci\u00f3n en agua dulce, evitando costosos da\u00f1os debidos a la corrosi\u00f3n galv\u00e1nica. Utilizar el \u00e1nodo correcto garantiza el funcionamiento eficaz de tu propulsor de popa y prolonga la vida \u00fatil de tu equipo marino. <\/p>\n","protected":false},"excerpt":{"rendered":"<p>El \u00e1nodo de magnesio Volvo P enta para propulsores de popa AQ250 \/ AQ270 (n.\u00ba de pieza 875805) est\u00e1 dise\u00f1ado para proteger tu propulsor de popa Volvo Penta de la corrosi\u00f3n galv\u00e1nica en entornos de agua dulce. Fabricado con magnesio de alta calidad, este \u00e1nodo es muy activo y garantiza que tu sistema de cola, [&hellip;]<\/p>\n","protected":false},"featured_media":44217,"comment_status":"open","ping_status":"closed","template":"","meta":[],"product_brand":[4229],"product_cat":[4486,3182,4522,2497,4302],"product_tag":[],"class_list":{"0":"post-44216","1":"product","2":"type-product","3":"status-publish","4":"has-post-thumbnail","6":"product_brand-volvo-penta","7":"product_cat-necesitas-piezas-volvo-penta","8":"product_cat-anodos","9":"product_cat-anodos-volvo-penta","10":"product_cat-piezas-de-mantenimiento-del-motor","11":"product_cat-volvo-penta","12":"pa_condition-nuevo","13":"pa_oem-or-aftermarket-posventa","15":"first","16":"onbackorder","17":"taxable","18":"shipping-taxable","19":"purchasable","20":"product-type-simple"},"supplier_id":45614,"supplier_sku":"00702MG","barcode":null,"atum_controlled":true,"out_stock_date":"2025-11-28 10:37:51","out_stock_threshold":null,"inheritable":false,"inbound_stock":0,"stock_on_hold":0,"sold_today":0,"sales_last_days":0,"reserved_stock":0,"customer_returns":0,"warehouse_damage":0,"lost_in_post":0,"other_logs":0,"out_stock_days":61,"lost_sales":0,"has_location":false,"update_date":"2026-01-29T09:10:18","atum_locations":[],"atum_stock_status":"onbackorder","restock_status":false,"low_stock_amount":1,"sales_update_date":"2026-01-29T09:10:18","calc_backorders":null,"_links":{"self":[{"href":"https:\/\/mps.digital-monkey.in\/es\/wp-json\/wp\/v2\/product\/44216","targetHints":{"allow":["GET"]}}],"collection":[{"href":"https:\/\/mps.digital-monkey.in\/es\/wp-json\/wp\/v2\/product"}],"about":[{"href":"https:\/\/mps.digital-monkey.in\/es\/wp-json\/wp\/v2\/types\/product"}],"replies":[{"embeddable":true,"href":"https:\/\/mps.digital-monkey.in\/es\/wp-json\/wp\/v2\/comments?post=44216"}],"wp:featuredmedia":[{"embeddable":true,"href":"https:\/\/mps.digital-monkey.in\/es\/wp-json\/wp\/v2\/media\/44217"}],"wp:attachment":[{"href":"https:\/\/mps.digital-monkey.in\/es\/wp-json\/wp\/v2\/media?parent=44216"}],"wp:term":[{"taxonomy":"product_brand","embeddable":true,"href":"https:\/\/mps.digital-monkey.in\/es\/wp-json\/wp\/v2\/product_brand?post=44216"},{"taxonomy":"product_cat","embeddable":true,"href":"https:\/\/mps.digital-monkey.in\/es\/wp-json\/wp\/v2\/product_cat?post=44216"},{"taxonomy":"product_tag","embeddable":true,"href":"https:\/\/mps.digital-monkey.in\/es\/wp-json\/wp\/v2\/product_tag?post=44216"}],"curies":[{"name":"wp","href":"https:\/\/api.w.org\/{rel}","templated":true}]}}