{"id":44224,"date":"2025-11-28T11:06:58","date_gmt":"2025-11-28T11:06:58","guid":{"rendered":"https:\/\/mps.digital-monkey.in\/product\/anodo-de-aluminio-volvo-penta-helice-simple-280-290-sterndrive-875815\/"},"modified":"2025-12-18T10:35:51","modified_gmt":"2025-12-18T10:35:51","slug":"anodo-de-aluminio-volvo-penta-helice-simple-280-290-sterndrive-875815","status":"publish","type":"product","link":"https:\/\/mps.digital-monkey.in\/es\/producto\/anodo-de-aluminio-volvo-penta-helice-simple-280-290-sterndrive-875815\/","title":{"rendered":"\u00c1nodo de aluminio Volvo Penta h\u00e9lice simple 280\/290 Sterndrive | 875815"},"content":{"rendered":"<p data-start=\"514\" data-end=\"881\">El <strong>\u00e1nodo de aluminio Volvo<\/strong> Penta para h\u00e9lice simple <strong>de propulsi\u00f3n en popa 280\/290<\/strong> (n\u00famero de pieza OEM 875815) est\u00e1 dise\u00f1ado para proporcionar <strong data-start=\"626\" data-end=\"659\">una protecci\u00f3n fiable contra la corrosi\u00f3n<\/strong> a tu propulsor en popa Volvo Penta de h\u00e9lice simple. Fabricado con aluminio de alta calidad, este \u00e1nodo es adecuado para <strong data-start=\"766\" data-end=\"807\">entornos de aguas salobres y mixtas<\/strong>, ayudando a proteger tu sistema de cola y la h\u00e9lice de la corrosi\u00f3n galv\u00e1nica. <\/p>\n<p data-start=\"883\" data-end=\"905\"><strong data-start=\"883\" data-end=\"903\">Compatible con:<\/strong><\/p>\n<ul data-start=\"906\" data-end=\"991\">\n<li data-start=\"906\" data-end=\"948\">\n<p data-start=\"908\" data-end=\"948\">Sistema de propulsi\u00f3n en popa Volvo Penta 280 de h\u00e9lice simple<\/p>\n<\/li>\n<li data-start=\"949\" data-end=\"991\">\n<p data-start=\"951\" data-end=\"991\">Sistema de propulsi\u00f3n en popa Volvo Penta 290 de h\u00e9lice simple<\/p>\n<\/li>\n<\/ul>\n<p data-start=\"993\" data-end=\"1008\"><strong data-start=\"993\" data-end=\"1006\">Material:<\/strong><\/p>\n<ul data-start=\"1009\" data-end=\"1058\">\n<li data-start=\"1009\" data-end=\"1058\">\n<p data-start=\"1011\" data-end=\"1058\">Aluminio - ideal para aguas salobres o mixtas<\/p>\n<\/li>\n<\/ul>\n<p data-start=\"1060\" data-end=\"1084\"><strong data-start=\"1060\" data-end=\"1082\">OEM \/ N\u00famero de pieza:<\/strong><\/p>\n<ul data-start=\"1085\" data-end=\"1095\">\n<li data-start=\"1085\" data-end=\"1095\">\n<p data-start=\"1087\" data-end=\"1095\">875815<\/p>\n<\/li>\n<\/ul>\n<p data-start=\"1097\" data-end=\"1116\"><strong data-start=\"1097\" data-end=\"1114\">Caracter\u00edsticas principales:<\/strong><\/p>\n<ul data-start=\"1117\" data-end=\"1331\">\n<li data-start=\"1117\" data-end=\"1172\">\n<p data-start=\"1119\" data-end=\"1172\">\u00c1nodo de aluminio para h\u00e9lices simples 280\/290<\/p>\n<\/li>\n<li data-start=\"1173\" data-end=\"1235\">\n<p data-start=\"1175\" data-end=\"1235\">Proporciona protecci\u00f3n contra la corrosi\u00f3n para el propulsor y la h\u00e9lice<\/p>\n<\/li>\n<li data-start=\"1236\" data-end=\"1288\">\n<p data-start=\"1238\" data-end=\"1288\">Resistente y duradero para entornos marinos<\/p>\n<\/li>\n<li data-start=\"1289\" data-end=\"1331\">\n<p data-start=\"1291\" data-end=\"1331\">F\u00e1cil instalaci\u00f3n con ajuste OEM preciso<\/p>\n<\/li>\n<\/ul>\n<p data-start=\"1333\" data-end=\"1549\"><strong data-start=\"1333\" data-end=\"1359\">Por qu\u00e9 elegir este \u00e1nodo:<\/strong><br data-start=\"1359\" data-end=\"1362\">Utilizar un \u00e1nodo de aluminio del tama\u00f1o adecuado garantiza que tu propulsor de popa permanezca protegido de la corrosi\u00f3n galv\u00e1nica, reduciendo los costes de mantenimiento y alargando la vida \u00fatil de tu equipo marino.<\/p>\n<h3 data-start=\"1556\" data-end=\"1582\"><\/h3>\n","protected":false},"excerpt":{"rendered":"<p>El \u00e1nodo de aluminio Volvo Penta para h\u00e9lice simple de propulsi\u00f3n en popa 280\/290 (n\u00famero de pieza OEM 875815) est\u00e1 dise\u00f1ado para proporcionar una protecci\u00f3n fiable contra la corrosi\u00f3n a tu propulsor en popa Volvo Penta de h\u00e9lice simple. Fabricado con aluminio de alta calidad, este \u00e1nodo es adecuado para entornos de aguas salobres y [&hellip;]<\/p>\n","protected":false},"featured_media":44225,"comment_status":"open","ping_status":"closed","template":"","meta":[],"product_brand":[4229],"product_cat":[4486,3182,4522,2497,4302],"product_tag":[],"class_list":{"0":"post-44224","1":"product","2":"type-product","3":"status-publish","4":"has-post-thumbnail","6":"product_brand-volvo-penta","7":"product_cat-necesitas-piezas-volvo-penta","8":"product_cat-anodos","9":"product_cat-anodos-volvo-penta","10":"product_cat-piezas-de-mantenimiento-del-motor","11":"product_cat-volvo-penta","12":"pa_condition-nuevo","13":"pa_oem-or-aftermarket-posventa","15":"first","16":"onbackorder","17":"taxable","18":"shipping-taxable","19":"purchasable","20":"product-type-simple"},"supplier_id":45614,"supplier_sku":"00703AL","barcode":null,"atum_controlled":true,"out_stock_date":"2025-11-28 11:07:03","out_stock_threshold":null,"inheritable":false,"inbound_stock":0,"stock_on_hold":0,"sold_today":0,"sales_last_days":0,"reserved_stock":0,"customer_returns":0,"warehouse_damage":0,"lost_in_post":0,"other_logs":0,"out_stock_days":61,"lost_sales":0,"has_location":false,"update_date":"2026-01-29T09:10:32","atum_locations":[],"atum_stock_status":"onbackorder","restock_status":false,"low_stock_amount":1,"sales_update_date":"2026-01-29T09:10:32","calc_backorders":null,"_links":{"self":[{"href":"https:\/\/mps.digital-monkey.in\/es\/wp-json\/wp\/v2\/product\/44224","targetHints":{"allow":["GET"]}}],"collection":[{"href":"https:\/\/mps.digital-monkey.in\/es\/wp-json\/wp\/v2\/product"}],"about":[{"href":"https:\/\/mps.digital-monkey.in\/es\/wp-json\/wp\/v2\/types\/product"}],"replies":[{"embeddable":true,"href":"https:\/\/mps.digital-monkey.in\/es\/wp-json\/wp\/v2\/comments?post=44224"}],"wp:featuredmedia":[{"embeddable":true,"href":"https:\/\/mps.digital-monkey.in\/es\/wp-json\/wp\/v2\/media\/44225"}],"wp:attachment":[{"href":"https:\/\/mps.digital-monkey.in\/es\/wp-json\/wp\/v2\/media?parent=44224"}],"wp:term":[{"taxonomy":"product_brand","embeddable":true,"href":"https:\/\/mps.digital-monkey.in\/es\/wp-json\/wp\/v2\/product_brand?post=44224"},{"taxonomy":"product_cat","embeddable":true,"href":"https:\/\/mps.digital-monkey.in\/es\/wp-json\/wp\/v2\/product_cat?post=44224"},{"taxonomy":"product_tag","embeddable":true,"href":"https:\/\/mps.digital-monkey.in\/es\/wp-json\/wp\/v2\/product_tag?post=44224"}],"curies":[{"name":"wp","href":"https:\/\/api.w.org\/{rel}","templated":true}]}}