{"id":44250,"date":"2025-11-29T09:22:56","date_gmt":"2025-11-29T09:22:56","guid":{"rendered":"https:\/\/mps.digital-monkey.in\/product\/anodo-de-zinc-volvo-penta-280-290-helice-simple-propulsion-en-popa-875815\/"},"modified":"2025-12-18T10:35:55","modified_gmt":"2025-12-18T10:35:55","slug":"anodo-de-zinc-volvo-penta-280-290-helice-simple-propulsion-en-popa-875815","status":"publish","type":"product","link":"https:\/\/mps.digital-monkey.in\/es\/product\/anodo-de-zinc-volvo-penta-280-290-helice-simple-propulsion-en-popa-875815\/","title":{"rendered":"\u00c1nodo de zinc Volvo Penta 280\/290 h\u00e9lice simple propulsi\u00f3n en popa | 875815"},"content":{"rendered":"<p data-start=\"514\" data-end=\"882\">El <strong data-start=\"518\" data-end=\"575\">\u00e1nodo de zinc Volvo Penta para propulsores de h\u00e9lice simple 280\/290<\/strong> (n.\u00ba de pieza OEM 875815) proporciona una <strong data-start=\"617\" data-end=\"641\">protecci\u00f3n fiable contra la corrosi\u00f3n<\/strong> para los propulsores de h\u00e9lice simple Volvo Penta en <strong data-start=\"685\" data-end=\"711\">entornos de agua salada<\/strong>. Fabricado con zinc de alta calidad, este \u00e1nodo evita la corrosi\u00f3n galv\u00e1nica en el sistema de cola, la h\u00e9lice y otros componentes sumergidos, ayudando a mantener un rendimiento \u00f3ptimo. <\/p>\n<p data-start=\"884\" data-end=\"906\"><strong data-start=\"884\" data-end=\"904\">Compatible con:<\/strong><\/p>\n<ul data-start=\"907\" data-end=\"992\">\n<li data-start=\"907\" data-end=\"949\">\n<p data-start=\"909\" data-end=\"949\">Sistema de propulsi\u00f3n en popa Volvo Penta 280 de h\u00e9lice simple<\/p>\n<\/li>\n<li data-start=\"950\" data-end=\"992\">\n<p data-start=\"952\" data-end=\"992\">Sistema de propulsi\u00f3n en popa Volvo Penta 290 de h\u00e9lice simple<\/p>\n<\/li>\n<\/ul>\n<p data-start=\"994\" data-end=\"1009\"><strong data-start=\"994\" data-end=\"1007\">Material:<\/strong><\/p>\n<ul data-start=\"1010\" data-end=\"1053\">\n<li data-start=\"1010\" data-end=\"1053\">\n<p data-start=\"1012\" data-end=\"1053\">Zinc &#8211; ideal para aplicaciones de agua salada<\/p>\n<\/li>\n<\/ul>\n<p data-start=\"1055\" data-end=\"1079\"><strong data-start=\"1055\" data-end=\"1077\">OEM \/ N\u00famero de pieza:<\/strong><\/p>\n<ul data-start=\"1080\" data-end=\"1090\">\n<li data-start=\"1080\" data-end=\"1090\">\n<p data-start=\"1082\" data-end=\"1090\">875815<\/p>\n<\/li>\n<\/ul>\n<p data-start=\"1092\" data-end=\"1111\"><strong data-start=\"1092\" data-end=\"1109\">Caracter\u00edsticas principales:<\/strong><\/p>\n<ul data-start=\"1112\" data-end=\"1306\">\n<li data-start=\"1112\" data-end=\"1162\">\n<p data-start=\"1114\" data-end=\"1162\">\u00c1nodo de zinc para motores de h\u00e9lice simple 280\/290<\/p>\n<\/li>\n<li data-start=\"1163\" data-end=\"1225\">\n<p data-start=\"1165\" data-end=\"1225\">Protege el propulsor y la h\u00e9lice de la corrosi\u00f3n del agua salada<\/p>\n<\/li>\n<li data-start=\"1226\" data-end=\"1272\">\n<p data-start=\"1228\" data-end=\"1272\">Protecci\u00f3n marina duradera<\/p>\n<\/li>\n<li data-start=\"1273\" data-end=\"1306\">\n<p data-start=\"1275\" data-end=\"1306\">Ajuste OEM para una f\u00e1cil instalaci\u00f3n<\/p>\n<\/li>\n<\/ul>\n<p data-start=\"1308\" data-end=\"1521\"><strong data-start=\"1308\" data-end=\"1334\">Por qu\u00e9 elegir este \u00e1nodo:<\/strong><br data-start=\"1334\" data-end=\"1337\">Utilizar un \u00e1nodo de zinc en agua salada garantiza que tu sistema de cola permanezca protegido de la corrosi\u00f3n galv\u00e1nica, alargando la vida de tu sistema de cola Volvo Penta y minimizando los costes de mantenimiento.<\/p>\n<h3 data-start=\"1528\" data-end=\"1554\"><\/h3>\n","protected":false},"excerpt":{"rendered":"<p>El \u00e1nodo de zinc Volvo Penta para propulsores de h\u00e9lice simple 280\/290 (n.\u00ba de pieza OEM 875815) proporciona una protecci\u00f3n fiable contra la corrosi\u00f3n para los propulsores de h\u00e9lice simple Volvo Penta en entornos de agua salada. Fabricado con zinc de alta calidad, este \u00e1nodo evita la corrosi\u00f3n galv\u00e1nica en el sistema de cola, la [&hellip;]<\/p>\n","protected":false},"featured_media":44251,"comment_status":"open","ping_status":"closed","template":"","meta":[],"product_brand":[4229],"product_cat":[4486,3182,4522,2497,4302],"product_tag":[],"class_list":{"0":"post-44250","1":"product","2":"type-product","3":"status-publish","4":"has-post-thumbnail","6":"product_brand-volvo-penta","7":"product_cat-necesitas-piezas-volvo-penta","8":"product_cat-anodos","9":"product_cat-anodos-volvo-penta","10":"product_cat-piezas-de-mantenimiento-del-motor","11":"product_cat-volvo-penta","12":"pa_condition-nuevo","13":"pa_oem-or-aftermarket-posventa","15":"first","16":"onbackorder","17":"taxable","18":"shipping-taxable","19":"purchasable","20":"product-type-simple"},"supplier_id":45614,"supplier_sku":"00703","barcode":null,"atum_controlled":true,"out_stock_date":"2025-11-29 09:22:59","out_stock_threshold":null,"inheritable":false,"inbound_stock":0,"stock_on_hold":0,"sold_today":0,"sales_last_days":0,"reserved_stock":0,"customer_returns":0,"warehouse_damage":0,"lost_in_post":0,"other_logs":0,"out_stock_days":60,"lost_sales":0,"has_location":false,"update_date":"2026-01-29T09:10:57","atum_locations":[],"atum_stock_status":"onbackorder","restock_status":false,"low_stock_amount":1,"sales_update_date":"2026-01-29T09:10:57","calc_backorders":null,"_links":{"self":[{"href":"https:\/\/mps.digital-monkey.in\/es\/wp-json\/wp\/v2\/product\/44250","targetHints":{"allow":["GET"]}}],"collection":[{"href":"https:\/\/mps.digital-monkey.in\/es\/wp-json\/wp\/v2\/product"}],"about":[{"href":"https:\/\/mps.digital-monkey.in\/es\/wp-json\/wp\/v2\/types\/product"}],"replies":[{"embeddable":true,"href":"https:\/\/mps.digital-monkey.in\/es\/wp-json\/wp\/v2\/comments?post=44250"}],"wp:featuredmedia":[{"embeddable":true,"href":"https:\/\/mps.digital-monkey.in\/es\/wp-json\/wp\/v2\/media\/44251"}],"wp:attachment":[{"href":"https:\/\/mps.digital-monkey.in\/es\/wp-json\/wp\/v2\/media?parent=44250"}],"wp:term":[{"taxonomy":"product_brand","embeddable":true,"href":"https:\/\/mps.digital-monkey.in\/es\/wp-json\/wp\/v2\/product_brand?post=44250"},{"taxonomy":"product_cat","embeddable":true,"href":"https:\/\/mps.digital-monkey.in\/es\/wp-json\/wp\/v2\/product_cat?post=44250"},{"taxonomy":"product_tag","embeddable":true,"href":"https:\/\/mps.digital-monkey.in\/es\/wp-json\/wp\/v2\/product_tag?post=44250"}],"curies":[{"name":"wp","href":"https:\/\/api.w.org\/{rel}","templated":true}]}}