{"id":44269,"date":"2025-11-29T10:01:07","date_gmt":"2025-11-29T10:01:07","guid":{"rendered":"https:\/\/mps.digital-monkey.in\/product\/volvo-penta-290-duo-prop-anode-zinc-875821\/"},"modified":"2025-12-18T10:36:01","modified_gmt":"2025-12-18T10:36:01","slug":"volvo-penta-290-duo-prop-anode-zinc-875821","status":"publish","type":"product","link":"https:\/\/mps.digital-monkey.in\/es\/producto\/volvo-penta-290-duo-prop-anode-zinc-875821\/","title":{"rendered":"Volvo Penta 290 Duo Prop Anode Zinc | 875821"},"content":{"rendered":"<p data-start=\"544\" data-end=\"867\">El <strong data-start=\"548\" data-end=\"601\">\u00e1nodo de anillo de zinc Volvo P<\/strong> enta 290 Duo <strong data-start=\"548\" data-end=\"601\">Prop (875821)<\/strong> proporciona una protecci\u00f3n anticorrosi\u00f3n esencial para todas las unidades de propulsi\u00f3n exterior Volvo Penta 290 Duo Prop. Dise\u00f1ado para un rendimiento \u00f3ptimo en <strong data-start=\"727\" data-end=\"753\">entornos de agua salada<\/strong>, este \u00e1nodo de anillo de zinc ayuda a evitar la corrosi\u00f3n galv\u00e1nica en tu propulsor, h\u00e9lices y componentes de la unidad inferior. <\/p>\n<p data-start=\"869\" data-end=\"1060\">Fabricado conforme a las especificaciones originales, el \u00e1nodo anular 875821 garantiza un ajuste perfecto y una instalaci\u00f3n sencilla, manteniendo tu fueraborda protegido y alargando su vida \u00fatil.<\/p>\n<p data-start=\"1062\" data-end=\"1084\"><strong data-start=\"1062\" data-end=\"1082\">Compatible con:<\/strong><\/p>\n<ul data-start=\"1085\" data-end=\"1136\">\n<li data-start=\"1085\" data-end=\"1136\">\n<p data-start=\"1087\" data-end=\"1136\">Propulsor Volvo Penta 290 Duo Prop outdrives<\/p>\n<\/li>\n<\/ul>\n<p data-start=\"1138\" data-end=\"1153\"><strong data-start=\"1138\" data-end=\"1151\">Material:<\/strong><\/p>\n<ul data-start=\"1154\" data-end=\"1188\">\n<li data-start=\"1154\" data-end=\"1188\">\n<p data-start=\"1156\" data-end=\"1188\">Zinc (recomendado para agua salada)<\/p>\n<\/li>\n<\/ul>\n<p data-start=\"1190\" data-end=\"1219\"><strong data-start=\"1190\" data-end=\"1217\">OEM \/ N\u00famero de referencia:<\/strong><\/p>\n<ul data-start=\"1220\" data-end=\"1228\">\n<li data-start=\"1220\" data-end=\"1228\">\n<p data-start=\"1222\" data-end=\"1228\">875821<\/p>\n<\/li>\n<\/ul>\n<p data-start=\"1230\" data-end=\"1245\"><strong data-start=\"1230\" data-end=\"1243\">Caracter\u00edsticas:<\/strong><\/p>\n<ul data-start=\"1246\" data-end=\"1414\">\n<li data-start=\"1246\" data-end=\"1302\">\n<p data-start=\"1248\" data-end=\"1302\">\u00c1nodo anular de zinc de alta calidad para propulsores 290 Duo Prop<\/p>\n<\/li>\n<li data-start=\"1303\" data-end=\"1343\">\n<p data-start=\"1305\" data-end=\"1343\">Protege contra la corrosi\u00f3n del agua salada<\/p>\n<\/li>\n<li data-start=\"1344\" data-end=\"1370\">\n<p data-start=\"1346\" data-end=\"1370\">Sustituci\u00f3n directa<\/p>\n<\/li>\n<li data-start=\"1371\" data-end=\"1414\">\n<p data-start=\"1373\" data-end=\"1414\">Aleaci\u00f3n marina duradera y fiable<\/p>\n<\/li>\n<\/ul>\n<p data-start=\"1416\" data-end=\"1526\">Para obtener el mejor rendimiento, inspecciona los \u00e1nodos con regularidad y sustit\u00fayelos siempre que est\u00e9n agotados m\u00e1s del 50%.<\/p>\n","protected":false},"excerpt":{"rendered":"<p>El \u00e1nodo de anillo de zinc Volvo P enta 290 Duo Prop (875821) proporciona una protecci\u00f3n anticorrosi\u00f3n esencial para todas las unidades de propulsi\u00f3n exterior Volvo Penta 290 Duo Prop. Dise\u00f1ado para un rendimiento \u00f3ptimo en entornos de agua salada, este \u00e1nodo de anillo de zinc ayuda a evitar la corrosi\u00f3n galv\u00e1nica en tu propulsor, [&hellip;]<\/p>\n","protected":false},"featured_media":44271,"comment_status":"open","ping_status":"closed","template":"","meta":[],"product_brand":[4229],"product_cat":[4486,3182,4522,2497,4302],"product_tag":[],"class_list":{"0":"post-44269","1":"product","2":"type-product","3":"status-publish","4":"has-post-thumbnail","6":"product_brand-volvo-penta","7":"product_cat-necesitas-piezas-volvo-penta","8":"product_cat-anodos","9":"product_cat-anodos-volvo-penta","10":"product_cat-piezas-de-mantenimiento-del-motor","11":"product_cat-volvo-penta","12":"pa_condition-nuevo","13":"pa_oem-or-aftermarket-posventa","15":"first","16":"onbackorder","17":"sale","18":"taxable","19":"shipping-taxable","20":"purchasable","21":"product-type-simple"},"supplier_id":45614,"supplier_sku":"00704BIS","barcode":null,"atum_controlled":true,"out_stock_date":"2025-11-29 10:01:11","out_stock_threshold":null,"inheritable":false,"inbound_stock":0,"stock_on_hold":0,"sold_today":0,"sales_last_days":0,"reserved_stock":0,"customer_returns":0,"warehouse_damage":0,"lost_in_post":0,"other_logs":0,"out_stock_days":60,"lost_sales":0,"has_location":false,"update_date":"2026-01-29T09:10:32","atum_locations":[],"atum_stock_status":"onbackorder","restock_status":false,"low_stock_amount":1,"sales_update_date":"2026-01-29T09:10:32","calc_backorders":null,"_links":{"self":[{"href":"https:\/\/mps.digital-monkey.in\/es\/wp-json\/wp\/v2\/product\/44269","targetHints":{"allow":["GET"]}}],"collection":[{"href":"https:\/\/mps.digital-monkey.in\/es\/wp-json\/wp\/v2\/product"}],"about":[{"href":"https:\/\/mps.digital-monkey.in\/es\/wp-json\/wp\/v2\/types\/product"}],"replies":[{"embeddable":true,"href":"https:\/\/mps.digital-monkey.in\/es\/wp-json\/wp\/v2\/comments?post=44269"}],"wp:featuredmedia":[{"embeddable":true,"href":"https:\/\/mps.digital-monkey.in\/es\/wp-json\/wp\/v2\/media\/44271"}],"wp:attachment":[{"href":"https:\/\/mps.digital-monkey.in\/es\/wp-json\/wp\/v2\/media?parent=44269"}],"wp:term":[{"taxonomy":"product_brand","embeddable":true,"href":"https:\/\/mps.digital-monkey.in\/es\/wp-json\/wp\/v2\/product_brand?post=44269"},{"taxonomy":"product_cat","embeddable":true,"href":"https:\/\/mps.digital-monkey.in\/es\/wp-json\/wp\/v2\/product_cat?post=44269"},{"taxonomy":"product_tag","embeddable":true,"href":"https:\/\/mps.digital-monkey.in\/es\/wp-json\/wp\/v2\/product_tag?post=44269"}],"curies":[{"name":"wp","href":"https:\/\/api.w.org\/{rel}","templated":true}]}}