{"id":44289,"date":"2025-11-29T10:24:29","date_gmt":"2025-11-29T10:24:29","guid":{"rendered":"https:\/\/mps.digital-monkey.in\/product\/volvo-penta-290-duo-prop-outdrive-anillo-anodo-aluminio-875821\/"},"modified":"2025-12-18T10:36:10","modified_gmt":"2025-12-18T10:36:10","slug":"volvo-penta-290-duo-prop-outdrive-anillo-anodo-aluminio-875821","status":"publish","type":"product","link":"https:\/\/mps.digital-monkey.in\/es\/product\/volvo-penta-290-duo-prop-outdrive-anillo-anodo-aluminio-875821\/","title":{"rendered":"Volvo Penta 290 Duo Prop Outdrive Anillo \u00c1nodo Aluminio | 875821"},"content":{"rendered":"<p data-start=\"436\" data-end=\"784\">El \u00e1nodo <strong data-start=\"440\" data-end=\"498\">de anillo de aluminio del propulsor exterior Volvo Penta<\/strong> 290 Duo Prop (ref. 875821) proporciona una protecci\u00f3n anticorrosi\u00f3n esencial para tu propulsor exterior Volvo Penta 290 Duo Prop. Dise\u00f1ado para un rendimiento \u00f3ptimo en <strong data-start=\"641\" data-end=\"659\">aguas salobres<\/strong> o en <strong data-start=\"663\" data-end=\"689\">entornos de uso mixto<\/strong>, este \u00e1nodo de aluminio ayuda a evitar la corrosi\u00f3n galv\u00e1nica en el conjunto del propulsor y la h\u00e9lice. <\/p>\n<p data-start=\"786\" data-end=\"808\"><strong data-start=\"786\" data-end=\"806\">Compatible con:<\/strong><\/p>\n<ul data-start=\"809\" data-end=\"847\">\n<li data-start=\"809\" data-end=\"847\">\n<p data-start=\"811\" data-end=\"847\">Propulsor Volvo Penta 290 Duo Prop outdrives<\/p>\n<\/li>\n<\/ul>\n<p data-start=\"849\" data-end=\"864\"><strong data-start=\"849\" data-end=\"862\">Material:<\/strong><\/p>\n<ul data-start=\"865\" data-end=\"939\">\n<li data-start=\"865\" data-end=\"939\">\n<p data-start=\"867\" data-end=\"939\">Aluminio &#8211; ideal para agua salobre y entornos mixtos sal\/fresco<\/p>\n<\/li>\n<\/ul>\n<p data-start=\"941\" data-end=\"976\"><strong data-start=\"941\" data-end=\"974\">OEM \/ N\u00famero de pieza equivalente:<\/strong><\/p>\n<ul data-start=\"977\" data-end=\"987\">\n<li data-start=\"977\" data-end=\"987\">\n<p data-start=\"979\" data-end=\"987\">875821<\/p>\n<\/li>\n<\/ul>\n<p data-start=\"989\" data-end=\"1004\"><strong data-start=\"989\" data-end=\"1002\">Caracter\u00edsticas:<\/strong><\/p>\n<ul data-start=\"1005\" data-end=\"1212\">\n<li data-start=\"1005\" data-end=\"1054\">\n<p data-start=\"1007\" data-end=\"1054\">\u00c1nodo de aluminio de alta calidad para el Puntal 290 Duo<\/p>\n<\/li>\n<li data-start=\"1055\" data-end=\"1108\">\n<p data-start=\"1057\" data-end=\"1108\">Protege el propulsor y las h\u00e9lices de la corrosi\u00f3n<\/p>\n<\/li>\n<li data-start=\"1109\" data-end=\"1163\">\n<p data-start=\"1111\" data-end=\"1163\">Duradero y eficaz en aguas salobres\/mezcladas<\/p>\n<\/li>\n<li data-start=\"1164\" data-end=\"1212\">\n<p data-start=\"1166\" data-end=\"1212\">Recambio de ajuste directo para facilitar la instalaci\u00f3n<\/p>\n<\/li>\n<\/ul>\n<p data-start=\"1214\" data-end=\"1328\">Mant\u00e9n la vida \u00fatil y el rendimiento de tu propulsor Volvo Penta Duo Prop con este duradero \u00e1nodo de anillo de aluminio.<\/p>\n","protected":false},"excerpt":{"rendered":"<p>El \u00e1nodo de anillo de aluminio del propulsor exterior Volvo Penta 290 Duo Prop (ref. 875821) proporciona una protecci\u00f3n anticorrosi\u00f3n esencial para tu propulsor exterior Volvo Penta 290 Duo Prop. Dise\u00f1ado para un rendimiento \u00f3ptimo en aguas salobres o en entornos de uso mixto, este \u00e1nodo de aluminio ayuda a evitar la corrosi\u00f3n galv\u00e1nica en [&hellip;]<\/p>\n","protected":false},"featured_media":44290,"comment_status":"open","ping_status":"closed","template":"","meta":[],"product_brand":[4229],"product_cat":[4486,3182,4522,2497,4302],"product_tag":[],"class_list":{"0":"post-44289","1":"product","2":"type-product","3":"status-publish","4":"has-post-thumbnail","6":"product_brand-volvo-penta","7":"product_cat-necesitas-piezas-volvo-penta","8":"product_cat-anodos","9":"product_cat-anodos-volvo-penta","10":"product_cat-piezas-de-mantenimiento-del-motor","11":"product_cat-volvo-penta","12":"pa_condition-nuevo","13":"pa_oem-or-aftermarket-posventa","15":"first","16":"onbackorder","17":"sale","18":"taxable","19":"shipping-taxable","20":"purchasable","21":"product-type-simple"},"supplier_id":45614,"supplier_sku":"00704BISAL","barcode":null,"atum_controlled":true,"out_stock_date":"2025-11-29 10:24:32","out_stock_threshold":null,"inheritable":false,"inbound_stock":0,"stock_on_hold":0,"sold_today":0,"sales_last_days":0,"reserved_stock":0,"customer_returns":0,"warehouse_damage":0,"lost_in_post":0,"other_logs":0,"out_stock_days":60,"lost_sales":0,"has_location":false,"update_date":"2026-01-29T09:10:25","atum_locations":[],"atum_stock_status":"onbackorder","restock_status":false,"low_stock_amount":1,"sales_update_date":"2026-01-29T09:10:25","calc_backorders":null,"_links":{"self":[{"href":"https:\/\/mps.digital-monkey.in\/es\/wp-json\/wp\/v2\/product\/44289","targetHints":{"allow":["GET"]}}],"collection":[{"href":"https:\/\/mps.digital-monkey.in\/es\/wp-json\/wp\/v2\/product"}],"about":[{"href":"https:\/\/mps.digital-monkey.in\/es\/wp-json\/wp\/v2\/types\/product"}],"replies":[{"embeddable":true,"href":"https:\/\/mps.digital-monkey.in\/es\/wp-json\/wp\/v2\/comments?post=44289"}],"wp:featuredmedia":[{"embeddable":true,"href":"https:\/\/mps.digital-monkey.in\/es\/wp-json\/wp\/v2\/media\/44290"}],"wp:attachment":[{"href":"https:\/\/mps.digital-monkey.in\/es\/wp-json\/wp\/v2\/media?parent=44289"}],"wp:term":[{"taxonomy":"product_brand","embeddable":true,"href":"https:\/\/mps.digital-monkey.in\/es\/wp-json\/wp\/v2\/product_brand?post=44289"},{"taxonomy":"product_cat","embeddable":true,"href":"https:\/\/mps.digital-monkey.in\/es\/wp-json\/wp\/v2\/product_cat?post=44289"},{"taxonomy":"product_tag","embeddable":true,"href":"https:\/\/mps.digital-monkey.in\/es\/wp-json\/wp\/v2\/product_tag?post=44289"}],"curies":[{"name":"wp","href":"https:\/\/api.w.org\/{rel}","templated":true}]}}