{"id":44330,"date":"2025-11-29T11:19:48","date_gmt":"2025-11-29T11:19:48","guid":{"rendered":"https:\/\/mps.digital-monkey.in\/product\/anodo-de-magnesio-volvo-penta-110s-saildrive-875812\/"},"modified":"2025-12-18T10:36:25","modified_gmt":"2025-12-18T10:36:25","slug":"anodo-de-magnesio-volvo-penta-110s-saildrive-875812","status":"publish","type":"product","link":"https:\/\/mps.digital-monkey.in\/es\/product\/anodo-de-magnesio-volvo-penta-110s-saildrive-875812\/","title":{"rendered":"\u00c1nodo de magnesio Volvo Penta 110S Saildrive | 875812"},"content":{"rendered":"<p data-start=\"502\" data-end=\"810\">Este <strong data-start=\"507\" data-end=\"553\">\u00e1nodo de magnesio Volvo Penta 110S Saildrive<\/strong> (ref. 875812) proporciona una excelente protecci\u00f3n contra la corrosi\u00f3n para los saildrives que funcionan en <strong data-start=\"642\" data-end=\"669\">entornos de agua dulce<\/strong>. El magnesio ofrece una protecci\u00f3n sacrificial superior en aguas de baja conductividad, por lo que es el material recomendado para lagos y r\u00edos interiores. <\/p>\n<p data-start=\"812\" data-end=\"991\">Dise\u00f1ado espec\u00edficamente para el <strong data-start=\"842\" data-end=\"872\">propulsor saildrive Volvo Penta 110S<\/strong>, este \u00e1nodo garantiza un ajuste adecuado y un rendimiento constante, protegiendo los componentes cr\u00edticos de la corrosi\u00f3n galv\u00e1nica.<\/p>\n<h3 data-start=\"993\" data-end=\"1014\">Compatible con<\/h3>\n<ul data-start=\"1015\" data-end=\"1043\">\n<li data-start=\"1015\" data-end=\"1043\">\n<p data-start=\"1017\" data-end=\"1043\">Volvo Penta 110S Saildrive<\/p>\n<\/li>\n<\/ul>\n<h3 data-start=\"1045\" data-end=\"1059\">Material<\/h3>\n<ul data-start=\"1060\" data-end=\"1088\">\n<li data-start=\"1060\" data-end=\"1088\">\n<p data-start=\"1062\" data-end=\"1088\">Magnesio (uso en agua dulce)<\/p>\n<\/li>\n<\/ul>\n<h3 data-start=\"1090\" data-end=\"1107\">N\u00famero de pieza<\/h3>\n<ul data-start=\"1108\" data-end=\"1150\">\n<li data-start=\"1108\" data-end=\"1120\">\n<p data-start=\"1110\" data-end=\"1120\">875812<\/p>\n<\/li>\n<li data-start=\"1121\" data-end=\"1150\">\n<p data-start=\"1123\" data-end=\"1150\">Sustituye a Volvo Penta 875812<\/p>\n<\/li>\n<\/ul>\n<h3 data-start=\"1152\" data-end=\"1170\">Caracter\u00edsticas principales<\/h3>\n<ul data-start=\"1171\" data-end=\"1389\">\n<li data-start=\"1171\" data-end=\"1221\">\n<p data-start=\"1173\" data-end=\"1221\">\u00c1nodo de magnesio ideal para el funcionamiento en agua dulce<\/p>\n<\/li>\n<li data-start=\"1222\" data-end=\"1277\">\n<p data-start=\"1224\" data-end=\"1277\">Protege el 110S de la corrosi\u00f3n galv\u00e1nica<\/p>\n<\/li>\n<li data-start=\"1278\" data-end=\"1326\">\n<p data-start=\"1280\" data-end=\"1326\">Recambio de ajuste directo para facilitar la instalaci\u00f3n<\/p>\n<\/li>\n<li data-start=\"1327\" data-end=\"1389\">\n<p data-start=\"1329\" data-end=\"1389\">Garantiza una protecci\u00f3n a largo plazo y un rendimiento \u00f3ptimo del accionamiento<\/p>\n<\/li>\n<\/ul>\n","protected":false},"excerpt":{"rendered":"<p>Este \u00e1nodo de magnesio Volvo Penta 110S Saildrive (ref. 875812) proporciona una excelente protecci\u00f3n contra la corrosi\u00f3n para los saildrives que funcionan en entornos de agua dulce. El magnesio ofrece una protecci\u00f3n sacrificial superior en aguas de baja conductividad, por lo que es el material recomendado para lagos y r\u00edos interiores. Dise\u00f1ado espec\u00edficamente para el [&hellip;]<\/p>\n","protected":false},"featured_media":44331,"comment_status":"open","ping_status":"closed","template":"","meta":[],"product_brand":[4229],"product_cat":[4486,3182,4522,2497,4302],"product_tag":[],"class_list":{"0":"post-44330","1":"product","2":"type-product","3":"status-publish","4":"has-post-thumbnail","6":"product_brand-volvo-penta","7":"product_cat-necesitas-piezas-volvo-penta","8":"product_cat-anodos","9":"product_cat-anodos-volvo-penta","10":"product_cat-piezas-de-mantenimiento-del-motor","11":"product_cat-volvo-penta","12":"pa_condition-nuevo","13":"pa_model-110s","14":"pa_oem-or-aftermarket-posventa","16":"first","17":"instock","18":"taxable","19":"shipping-taxable","20":"purchasable","21":"product-type-simple"},"supplier_id":45614,"supplier_sku":"00705MG","barcode":null,"atum_controlled":true,"out_stock_date":null,"out_stock_threshold":null,"inheritable":false,"inbound_stock":0,"stock_on_hold":0,"sold_today":0,"sales_last_days":0,"reserved_stock":0,"customer_returns":0,"warehouse_damage":0,"lost_in_post":0,"other_logs":0,"out_stock_days":0,"lost_sales":0,"has_location":false,"update_date":"2026-01-29T09:11:06","atum_locations":[],"atum_stock_status":"instock","restock_status":false,"low_stock_amount":1,"sales_update_date":"2026-01-29T09:11:06","calc_backorders":null,"_links":{"self":[{"href":"https:\/\/mps.digital-monkey.in\/es\/wp-json\/wp\/v2\/product\/44330","targetHints":{"allow":["GET"]}}],"collection":[{"href":"https:\/\/mps.digital-monkey.in\/es\/wp-json\/wp\/v2\/product"}],"about":[{"href":"https:\/\/mps.digital-monkey.in\/es\/wp-json\/wp\/v2\/types\/product"}],"replies":[{"embeddable":true,"href":"https:\/\/mps.digital-monkey.in\/es\/wp-json\/wp\/v2\/comments?post=44330"}],"wp:featuredmedia":[{"embeddable":true,"href":"https:\/\/mps.digital-monkey.in\/es\/wp-json\/wp\/v2\/media\/44331"}],"wp:attachment":[{"href":"https:\/\/mps.digital-monkey.in\/es\/wp-json\/wp\/v2\/media?parent=44330"}],"wp:term":[{"taxonomy":"product_brand","embeddable":true,"href":"https:\/\/mps.digital-monkey.in\/es\/wp-json\/wp\/v2\/product_brand?post=44330"},{"taxonomy":"product_cat","embeddable":true,"href":"https:\/\/mps.digital-monkey.in\/es\/wp-json\/wp\/v2\/product_cat?post=44330"},{"taxonomy":"product_tag","embeddable":true,"href":"https:\/\/mps.digital-monkey.in\/es\/wp-json\/wp\/v2\/product_tag?post=44330"}],"curies":[{"name":"wp","href":"https:\/\/api.w.org\/{rel}","templated":true}]}}