{"id":44348,"date":"2025-11-29T12:51:51","date_gmt":"2025-11-29T12:51:51","guid":{"rendered":"https:\/\/mps.digital-monkey.in\/product\/anodo-de-aluminio-volvo-penta-120s-saildrive-851983-876286\/"},"modified":"2025-12-18T10:36:33","modified_gmt":"2025-12-18T10:36:33","slug":"anodo-de-aluminio-volvo-penta-120s-saildrive-851983-876286","status":"publish","type":"product","link":"https:\/\/mps.digital-monkey.in\/es\/product\/anodo-de-aluminio-volvo-penta-120s-saildrive-851983-876286\/","title":{"rendered":"\u00c1nodo de aluminio Volvo Penta 120S Saildrive | 851983-876286"},"content":{"rendered":"<p data-start=\"463\" data-end=\"823\">El <strong data-start=\"467\" data-end=\"513\">\u00e1nodo de aluminio del motor Sa<\/strong> ildrive <strong data-start=\"467\" data-end=\"513\">120S Volvo Penta<\/strong> (n\u00fameros OEM 851983, 876286) est\u00e1 dise\u00f1ado para proporcionar una <strong data-start=\"576\" data-end=\"600\">protecci\u00f3n fiable contra la corrosi\u00f3n<\/strong> a tu motor Saildrive 120S. Fabricado en aluminio de alta calidad, este \u00e1nodo es ideal para <strong data-start=\"684\" data-end=\"725\">entornos de aguas salobres y mixtas<\/strong>, ya que ayuda a proteger el Saildrive, la h\u00e9lice y los componentes sumergidos de la corrosi\u00f3n galv\u00e1nica.<\/p>\n<p data-start=\"825\" data-end=\"847\"><strong data-start=\"825\" data-end=\"845\">Compatible con:<\/strong><\/p>\n<ul data-start=\"848\" data-end=\"878\">\n<li data-start=\"848\" data-end=\"878\">\n<p data-start=\"850\" data-end=\"878\">Volvo Penta 120S Saildrive<\/p>\n<\/li>\n<\/ul>\n<p data-start=\"880\" data-end=\"895\"><strong data-start=\"880\" data-end=\"893\">Material:<\/strong><\/p>\n<ul data-start=\"896\" data-end=\"945\">\n<li data-start=\"896\" data-end=\"945\">\n<p data-start=\"898\" data-end=\"945\">Aluminio &#8211; adecuado para aguas salobres\/mezcladas<\/p>\n<\/li>\n<\/ul>\n<p data-start=\"947\" data-end=\"966\"><strong data-start=\"947\" data-end=\"964\">Caracter\u00edsticas principales:<\/strong><\/p>\n<ul data-start=\"967\" data-end=\"1136\">\n<li data-start=\"967\" data-end=\"1005\">\n<p data-start=\"969\" data-end=\"1005\">\u00c1nodo de aluminio para Saildrive 120S<\/p>\n<\/li>\n<li data-start=\"1006\" data-end=\"1055\">\n<p data-start=\"1008\" data-end=\"1055\">Evita la corrosi\u00f3n y alarga la vida del Saildrive<\/p>\n<\/li>\n<li data-start=\"1056\" data-end=\"1089\">\n<p data-start=\"1058\" data-end=\"1089\">Ajuste OEM para una f\u00e1cil instalaci\u00f3n<\/p>\n<\/li>\n<li data-start=\"1090\" data-end=\"1136\">\n<p data-start=\"1092\" data-end=\"1136\">Protecci\u00f3n marina duradera<\/p>\n<\/li>\n<\/ul>\n","protected":false},"excerpt":{"rendered":"<p>El \u00e1nodo de aluminio del motor Sa ildrive 120S Volvo Penta (n\u00fameros OEM 851983, 876286) est\u00e1 dise\u00f1ado para proporcionar una protecci\u00f3n fiable contra la corrosi\u00f3n a tu motor Saildrive 120S. Fabricado en aluminio de alta calidad, este \u00e1nodo es ideal para entornos de aguas salobres y mixtas, ya que ayuda a proteger el Saildrive, la [&hellip;]<\/p>\n","protected":false},"featured_media":44349,"comment_status":"open","ping_status":"closed","template":"","meta":[],"product_brand":[4229],"product_cat":[4486,3182,4522,2497,4598,4302],"product_tag":[],"class_list":{"0":"post-44348","1":"product","2":"type-product","3":"status-publish","4":"has-post-thumbnail","6":"product_brand-volvo-penta","7":"product_cat-necesitas-piezas-volvo-penta","8":"product_cat-anodos","9":"product_cat-anodos-volvo-penta","10":"product_cat-piezas-de-mantenimiento-del-motor","11":"product_cat-recambios-volvo-penta-120s-saildrive-service","12":"product_cat-volvo-penta","13":"pa_condition-nuevo","14":"pa_model-120s","15":"pa_oem-or-aftermarket-posventa","17":"first","18":"instock","19":"taxable","20":"shipping-taxable","21":"purchasable","22":"product-type-simple"},"supplier_id":45614,"supplier_sku":"00706AL","barcode":null,"atum_controlled":true,"out_stock_date":null,"out_stock_threshold":null,"inheritable":false,"inbound_stock":0,"stock_on_hold":0,"sold_today":0,"sales_last_days":0,"reserved_stock":0,"customer_returns":0,"warehouse_damage":0,"lost_in_post":0,"other_logs":0,"out_stock_days":0,"lost_sales":0,"has_location":false,"update_date":"2026-01-29T09:10:32","atum_locations":[],"atum_stock_status":"instock","restock_status":false,"low_stock_amount":1,"sales_update_date":"2026-01-29T09:10:32","calc_backorders":null,"_links":{"self":[{"href":"https:\/\/mps.digital-monkey.in\/es\/wp-json\/wp\/v2\/product\/44348","targetHints":{"allow":["GET"]}}],"collection":[{"href":"https:\/\/mps.digital-monkey.in\/es\/wp-json\/wp\/v2\/product"}],"about":[{"href":"https:\/\/mps.digital-monkey.in\/es\/wp-json\/wp\/v2\/types\/product"}],"replies":[{"embeddable":true,"href":"https:\/\/mps.digital-monkey.in\/es\/wp-json\/wp\/v2\/comments?post=44348"}],"wp:featuredmedia":[{"embeddable":true,"href":"https:\/\/mps.digital-monkey.in\/es\/wp-json\/wp\/v2\/media\/44349"}],"wp:attachment":[{"href":"https:\/\/mps.digital-monkey.in\/es\/wp-json\/wp\/v2\/media?parent=44348"}],"wp:term":[{"taxonomy":"product_brand","embeddable":true,"href":"https:\/\/mps.digital-monkey.in\/es\/wp-json\/wp\/v2\/product_brand?post=44348"},{"taxonomy":"product_cat","embeddable":true,"href":"https:\/\/mps.digital-monkey.in\/es\/wp-json\/wp\/v2\/product_cat?post=44348"},{"taxonomy":"product_tag","embeddable":true,"href":"https:\/\/mps.digital-monkey.in\/es\/wp-json\/wp\/v2\/product_tag?post=44348"}],"curies":[{"name":"wp","href":"https:\/\/api.w.org\/{rel}","templated":true}]}}