{"id":44357,"date":"2025-11-29T12:59:59","date_gmt":"2025-11-29T12:59:59","guid":{"rendered":"https:\/\/mps.digital-monkey.in\/product\/anodo-de-magnesio-volvo-penta-120s-saildrive-851983-876286\/"},"modified":"2025-12-18T10:36:41","modified_gmt":"2025-12-18T10:36:41","slug":"anodo-de-magnesio-volvo-penta-120s-saildrive-851983-876286","status":"publish","type":"product","link":"https:\/\/mps.digital-monkey.in\/es\/product\/anodo-de-magnesio-volvo-penta-120s-saildrive-851983-876286\/","title":{"rendered":"\u00c1nodo de magnesio Volvo Penta 120S Saildrive | 851983-876286"},"content":{"rendered":"<p data-start=\"451\" data-end=\"847\">El <strong data-start=\"455\" data-end=\"501\">\u00e1nodo de magnesio del motor Saildrive 120S Volvo Penta<\/strong> (n\u00fameros OEM 851983-876286) est\u00e1 dise\u00f1ado para proteger tu motor Saildrive 120S de la corrosi\u00f3n galv\u00e1nica en <strong data-start=\"602\" data-end=\"629\">entornos de agua dulce<\/strong>. Fabricado con magnesio de alta calidad, este \u00e1nodo proporciona el m\u00e1ximo nivel de protecci\u00f3n electroqu\u00edmica, ayudando a mantener la integridad y el rendimiento de tu Saildrive, h\u00e9lice y otros componentes sumergidos.<\/p>\n<p data-start=\"849\" data-end=\"871\"><strong data-start=\"849\" data-end=\"869\">Compatible con:<\/strong><\/p>\n<ul data-start=\"872\" data-end=\"902\">\n<li data-start=\"872\" data-end=\"902\">\n<p data-start=\"874\" data-end=\"902\">Volvo Penta 120S Saildrive<\/p>\n<\/li>\n<\/ul>\n<p data-start=\"904\" data-end=\"919\"><strong data-start=\"904\" data-end=\"917\">Material:<\/strong><\/p>\n<ul data-start=\"920\" data-end=\"956\">\n<li data-start=\"920\" data-end=\"956\">\n<p data-start=\"922\" data-end=\"956\">Magnesio &#8211; ideal para agua dulce<\/p>\n<\/li>\n<\/ul>\n<p data-start=\"958\" data-end=\"977\"><strong data-start=\"958\" data-end=\"975\">Caracter\u00edsticas principales:<\/strong><\/p>\n<ul data-start=\"978\" data-end=\"1163\">\n<li data-start=\"978\" data-end=\"1034\">\n<p data-start=\"980\" data-end=\"1034\">\u00c1nodo de magnesio para una protecci\u00f3n m\u00e1xima en agua dulce<\/p>\n<\/li>\n<li data-start=\"1035\" data-end=\"1068\">\n<p data-start=\"1037\" data-end=\"1068\">Ajuste OEM para una f\u00e1cil instalaci\u00f3n<\/p>\n<\/li>\n<li data-start=\"1069\" data-end=\"1116\">\n<p data-start=\"1071\" data-end=\"1116\">Alarga la vida del Saildrive y la h\u00e9lice<\/p>\n<\/li>\n<li data-start=\"1117\" data-end=\"1163\">\n<p data-start=\"1119\" data-end=\"1163\">Protecci\u00f3n marina duradera y de alta calidad<\/p>\n<\/li>\n<\/ul>\n","protected":false},"excerpt":{"rendered":"<p>El \u00e1nodo de magnesio del motor Saildrive 120S Volvo Penta (n\u00fameros OEM 851983-876286) est\u00e1 dise\u00f1ado para proteger tu motor Saildrive 120S de la corrosi\u00f3n galv\u00e1nica en entornos de agua dulce. Fabricado con magnesio de alta calidad, este \u00e1nodo proporciona el m\u00e1ximo nivel de protecci\u00f3n electroqu\u00edmica, ayudando a mantener la integridad y el rendimiento de tu [&hellip;]<\/p>\n","protected":false},"featured_media":44358,"comment_status":"open","ping_status":"closed","template":"","meta":[],"product_brand":[4229],"product_cat":[4486,3182,4522,2497,4598,4302],"product_tag":[],"class_list":{"0":"post-44357","1":"product","2":"type-product","3":"status-publish","4":"has-post-thumbnail","6":"product_brand-volvo-penta","7":"product_cat-necesitas-piezas-volvo-penta","8":"product_cat-anodos","9":"product_cat-anodos-volvo-penta","10":"product_cat-piezas-de-mantenimiento-del-motor","11":"product_cat-recambios-volvo-penta-120s-saildrive-service","12":"product_cat-volvo-penta","13":"pa_condition-nuevo","14":"pa_model-120s","15":"pa_oem-or-aftermarket-posventa","17":"first","18":"instock","19":"sale","20":"taxable","21":"shipping-taxable","22":"purchasable","23":"product-type-simple"},"supplier_id":45614,"supplier_sku":"00706MG","barcode":null,"atum_controlled":true,"out_stock_date":null,"out_stock_threshold":null,"inheritable":false,"inbound_stock":0,"stock_on_hold":0,"sold_today":0,"sales_last_days":0,"reserved_stock":0,"customer_returns":0,"warehouse_damage":0,"lost_in_post":0,"other_logs":0,"out_stock_days":0,"lost_sales":0,"has_location":false,"update_date":"2026-01-29T09:10:44","atum_locations":[],"atum_stock_status":"instock","restock_status":false,"low_stock_amount":1,"sales_update_date":"2026-01-29T09:10:44","calc_backorders":null,"_links":{"self":[{"href":"https:\/\/mps.digital-monkey.in\/es\/wp-json\/wp\/v2\/product\/44357","targetHints":{"allow":["GET"]}}],"collection":[{"href":"https:\/\/mps.digital-monkey.in\/es\/wp-json\/wp\/v2\/product"}],"about":[{"href":"https:\/\/mps.digital-monkey.in\/es\/wp-json\/wp\/v2\/types\/product"}],"replies":[{"embeddable":true,"href":"https:\/\/mps.digital-monkey.in\/es\/wp-json\/wp\/v2\/comments?post=44357"}],"wp:featuredmedia":[{"embeddable":true,"href":"https:\/\/mps.digital-monkey.in\/es\/wp-json\/wp\/v2\/media\/44358"}],"wp:attachment":[{"href":"https:\/\/mps.digital-monkey.in\/es\/wp-json\/wp\/v2\/media?parent=44357"}],"wp:term":[{"taxonomy":"product_brand","embeddable":true,"href":"https:\/\/mps.digital-monkey.in\/es\/wp-json\/wp\/v2\/product_brand?post=44357"},{"taxonomy":"product_cat","embeddable":true,"href":"https:\/\/mps.digital-monkey.in\/es\/wp-json\/wp\/v2\/product_cat?post=44357"},{"taxonomy":"product_tag","embeddable":true,"href":"https:\/\/mps.digital-monkey.in\/es\/wp-json\/wp\/v2\/product_tag?post=44357"}],"curies":[{"name":"wp","href":"https:\/\/api.w.org\/{rel}","templated":true}]}}