{"id":44366,"date":"2025-11-29T13:17:59","date_gmt":"2025-11-29T13:17:59","guid":{"rendered":"https:\/\/mps.digital-monkey.in\/product\/volvo-penta-120s-saildrive-anodo-de-anillo-partido-zinc-851983-876286\/"},"modified":"2025-12-18T10:36:49","modified_gmt":"2025-12-18T10:36:49","slug":"volvo-penta-120s-saildrive-anodo-de-anillo-partido-zinc-851983-876286","status":"publish","type":"product","link":"https:\/\/mps.digital-monkey.in\/es\/producto\/volvo-penta-120s-saildrive-anodo-de-anillo-partido-zinc-851983-876286\/","title":{"rendered":"Volvo Penta 120S Saildrive \u00c1nodo de anillo partido Zinc | 851983-876286"},"content":{"rendered":"<p data-start=\"433\" data-end=\"779\">El <strong data-start=\"437\" data-end=\"489\">\u00e1nodo de cinc de anillo partido para Saildrive 120S Volvo Penta<\/strong> (n\u00fameros OEM 851983, 876286) est\u00e1 dise\u00f1ado espec\u00edficamente para proteger tu Saildrive de la <strong data-start=\"575\" data-end=\"610\">corrosi\u00f3n galv\u00e1nica en agua salada<\/strong>. Su dise\u00f1o de anillo partido permite una f\u00e1cil instalaci\u00f3n alrededor del Saildrive, garantizando una protecci\u00f3n fiable de la h\u00e9lice, el eje de transmisi\u00f3n y otros componentes sumergidos.<\/p>\n<p data-start=\"781\" data-end=\"803\"><strong data-start=\"781\" data-end=\"801\">Compatible con:<\/strong><\/p>\n<ul data-start=\"804\" data-end=\"834\">\n<li data-start=\"804\" data-end=\"834\">\n<p data-start=\"806\" data-end=\"834\">Volvo Penta 120S Saildrive<\/p>\n<\/li>\n<\/ul>\n<p data-start=\"836\" data-end=\"851\"><strong data-start=\"836\" data-end=\"849\">Material:<\/strong><\/p>\n<ul data-start=\"852\" data-end=\"895\">\n<li data-start=\"852\" data-end=\"895\">\n<p data-start=\"854\" data-end=\"895\">Zinc - ideal para entornos de agua salada<\/p>\n<\/li>\n<\/ul>\n<p data-start=\"897\" data-end=\"916\"><strong data-start=\"897\" data-end=\"914\">Caracter\u00edsticas principales:<\/strong><\/p>\n<ul data-start=\"917\" data-end=\"1105\">\n<li data-start=\"917\" data-end=\"960\">\n<p data-start=\"919\" data-end=\"960\">Dise\u00f1o de anillo partido para facilitar la instalaci\u00f3n<\/p>\n<\/li>\n<li data-start=\"961\" data-end=\"1021\">\n<p data-start=\"963\" data-end=\"1021\">Protege el Saildrive y la h\u00e9lice de la corrosi\u00f3n galv\u00e1nica<\/p>\n<\/li>\n<li data-start=\"1022\" data-end=\"1058\">\n<p data-start=\"1024\" data-end=\"1058\">Ajuste OEM para un rendimiento fiable<\/p>\n<\/li>\n<li data-start=\"1059\" data-end=\"1105\">\n<p data-start=\"1061\" data-end=\"1105\">Protecci\u00f3n marina duradera<\/p>\n<\/li>\n<\/ul>\n","protected":false},"excerpt":{"rendered":"<p>El \u00e1nodo de cinc de anillo partido para Saildrive 120S Volvo Penta (n\u00fameros OEM 851983, 876286) est\u00e1 dise\u00f1ado espec\u00edficamente para proteger tu Saildrive de la corrosi\u00f3n galv\u00e1nica en agua salada. Su dise\u00f1o de anillo partido permite una f\u00e1cil instalaci\u00f3n alrededor del Saildrive, garantizando una protecci\u00f3n fiable de la h\u00e9lice, el eje de transmisi\u00f3n y otros [&hellip;]<\/p>\n","protected":false},"featured_media":44367,"comment_status":"open","ping_status":"closed","template":"","meta":[],"product_brand":[4229],"product_cat":[4486,3182,4522,2497,4598,4302],"product_tag":[],"class_list":{"0":"post-44366","1":"product","2":"type-product","3":"status-publish","4":"has-post-thumbnail","6":"product_brand-volvo-penta","7":"product_cat-necesitas-piezas-volvo-penta","8":"product_cat-anodos","9":"product_cat-anodos-volvo-penta","10":"product_cat-piezas-de-mantenimiento-del-motor","11":"product_cat-recambios-volvo-penta-120s-saildrive-service","12":"product_cat-volvo-penta","13":"pa_condition-nuevo","14":"pa_model-120s","15":"pa_oem-or-aftermarket-posventa","17":"first","18":"onbackorder","19":"sale","20":"taxable","21":"shipping-taxable","22":"purchasable","23":"product-type-simple"},"supplier_id":45614,"supplier_sku":"00706-1","barcode":null,"atum_controlled":true,"out_stock_date":"2025-12-02 11:02:36","out_stock_threshold":null,"inheritable":false,"inbound_stock":0,"stock_on_hold":0,"sold_today":0,"sales_last_days":0,"reserved_stock":0,"customer_returns":0,"warehouse_damage":0,"lost_in_post":0,"other_logs":0,"out_stock_days":15,"lost_sales":0,"has_location":false,"update_date":"2025-12-18T10:37:09","atum_locations":[],"atum_stock_status":"onbackorder","restock_status":false,"low_stock_amount":1,"sales_update_date":"2025-12-18T10:32:23","calc_backorders":null,"_links":{"self":[{"href":"https:\/\/mps.digital-monkey.in\/es\/wp-json\/wp\/v2\/product\/44366","targetHints":{"allow":["GET"]}}],"collection":[{"href":"https:\/\/mps.digital-monkey.in\/es\/wp-json\/wp\/v2\/product"}],"about":[{"href":"https:\/\/mps.digital-monkey.in\/es\/wp-json\/wp\/v2\/types\/product"}],"replies":[{"embeddable":true,"href":"https:\/\/mps.digital-monkey.in\/es\/wp-json\/wp\/v2\/comments?post=44366"}],"wp:featuredmedia":[{"embeddable":true,"href":"https:\/\/mps.digital-monkey.in\/es\/wp-json\/wp\/v2\/media\/44367"}],"wp:attachment":[{"href":"https:\/\/mps.digital-monkey.in\/es\/wp-json\/wp\/v2\/media?parent=44366"}],"wp:term":[{"taxonomy":"product_brand","embeddable":true,"href":"https:\/\/mps.digital-monkey.in\/es\/wp-json\/wp\/v2\/product_brand?post=44366"},{"taxonomy":"product_cat","embeddable":true,"href":"https:\/\/mps.digital-monkey.in\/es\/wp-json\/wp\/v2\/product_cat?post=44366"},{"taxonomy":"product_tag","embeddable":true,"href":"https:\/\/mps.digital-monkey.in\/es\/wp-json\/wp\/v2\/product_tag?post=44366"}],"curies":[{"name":"wp","href":"https:\/\/api.w.org\/{rel}","templated":true}]}}