{"id":44376,"date":"2025-11-29T13:26:07","date_gmt":"2025-11-29T13:26:07","guid":{"rendered":"https:\/\/mps.digital-monkey.in\/product\/volvo-penta-120s-saildrive-anodo-de-anillo-partido-aluminio-851983-876286\/"},"modified":"2025-12-18T10:36:57","modified_gmt":"2025-12-18T10:36:57","slug":"volvo-penta-120s-saildrive-anodo-de-anillo-partido-aluminio-851983-876286","status":"publish","type":"product","link":"https:\/\/mps.digital-monkey.in\/es\/product\/volvo-penta-120s-saildrive-anodo-de-anillo-partido-aluminio-851983-876286\/","title":{"rendered":"Volvo Penta 120S Saildrive \u00c1nodo de anillo partido Aluminio | 851983-876286"},"content":{"rendered":"<p data-start=\"447\" data-end=\"816\">El <strong data-start=\"451\" data-end=\"508\">\u00e1nodo de anillo dividido de aluminio Volvo Penta 120S Saildrive<\/strong> (n\u00fameros OEM 851983, 876286) est\u00e1 dise\u00f1ado para proteger tu Saildrive de la <strong data-start=\"583\" data-end=\"605\">corrosi\u00f3n galv\u00e1nica<\/strong> en <strong data-start=\"609\" data-end=\"650\">entornos de aguas salobres y mixtas<\/strong>. Su dise\u00f1o de anillo partido garantiza una f\u00e1cil instalaci\u00f3n alrededor del Saildrive, ofreciendo una protecci\u00f3n fiable para la h\u00e9lice, el eje de transmisi\u00f3n y otros componentes sumergidos.<\/p>\n<p data-start=\"818\" data-end=\"840\"><strong data-start=\"818\" data-end=\"838\">Compatible con:<\/strong><\/p>\n<ul data-start=\"841\" data-end=\"871\">\n<li data-start=\"841\" data-end=\"871\">\n<p data-start=\"843\" data-end=\"871\">Volvo Penta 120S Saildrive<\/p>\n<\/li>\n<\/ul>\n<p data-start=\"873\" data-end=\"888\"><strong data-start=\"873\" data-end=\"886\">Material:<\/strong><\/p>\n<ul data-start=\"889\" data-end=\"941\">\n<li data-start=\"889\" data-end=\"941\">\n<p data-start=\"891\" data-end=\"941\">Aluminio &#8211; adecuado para aguas salobres o mixtas<\/p>\n<\/li>\n<\/ul>\n<p data-start=\"943\" data-end=\"962\"><strong data-start=\"943\" data-end=\"960\">Caracter\u00edsticas principales:<\/strong><\/p>\n<ul data-start=\"963\" data-end=\"1154\">\n<li data-start=\"963\" data-end=\"1006\">\n<p data-start=\"965\" data-end=\"1006\">Dise\u00f1o de anillo partido para facilitar la instalaci\u00f3n<\/p>\n<\/li>\n<li data-start=\"1007\" data-end=\"1058\">\n<p data-start=\"1009\" data-end=\"1058\">Protege el Saildrive y la h\u00e9lice de la corrosi\u00f3n<\/p>\n<\/li>\n<li data-start=\"1059\" data-end=\"1107\">\n<p data-start=\"1061\" data-end=\"1107\">Ajuste OEM para un funcionamiento preciso y fiable<\/p>\n<\/li>\n<li data-start=\"1108\" data-end=\"1154\">\n<p data-start=\"1110\" data-end=\"1154\">Protecci\u00f3n marina duradera<\/p>\n<\/li>\n<\/ul>\n","protected":false},"excerpt":{"rendered":"<p>El \u00e1nodo de anillo dividido de aluminio Volvo Penta 120S Saildrive (n\u00fameros OEM 851983, 876286) est\u00e1 dise\u00f1ado para proteger tu Saildrive de la corrosi\u00f3n galv\u00e1nica en entornos de aguas salobres y mixtas. Su dise\u00f1o de anillo partido garantiza una f\u00e1cil instalaci\u00f3n alrededor del Saildrive, ofreciendo una protecci\u00f3n fiable para la h\u00e9lice, el eje de transmisi\u00f3n [&hellip;]<\/p>\n","protected":false},"featured_media":44377,"comment_status":"open","ping_status":"closed","template":"","meta":[],"product_brand":[4229],"product_cat":[4486,3182,4522,2497,4598,4302],"product_tag":[],"class_list":{"0":"post-44376","1":"product","2":"type-product","3":"status-publish","4":"has-post-thumbnail","6":"product_brand-volvo-penta","7":"product_cat-necesitas-piezas-volvo-penta","8":"product_cat-anodos","9":"product_cat-anodos-volvo-penta","10":"product_cat-piezas-de-mantenimiento-del-motor","11":"product_cat-recambios-volvo-penta-120s-saildrive-service","12":"product_cat-volvo-penta","13":"pa_condition-nuevo","14":"pa_model-120s","15":"pa_oem-or-aftermarket-posventa","17":"first","18":"onbackorder","19":"sale","20":"taxable","21":"shipping-taxable","22":"purchasable","23":"product-type-simple"},"supplier_id":45614,"supplier_sku":"00706-1AL","barcode":null,"atum_controlled":true,"out_stock_date":"2025-12-02 11:02:29","out_stock_threshold":null,"inheritable":false,"inbound_stock":0,"stock_on_hold":0,"sold_today":0,"sales_last_days":0,"reserved_stock":0,"customer_returns":0,"warehouse_damage":0,"lost_in_post":0,"other_logs":0,"out_stock_days":15,"lost_sales":0,"has_location":false,"update_date":"2025-12-18T10:37:09","atum_locations":[],"atum_stock_status":"onbackorder","restock_status":false,"low_stock_amount":1,"sales_update_date":"2025-12-18T10:32:23","calc_backorders":null,"_links":{"self":[{"href":"https:\/\/mps.digital-monkey.in\/es\/wp-json\/wp\/v2\/product\/44376","targetHints":{"allow":["GET"]}}],"collection":[{"href":"https:\/\/mps.digital-monkey.in\/es\/wp-json\/wp\/v2\/product"}],"about":[{"href":"https:\/\/mps.digital-monkey.in\/es\/wp-json\/wp\/v2\/types\/product"}],"replies":[{"embeddable":true,"href":"https:\/\/mps.digital-monkey.in\/es\/wp-json\/wp\/v2\/comments?post=44376"}],"wp:featuredmedia":[{"embeddable":true,"href":"https:\/\/mps.digital-monkey.in\/es\/wp-json\/wp\/v2\/media\/44377"}],"wp:attachment":[{"href":"https:\/\/mps.digital-monkey.in\/es\/wp-json\/wp\/v2\/media?parent=44376"}],"wp:term":[{"taxonomy":"product_brand","embeddable":true,"href":"https:\/\/mps.digital-monkey.in\/es\/wp-json\/wp\/v2\/product_brand?post=44376"},{"taxonomy":"product_cat","embeddable":true,"href":"https:\/\/mps.digital-monkey.in\/es\/wp-json\/wp\/v2\/product_cat?post=44376"},{"taxonomy":"product_tag","embeddable":true,"href":"https:\/\/mps.digital-monkey.in\/es\/wp-json\/wp\/v2\/product_tag?post=44376"}],"curies":[{"name":"wp","href":"https:\/\/api.w.org\/{rel}","templated":true}]}}