{"id":44385,"date":"2025-11-29T13:37:18","date_gmt":"2025-11-29T13:37:18","guid":{"rendered":"https:\/\/mps.digital-monkey.in\/product\/volvo-penta-120s-saildrive-anodo-de-anillo-partido-magnesio-851983-876286\/"},"modified":"2025-12-18T10:30:42","modified_gmt":"2025-12-18T10:30:42","slug":"volvo-penta-120s-saildrive-anodo-de-anillo-partido-magnesio-851983-876286","status":"publish","type":"product","link":"https:\/\/mps.digital-monkey.in\/es\/producto\/volvo-penta-120s-saildrive-anodo-de-anillo-partido-magnesio-851983-876286\/","title":{"rendered":"Volvo Penta 120S Saildrive \u00c1nodo de anillo partido Magnesio | 851983-876286"},"content":{"rendered":"<p data-start=\"441\" data-end=\"794\">El <strong data-start=\"445\" data-end=\"502\">\u00e1nodo de magnesio de anillo dividido Volvo Penta 120S Saildrive<\/strong> (n\u00fameros OEM 851983, 876286MG) est\u00e1 dise\u00f1ado para <strong data-start=\"550\" data-end=\"609\">ofrecer la m\u00e1xima protecci\u00f3n contra la corrosi\u00f3n en entornos de agua dulce<\/strong>. Su dise\u00f1o de anillo partido permite una f\u00e1cil instalaci\u00f3n alrededor del Saildrive, garantizando que la h\u00e9lice, el eje de transmisi\u00f3n y otros componentes sumergidos est\u00e9n totalmente protegidos de la corrosi\u00f3n galv\u00e1nica.<\/p>\n<p data-start=\"796\" data-end=\"818\"><strong data-start=\"796\" data-end=\"816\">Compatible con:<\/strong><\/p>\n<ul data-start=\"819\" data-end=\"849\">\n<li data-start=\"819\" data-end=\"849\">\n<p data-start=\"821\" data-end=\"849\">Volvo Penta 120S Saildrive<\/p>\n<\/li>\n<\/ul>\n<p data-start=\"851\" data-end=\"866\"><strong data-start=\"851\" data-end=\"864\">Material:<\/strong><\/p>\n<ul data-start=\"867\" data-end=\"916\">\n<li data-start=\"867\" data-end=\"916\">\n<p data-start=\"869\" data-end=\"916\">Magnesio - ideal para aplicaciones de agua dulce<\/p>\n<\/li>\n<\/ul>\n<p data-start=\"918\" data-end=\"937\"><strong data-start=\"918\" data-end=\"935\">Caracter\u00edsticas principales:<\/strong><\/p>\n<ul data-start=\"938\" data-end=\"1145\">\n<li data-start=\"938\" data-end=\"991\">\n<p data-start=\"940\" data-end=\"991\">Dise\u00f1o de anillo partido para una instalaci\u00f3n r\u00e1pida y f\u00e1cil<\/p>\n<\/li>\n<li data-start=\"992\" data-end=\"1048\">\n<p data-start=\"994\" data-end=\"1048\">Proporciona una protecci\u00f3n superior contra la corrosi\u00f3n en agua dulce<\/p>\n<\/li>\n<li data-start=\"1049\" data-end=\"1101\">\n<p data-start=\"1051\" data-end=\"1101\">El ajuste OEM garantiza un rendimiento fiable y preciso<\/p>\n<\/li>\n<li data-start=\"1102\" data-end=\"1145\">\n<p data-start=\"1104\" data-end=\"1145\">Protecci\u00f3n marina duradera y de alta calidad<\/p>\n<\/li>\n<\/ul>\n","protected":false},"excerpt":{"rendered":"<p>El \u00e1nodo de magnesio de anillo dividido Volvo Penta 120S Saildrive (n\u00fameros OEM 851983, 876286MG) est\u00e1 dise\u00f1ado para ofrecer la m\u00e1xima protecci\u00f3n contra la corrosi\u00f3n en entornos de agua dulce. Su dise\u00f1o de anillo partido permite una f\u00e1cil instalaci\u00f3n alrededor del Saildrive, garantizando que la h\u00e9lice, el eje de transmisi\u00f3n y otros componentes sumergidos est\u00e9n [&hellip;]<\/p>\n","protected":false},"featured_media":44386,"comment_status":"open","ping_status":"closed","template":"","meta":[],"product_brand":[4229],"product_cat":[4486,3182,4522,2497,4598,4302],"product_tag":[],"class_list":{"0":"post-44385","1":"product","2":"type-product","3":"status-publish","4":"has-post-thumbnail","6":"product_brand-volvo-penta","7":"product_cat-necesitas-piezas-volvo-penta","8":"product_cat-anodos","9":"product_cat-anodos-volvo-penta","10":"product_cat-piezas-de-mantenimiento-del-motor","11":"product_cat-recambios-volvo-penta-120s-saildrive-service","12":"product_cat-volvo-penta","13":"pa_condition-nuevo","14":"pa_model-120s","15":"pa_oem-or-aftermarket-posventa","17":"first","18":"onbackorder","19":"taxable","20":"shipping-taxable","21":"purchasable","22":"product-type-simple"},"supplier_id":45614,"supplier_sku":"00706-1MG","barcode":null,"atum_controlled":true,"out_stock_date":"2025-12-02 11:02:24","out_stock_threshold":null,"inheritable":false,"inbound_stock":0,"stock_on_hold":0,"sold_today":0,"sales_last_days":0,"reserved_stock":0,"customer_returns":0,"warehouse_damage":0,"lost_in_post":0,"other_logs":0,"out_stock_days":15,"lost_sales":0,"has_location":false,"update_date":"2025-12-18T10:32:00","atum_locations":[],"atum_stock_status":"onbackorder","restock_status":false,"low_stock_amount":1,"sales_update_date":"2025-12-18T10:28:43","calc_backorders":null,"_links":{"self":[{"href":"https:\/\/mps.digital-monkey.in\/es\/wp-json\/wp\/v2\/product\/44385","targetHints":{"allow":["GET"]}}],"collection":[{"href":"https:\/\/mps.digital-monkey.in\/es\/wp-json\/wp\/v2\/product"}],"about":[{"href":"https:\/\/mps.digital-monkey.in\/es\/wp-json\/wp\/v2\/types\/product"}],"replies":[{"embeddable":true,"href":"https:\/\/mps.digital-monkey.in\/es\/wp-json\/wp\/v2\/comments?post=44385"}],"wp:featuredmedia":[{"embeddable":true,"href":"https:\/\/mps.digital-monkey.in\/es\/wp-json\/wp\/v2\/media\/44386"}],"wp:attachment":[{"href":"https:\/\/mps.digital-monkey.in\/es\/wp-json\/wp\/v2\/media?parent=44385"}],"wp:term":[{"taxonomy":"product_brand","embeddable":true,"href":"https:\/\/mps.digital-monkey.in\/es\/wp-json\/wp\/v2\/product_brand?post=44385"},{"taxonomy":"product_cat","embeddable":true,"href":"https:\/\/mps.digital-monkey.in\/es\/wp-json\/wp\/v2\/product_cat?post=44385"},{"taxonomy":"product_tag","embeddable":true,"href":"https:\/\/mps.digital-monkey.in\/es\/wp-json\/wp\/v2\/product_tag?post=44385"}],"curies":[{"name":"wp","href":"https:\/\/api.w.org\/{rel}","templated":true}]}}