{"id":44989,"date":"2025-12-03T08:52:57","date_gmt":"2025-12-03T08:52:57","guid":{"rendered":"https:\/\/mps.digital-monkey.in\/product\/yanmar-3jh3e-3jh4e-kit-de-mantenimiento-sk-marine-007-g\/"},"modified":"2025-12-03T08:53:52","modified_gmt":"2025-12-03T08:53:52","slug":"yanmar-3jh3e-3jh4e-kit-de-mantenimiento-sk-marine-007-g","status":"publish","type":"product","link":"https:\/\/mps.digital-monkey.in\/es\/producto\/yanmar-3jh3e-3jh4e-kit-de-mantenimiento-sk-marine-007-g\/","title":{"rendered":"Yanmar 3JH3E 3JH4E Kit de mantenimiento - SK-MARINE-007-G"},"content":{"rendered":"<p><strong>Yanmar 3JH3E 3JH4E Kit de mantenimiento - SK-MARINE-007-G<\/strong><\/p>\n<p><strong>Este kit consta de:<\/strong><\/p>\n<ul>\n<li>Filtro de aceite<\/li>\n<li>Filtro de combustible<\/li>\n<li>Junta t\u00f3rica del filtro de combustible<\/li>\n<li>Impeller y junta<\/li>\n<\/ul>\n<p>&nbsp;<\/p>\n<p><strong>Si es necesario, p\u00eddelo por separado:<\/strong><\/p>\n<p>Filtro de aire<\/p>\n<p>Correas trapezoidales<\/p>\n<p>Aceite del motor y aceite de la caja de cambios o la transmisi\u00f3n<\/p>\n","protected":false},"excerpt":{"rendered":"<p>Yanmar 3JH3E 3JH4E Kit de mantenimiento - SK-MARINE-007-G Este kit consta de: Filtro de aceite Filtro de combustible Junta t\u00f3rica del filtro de combustible Impeller y junta &nbsp; Si es necesario, p\u00eddelo por separado: Filtro de aire Correas trapezoidales Aceite del motor y aceite de la caja de cambios o la transmisi\u00f3n<\/p>\n","protected":false},"featured_media":44990,"comment_status":"open","ping_status":"closed","template":"","meta":[],"product_brand":[4235],"product_cat":[3201,4535,2497,4534,4448],"product_tag":[],"class_list":{"0":"post-44989","1":"product","2":"type-product","3":"status-publish","4":"has-post-thumbnail","6":"product_brand-yanmar","7":"product_cat-kits-de-servicio","8":"product_cat-kits-de-servicio-yanmar","9":"product_cat-piezas-de-mantenimiento-del-motor","10":"product_cat-piezas-de-servicio-yanmar","11":"product_cat-yanmar","12":"pa_condition-nuevo","13":"pa_model-3jh3","14":"pa_model-3jh3e","15":"pa_model-3jh4e","16":"pa_oem-or-aftermarket-posventa","18":"first","19":"instock","20":"taxable","21":"shipping-taxable","22":"purchasable","23":"product-type-simple"},"supplier_id":7294,"supplier_sku":"RECSKMARINE007G","barcode":null,"atum_controlled":true,"out_stock_date":null,"out_stock_threshold":null,"inheritable":false,"inbound_stock":0,"stock_on_hold":0,"sold_today":0,"sales_last_days":0,"reserved_stock":0,"customer_returns":0,"warehouse_damage":0,"lost_in_post":0,"other_logs":0,"out_stock_days":0,"lost_sales":0,"has_location":false,"update_date":"2026-01-29T09:11:17","atum_locations":[],"atum_stock_status":"instock","restock_status":false,"low_stock_amount":1,"sales_update_date":"2026-01-29T09:11:17","calc_backorders":null,"_links":{"self":[{"href":"https:\/\/mps.digital-monkey.in\/es\/wp-json\/wp\/v2\/product\/44989","targetHints":{"allow":["GET"]}}],"collection":[{"href":"https:\/\/mps.digital-monkey.in\/es\/wp-json\/wp\/v2\/product"}],"about":[{"href":"https:\/\/mps.digital-monkey.in\/es\/wp-json\/wp\/v2\/types\/product"}],"replies":[{"embeddable":true,"href":"https:\/\/mps.digital-monkey.in\/es\/wp-json\/wp\/v2\/comments?post=44989"}],"wp:featuredmedia":[{"embeddable":true,"href":"https:\/\/mps.digital-monkey.in\/es\/wp-json\/wp\/v2\/media\/44990"}],"wp:attachment":[{"href":"https:\/\/mps.digital-monkey.in\/es\/wp-json\/wp\/v2\/media?parent=44989"}],"wp:term":[{"taxonomy":"product_brand","embeddable":true,"href":"https:\/\/mps.digital-monkey.in\/es\/wp-json\/wp\/v2\/product_brand?post=44989"},{"taxonomy":"product_cat","embeddable":true,"href":"https:\/\/mps.digital-monkey.in\/es\/wp-json\/wp\/v2\/product_cat?post=44989"},{"taxonomy":"product_tag","embeddable":true,"href":"https:\/\/mps.digital-monkey.in\/es\/wp-json\/wp\/v2\/product_tag?post=44989"}],"curies":[{"name":"wp","href":"https:\/\/api.w.org\/{rel}","templated":true}]}}