{"id":45031,"date":"2025-12-03T11:47:44","date_gmt":"2025-12-03T11:47:44","guid":{"rendered":"https:\/\/mps.digital-monkey.in\/product\/anodo-de-transmision-volvo-penta-250-270-275-280-285-zinc-832598\/"},"modified":"2025-12-18T10:30:53","modified_gmt":"2025-12-18T10:30:53","slug":"anodo-de-transmision-volvo-penta-250-270-275-280-285-zinc-832598","status":"publish","type":"product","link":"https:\/\/mps.digital-monkey.in\/es\/product\/anodo-de-transmision-volvo-penta-250-270-275-280-285-zinc-832598\/","title":{"rendered":"\u00c1nodo de transmisi\u00f3n Volvo Penta 250-270-275-280-285 Zinc | 832598"},"content":{"rendered":"<p data-start=\"914\" data-end=\"1276\">El <strong data-start=\"918\" data-end=\"960\">\u00e1nodo<\/strong> de <strong data-start=\"918\" data-end=\"960\">zinc 832598 para propulsor exterior Volvo P<\/strong> enta est\u00e1 dise\u00f1ado para ofrecer una protecci\u00f3n fiable contra la corrosi\u00f3n a los propulsores de popa Volvo Penta que funcionan exclusivamente en <strong data-start=\"1067\" data-end=\"1080\">agua salada<\/strong>. Fabricado conforme a las especificaciones de los fabricantes de equipos originales, este \u00e1nodo de zinc garantiza la dureza, el equilibrio electroqu\u00edmico y la durabilidad correctos necesarios para la protecci\u00f3n del sistema de propulsi\u00f3n en condiciones de alta salinidad. <\/p>\n<p data-start=\"1278\" data-end=\"1590\">Este \u00e1nodo se adapta a una amplia gama de populares fuerabordas Volvo Penta, incluidas <strong data-start=\"1355\" data-end=\"1392\">las series 250, 270, 275, 280 y 285<\/strong>, lo que lo convierte en un sustituto directo del \u00e1nodo de zinc original utilizado en estos propulsores. Una protecci\u00f3n adecuada del \u00e1nodo ayuda a evitar costosos da\u00f1os en la carcasa y los componentes, alargando la vida \u00fatil de tu sistema de cola. <\/p>\n<p data-start=\"1592\" data-end=\"1905\">Fabricado con zinc marino de primera calidad, el \u00e1nodo 832598 del sistema de transmisi\u00f3n exterior proporciona un desgaste constante y una protecci\u00f3n \u00f3ptima, sacrific\u00e1ndose antes de que otros componentes puedan corroerse. Ya sea para el mantenimiento anual rutinario o para sustituir un \u00e1nodo desgastado, esta pieza ofrece un rendimiento duradero y una protecci\u00f3n fiable. <\/p>\n<h4 data-start=\"1907\" data-end=\"1958\"><strong data-start=\"1912\" data-end=\"1956\">Compatible con motores de cola Volvo Penta:<\/strong><\/h4>\n<ul data-start=\"1959\" data-end=\"1998\">\n<li data-start=\"1959\" data-end=\"1966\">\n<p data-start=\"1961\" data-end=\"1966\">250<\/p>\n<\/li>\n<li data-start=\"1967\" data-end=\"1974\">\n<p data-start=\"1969\" data-end=\"1974\">270<\/p>\n<\/li>\n<li data-start=\"1975\" data-end=\"1982\">\n<p data-start=\"1977\" data-end=\"1982\">275<\/p>\n<\/li>\n<li data-start=\"1983\" data-end=\"1990\">\n<p data-start=\"1985\" data-end=\"1990\">280<\/p>\n<\/li>\n<li data-start=\"1991\" data-end=\"1998\">\n<p data-start=\"1993\" data-end=\"1998\">285<\/p>\n<\/li>\n<\/ul>\n<h4 data-start=\"2000\" data-end=\"2023\"><strong data-start=\"2005\" data-end=\"2021\">N\u00famero de pieza:<\/strong><\/h4>\n<ul data-start=\"2024\" data-end=\"2036\">\n<li data-start=\"2024\" data-end=\"2036\">\n<p data-start=\"2026\" data-end=\"2036\"><strong data-start=\"2026\" data-end=\"2036\">832598<\/strong><\/p>\n<\/li>\n<\/ul>\n<h4 data-start=\"2038\" data-end=\"2058\"><strong data-start=\"2043\" data-end=\"2056\">Material:<\/strong><\/h4>\n<ul data-start=\"2059\" data-end=\"2081\">\n<li data-start=\"2059\" data-end=\"2081\">\n<p data-start=\"2061\" data-end=\"2081\">Zinc (uso en agua salada)<\/p>\n<\/li>\n<\/ul>\n<p data-start=\"2083\" data-end=\"2361\">Aseg\u00farate de que tu propulsor de popa permanece protegido sustituyendo los \u00e1nodos al menos una vez por temporada o antes si el desgaste alcanza el 50%. El <strong data-start=\"2202\" data-end=\"2244\">\u00e1nodo de zinc 832598 para el sistema de propulsi\u00f3n exterior Volvo Penta<\/strong> es la elecci\u00f3n ideal para mantener un control adecuado de la corrosi\u00f3n y preservar la integridad del conjunto de tu sistema de propulsi\u00f3n exterior. <\/p>\n","protected":false},"excerpt":{"rendered":"<p>El \u00e1nodo de zinc 832598 para propulsor exterior Volvo P enta est\u00e1 dise\u00f1ado para ofrecer una protecci\u00f3n fiable contra la corrosi\u00f3n a los propulsores de popa Volvo Penta que funcionan exclusivamente en agua salada. Fabricado conforme a las especificaciones de los fabricantes de equipos originales, este \u00e1nodo de zinc garantiza la dureza, el equilibrio electroqu\u00edmico [&hellip;]<\/p>\n","protected":false},"featured_media":45032,"comment_status":"open","ping_status":"closed","template":"","meta":[],"product_brand":[4229],"product_cat":[4486,3182,4522,2497,4302],"product_tag":[],"class_list":{"0":"post-45031","1":"product","2":"type-product","3":"status-publish","4":"has-post-thumbnail","6":"product_brand-volvo-penta","7":"product_cat-necesitas-piezas-volvo-penta","8":"product_cat-anodos","9":"product_cat-anodos-volvo-penta","10":"product_cat-piezas-de-mantenimiento-del-motor","11":"product_cat-volvo-penta","12":"pa_condition-nuevo","13":"pa_oem-or-aftermarket-posventa","15":"first","16":"onbackorder","17":"taxable","18":"shipping-taxable","19":"purchasable","20":"product-type-simple"},"supplier_id":45614,"supplier_sku":"00707","barcode":null,"atum_controlled":true,"out_stock_date":"2025-12-03 11:47:48","out_stock_threshold":null,"inheritable":false,"inbound_stock":0,"stock_on_hold":0,"sold_today":0,"sales_last_days":0,"reserved_stock":0,"customer_returns":0,"warehouse_damage":0,"lost_in_post":0,"other_logs":0,"out_stock_days":56,"lost_sales":0,"has_location":false,"update_date":"2026-01-29T09:10:57","atum_locations":[],"atum_stock_status":"onbackorder","restock_status":false,"low_stock_amount":1,"sales_update_date":"2026-01-29T09:10:57","calc_backorders":null,"_links":{"self":[{"href":"https:\/\/mps.digital-monkey.in\/es\/wp-json\/wp\/v2\/product\/45031","targetHints":{"allow":["GET"]}}],"collection":[{"href":"https:\/\/mps.digital-monkey.in\/es\/wp-json\/wp\/v2\/product"}],"about":[{"href":"https:\/\/mps.digital-monkey.in\/es\/wp-json\/wp\/v2\/types\/product"}],"replies":[{"embeddable":true,"href":"https:\/\/mps.digital-monkey.in\/es\/wp-json\/wp\/v2\/comments?post=45031"}],"wp:featuredmedia":[{"embeddable":true,"href":"https:\/\/mps.digital-monkey.in\/es\/wp-json\/wp\/v2\/media\/45032"}],"wp:attachment":[{"href":"https:\/\/mps.digital-monkey.in\/es\/wp-json\/wp\/v2\/media?parent=45031"}],"wp:term":[{"taxonomy":"product_brand","embeddable":true,"href":"https:\/\/mps.digital-monkey.in\/es\/wp-json\/wp\/v2\/product_brand?post=45031"},{"taxonomy":"product_cat","embeddable":true,"href":"https:\/\/mps.digital-monkey.in\/es\/wp-json\/wp\/v2\/product_cat?post=45031"},{"taxonomy":"product_tag","embeddable":true,"href":"https:\/\/mps.digital-monkey.in\/es\/wp-json\/wp\/v2\/product_tag?post=45031"}],"curies":[{"name":"wp","href":"https:\/\/api.w.org\/{rel}","templated":true}]}}