{"id":45043,"date":"2025-12-03T11:52:59","date_gmt":"2025-12-03T11:52:59","guid":{"rendered":"https:\/\/mps.digital-monkey.in\/product\/anodo-de-transmision-volvo-penta-250-270-275-280-285-magnesio-832598\/"},"modified":"2025-12-18T10:30:58","modified_gmt":"2025-12-18T10:30:58","slug":"anodo-de-transmision-volvo-penta-250-270-275-280-285-magnesio-832598","status":"publish","type":"product","link":"https:\/\/mps.digital-monkey.in\/es\/producto\/anodo-de-transmision-volvo-penta-250-270-275-280-285-magnesio-832598\/","title":{"rendered":"\u00c1nodo de transmisi\u00f3n Volvo Penta 250-270-275-280-285 Magnesio | 832598"},"content":{"rendered":"<p data-start=\"4923\" data-end=\"5259\">El <strong data-start=\"4927\" data-end=\"4974\">\u00e1nodo de magnesio 832598 para fuera de borda Volvo Penta<\/strong> est\u00e1 dise\u00f1ado para embarcaciones que operan exclusivamente en <strong data-start=\"5026\" data-end=\"5040\">agua dulce<\/strong>. Los \u00e1nodos de magnesio ofrecen el mayor nivel de actividad electroqu\u00edmica entre todos los materiales de \u00e1nodos, garantizando la m\u00e1xima protecci\u00f3n contra la corrosi\u00f3n en entornos de baja conductividad en los que el zinc y el aluminio son mucho menos eficaces. <\/p>\n<p data-start=\"5261\" data-end=\"5644\">Dise\u00f1ado para los modelos <strong data-start=\"5304\" data-end=\"5335\">250, 270, 275, 280 y 285<\/strong> de Volvo Penta, este \u00e1nodo de magnesio est\u00e1 fabricado con las dimensiones exactas de los OEM para garantizar un ajuste perfecto, un rendimiento fiable y una instalaci\u00f3n r\u00e1pida. Si se utilizan correctamente en agua dulce, los \u00e1nodos de magnesio protegen la carcasa del sistema de cola, el eje de la h\u00e9lice y los componentes sumergidos con mucha m\u00e1s eficacia que cualquier otro material. <\/p>\n<p data-start=\"5646\" data-end=\"5880\">Este \u00e1nodo act\u00faa como componente sacrificial primario, corroy\u00e9ndose antes que cualquier metal cr\u00edtico del accionamiento. En entornos de agua dulce, es esencial utilizar un \u00e1nodo de magnesio, ya que el zinc y el aluminio no proporcionan una protecci\u00f3n adecuada. <\/p>\n<h4 data-start=\"5882\" data-end=\"5933\"><strong data-start=\"5887\" data-end=\"5931\">Compatible con motores de cola Volvo Penta:<\/strong><\/h4>\n<ul data-start=\"5934\" data-end=\"5973\">\n<li data-start=\"5934\" data-end=\"5941\">\n<p data-start=\"5936\" data-end=\"5941\">250<\/p>\n<\/li>\n<li data-start=\"5942\" data-end=\"5949\">\n<p data-start=\"5944\" data-end=\"5949\">270<\/p>\n<\/li>\n<li data-start=\"5950\" data-end=\"5957\">\n<p data-start=\"5952\" data-end=\"5957\">275<\/p>\n<\/li>\n<li data-start=\"5958\" data-end=\"5965\">\n<p data-start=\"5960\" data-end=\"5965\">280<\/p>\n<\/li>\n<li data-start=\"5966\" data-end=\"5973\">\n<p data-start=\"5968\" data-end=\"5973\">285<\/p>\n<\/li>\n<\/ul>\n<h4 data-start=\"5975\" data-end=\"5998\"><strong data-start=\"5980\" data-end=\"5996\">N\u00famero de pieza:<\/strong><\/h4>\n<ul data-start=\"5999\" data-end=\"6011\">\n<li data-start=\"5999\" data-end=\"6011\">\n<p data-start=\"6001\" data-end=\"6011\"><strong data-start=\"6001\" data-end=\"6011\">832598<\/strong><\/p>\n<\/li>\n<\/ul>\n<h4 data-start=\"6013\" data-end=\"6033\"><strong data-start=\"6018\" data-end=\"6031\">Material:<\/strong><\/h4>\n<ul data-start=\"6034\" data-end=\"6062\">\n<li data-start=\"6034\" data-end=\"6062\">\n<p data-start=\"6036\" data-end=\"6062\">Magnesio (uso en agua dulce)<\/p>\n<\/li>\n<\/ul>\n<p data-start=\"6064\" data-end=\"6280\">Para una protecci\u00f3n \u00f3ptima, sustituye los \u00e1nodos de magnesio anualmente o siempre que el desgaste supere el 50%. El <strong data-start=\"6156\" data-end=\"6203\">\u00e1nodo de magnesio 832598 para motor fueraborda Volvo Penta<\/strong> garantiza que tu motor de popa permanezca totalmente protegido durante el funcionamiento en agua dulce. <\/p>\n<hr data-start=\"6282\" data-end=\"6285\">\n<p data-start=\"6287\" data-end=\"6310\">\n","protected":false},"excerpt":{"rendered":"<p>El \u00e1nodo de magnesio 832598 para fuera de borda Volvo Penta est\u00e1 dise\u00f1ado para embarcaciones que operan exclusivamente en agua dulce. Los \u00e1nodos de magnesio ofrecen el mayor nivel de actividad electroqu\u00edmica entre todos los materiales de \u00e1nodos, garantizando la m\u00e1xima protecci\u00f3n contra la corrosi\u00f3n en entornos de baja conductividad en los que el zinc [&hellip;]<\/p>\n","protected":false},"featured_media":45044,"comment_status":"open","ping_status":"closed","template":"","meta":[],"product_brand":[4229],"product_cat":[4486,3182,4522,2497,4302],"product_tag":[],"class_list":{"0":"post-45043","1":"product","2":"type-product","3":"status-publish","4":"has-post-thumbnail","6":"product_brand-volvo-penta","7":"product_cat-necesitas-piezas-volvo-penta","8":"product_cat-anodos","9":"product_cat-anodos-volvo-penta","10":"product_cat-piezas-de-mantenimiento-del-motor","11":"product_cat-volvo-penta","12":"pa_condition-nuevo","13":"pa_oem-or-aftermarket-posventa","15":"first","16":"onbackorder","17":"taxable","18":"shipping-taxable","19":"purchasable","20":"product-type-simple"},"supplier_id":45614,"supplier_sku":"00707MG","barcode":null,"atum_controlled":true,"out_stock_date":"2025-12-03 11:53:03","out_stock_threshold":null,"inheritable":false,"inbound_stock":0,"stock_on_hold":0,"sold_today":0,"sales_last_days":0,"reserved_stock":0,"customer_returns":0,"warehouse_damage":0,"lost_in_post":0,"other_logs":0,"out_stock_days":56,"lost_sales":0,"has_location":false,"update_date":"2026-01-29T09:10:44","atum_locations":[],"atum_stock_status":"onbackorder","restock_status":false,"low_stock_amount":1,"sales_update_date":"2026-01-29T09:10:44","calc_backorders":null,"_links":{"self":[{"href":"https:\/\/mps.digital-monkey.in\/es\/wp-json\/wp\/v2\/product\/45043","targetHints":{"allow":["GET"]}}],"collection":[{"href":"https:\/\/mps.digital-monkey.in\/es\/wp-json\/wp\/v2\/product"}],"about":[{"href":"https:\/\/mps.digital-monkey.in\/es\/wp-json\/wp\/v2\/types\/product"}],"replies":[{"embeddable":true,"href":"https:\/\/mps.digital-monkey.in\/es\/wp-json\/wp\/v2\/comments?post=45043"}],"wp:featuredmedia":[{"embeddable":true,"href":"https:\/\/mps.digital-monkey.in\/es\/wp-json\/wp\/v2\/media\/45044"}],"wp:attachment":[{"href":"https:\/\/mps.digital-monkey.in\/es\/wp-json\/wp\/v2\/media?parent=45043"}],"wp:term":[{"taxonomy":"product_brand","embeddable":true,"href":"https:\/\/mps.digital-monkey.in\/es\/wp-json\/wp\/v2\/product_brand?post=45043"},{"taxonomy":"product_cat","embeddable":true,"href":"https:\/\/mps.digital-monkey.in\/es\/wp-json\/wp\/v2\/product_cat?post=45043"},{"taxonomy":"product_tag","embeddable":true,"href":"https:\/\/mps.digital-monkey.in\/es\/wp-json\/wp\/v2\/product_tag?post=45043"}],"curies":[{"name":"wp","href":"https:\/\/api.w.org\/{rel}","templated":true}]}}