{"id":45072,"date":"2025-12-03T13:19:23","date_gmt":"2025-12-03T13:19:23","guid":{"rendered":"https:\/\/mps.digital-monkey.in\/product\/anodo-de-aluminio-volvo-penta-852835-para-helices-dobles-280-290\/"},"modified":"2025-12-18T10:31:13","modified_gmt":"2025-12-18T10:31:13","slug":"anodo-de-aluminio-volvo-penta-852835-para-helices-dobles-280-290","status":"publish","type":"product","link":"https:\/\/mps.digital-monkey.in\/es\/producto\/anodo-de-aluminio-volvo-penta-852835-para-helices-dobles-280-290\/","title":{"rendered":"\u00c1nodo de aluminio Volvo Penta 852835 para h\u00e9lices dobles 280-290"},"content":{"rendered":"<p data-start=\"2545\" data-end=\"2834\">El \u00e1nodo de aluminio Volvo Penta 852835 est\u00e1 dise\u00f1ado para los fuerabordas <strong data-start=\"2602\" data-end=\"2626\">280 y 290 Duo Prop<\/strong> y ofrece una protecci\u00f3n anticorrosi\u00f3n muy eficaz en <strong data-start=\"2689\" data-end=\"2728\">condiciones de aguas salobres y mixtas<\/strong>. Los \u00e1nodos de aluminio duran m\u00e1s que los tradicionales de zinc y ofrecen un mayor rendimiento en condiciones de salinidad variable. <\/p>\n<p data-start=\"2836\" data-end=\"3071\">Fabricado seg\u00fan las especificaciones OEM, este \u00e1nodo de aluminio es un recambio directo de la pieza original Volvo Penta n\u00famero <strong data-start=\"2958\" data-end=\"2968\">852835<\/strong>. Se instala f\u00e1cilmente y garantiza una protecci\u00f3n completa de la carcasa y los componentes de la h\u00e9lice de tu Duo Prop. <\/p>\n<h3 data-start=\"3073\" data-end=\"3091\"><strong data-start=\"3077\" data-end=\"3089\">Caracter\u00edsticas<\/strong><\/h3>\n<ul data-start=\"3092\" data-end=\"3280\">\n<li data-start=\"3092\" data-end=\"3115\">\n<p data-start=\"3094\" data-end=\"3115\">Material: Aluminio<\/p>\n<\/li>\n<li data-start=\"3116\" data-end=\"3151\">\n<p data-start=\"3118\" data-end=\"3151\">Pieza equivalente OEM: <strong data-start=\"3139\" data-end=\"3149\">852835<\/strong><\/p>\n<\/li>\n<li data-start=\"3152\" data-end=\"3184\">\n<p data-start=\"3154\" data-end=\"3184\">Mayor duraci\u00f3n que los \u00e1nodos de zinc<\/p>\n<\/li>\n<li data-start=\"3185\" data-end=\"3230\">\n<p data-start=\"3187\" data-end=\"3230\">Ideal para la navegaci\u00f3n en aguas salobres o mixtas<\/p>\n<\/li>\n<li data-start=\"3231\" data-end=\"3280\">\n<p data-start=\"3233\" data-end=\"3280\">Ajuste de precisi\u00f3n para transmisiones Volvo Penta Duo Prop<\/p>\n<\/li>\n<\/ul>\n<h3 data-start=\"3282\" data-end=\"3307\"><strong data-start=\"3286\" data-end=\"3305\">Compatible con<\/strong><\/h3>\n<ul data-start=\"3308\" data-end=\"3371\">\n<li data-start=\"3308\" data-end=\"3340\">\n<p data-start=\"3310\" data-end=\"3340\"><strong data-start=\"3310\" data-end=\"3338\">H\u00e9lice Volvo Penta 280 Duo<\/strong><\/p>\n<\/li>\n<li data-start=\"3341\" data-end=\"3371\">\n<p data-start=\"3343\" data-end=\"3371\"><strong data-start=\"3343\" data-end=\"3371\">H\u00e9lice Volvo Penta 290 Duo<\/strong><\/p>\n<\/li>\n<\/ul>\n<p data-start=\"3373\" data-end=\"3577\">La sustituci\u00f3n peri\u00f3dica de los \u00e1nodos es esencial para evitar la corrosi\u00f3n galv\u00e1nica y proteger la integridad estructural del propulsor de popa. El aluminio es una opci\u00f3n polivalente perfecta para las embarcaciones que se utilizan en condiciones de agua variables. <\/p>\n","protected":false},"excerpt":{"rendered":"<p>El \u00e1nodo de aluminio Volvo Penta 852835 est\u00e1 dise\u00f1ado para los fuerabordas 280 y 290 Duo Prop y ofrece una protecci\u00f3n anticorrosi\u00f3n muy eficaz en condiciones de aguas salobres y mixtas. Los \u00e1nodos de aluminio duran m\u00e1s que los tradicionales de zinc y ofrecen un mayor rendimiento en condiciones de salinidad variable. Fabricado seg\u00fan las [&hellip;]<\/p>\n","protected":false},"featured_media":45075,"comment_status":"open","ping_status":"closed","template":"","meta":[],"product_brand":[4229],"product_cat":[4486,3182,4522,2497,4302],"product_tag":[],"class_list":{"0":"post-45072","1":"product","2":"type-product","3":"status-publish","4":"has-post-thumbnail","6":"product_brand-volvo-penta","7":"product_cat-necesitas-piezas-volvo-penta","8":"product_cat-anodos","9":"product_cat-anodos-volvo-penta","10":"product_cat-piezas-de-mantenimiento-del-motor","11":"product_cat-volvo-penta","12":"pa_condition-nuevo","13":"pa_oem-or-aftermarket-posventa","15":"first","16":"onbackorder","17":"sale","18":"taxable","19":"shipping-taxable","20":"purchasable","21":"product-type-simple"},"supplier_id":45614,"supplier_sku":"00708AL","barcode":null,"atum_controlled":true,"out_stock_date":"2025-12-03 13:19:27","out_stock_threshold":null,"inheritable":false,"inbound_stock":0,"stock_on_hold":0,"sold_today":0,"sales_last_days":0,"reserved_stock":0,"customer_returns":0,"warehouse_damage":0,"lost_in_post":0,"other_logs":0,"out_stock_days":56,"lost_sales":0,"has_location":false,"update_date":"2026-01-29T09:10:25","atum_locations":[],"atum_stock_status":"onbackorder","restock_status":false,"low_stock_amount":1,"sales_update_date":"2026-01-29T09:10:25","calc_backorders":null,"_links":{"self":[{"href":"https:\/\/mps.digital-monkey.in\/es\/wp-json\/wp\/v2\/product\/45072","targetHints":{"allow":["GET"]}}],"collection":[{"href":"https:\/\/mps.digital-monkey.in\/es\/wp-json\/wp\/v2\/product"}],"about":[{"href":"https:\/\/mps.digital-monkey.in\/es\/wp-json\/wp\/v2\/types\/product"}],"replies":[{"embeddable":true,"href":"https:\/\/mps.digital-monkey.in\/es\/wp-json\/wp\/v2\/comments?post=45072"}],"wp:featuredmedia":[{"embeddable":true,"href":"https:\/\/mps.digital-monkey.in\/es\/wp-json\/wp\/v2\/media\/45075"}],"wp:attachment":[{"href":"https:\/\/mps.digital-monkey.in\/es\/wp-json\/wp\/v2\/media?parent=45072"}],"wp:term":[{"taxonomy":"product_brand","embeddable":true,"href":"https:\/\/mps.digital-monkey.in\/es\/wp-json\/wp\/v2\/product_brand?post=45072"},{"taxonomy":"product_cat","embeddable":true,"href":"https:\/\/mps.digital-monkey.in\/es\/wp-json\/wp\/v2\/product_cat?post=45072"},{"taxonomy":"product_tag","embeddable":true,"href":"https:\/\/mps.digital-monkey.in\/es\/wp-json\/wp\/v2\/product_tag?post=45072"}],"curies":[{"name":"wp","href":"https:\/\/api.w.org\/{rel}","templated":true}]}}