{"id":45088,"date":"2025-12-03T13:25:27","date_gmt":"2025-12-03T13:25:27","guid":{"rendered":"https:\/\/mps.digital-monkey.in\/product\/anodo-de-magnesio-volvo-penta-852835-para-helices-dobles-280-290\/"},"modified":"2025-12-18T10:31:20","modified_gmt":"2025-12-18T10:31:20","slug":"anodo-de-magnesio-volvo-penta-852835-para-helices-dobles-280-290","status":"publish","type":"product","link":"https:\/\/mps.digital-monkey.in\/es\/producto\/anodo-de-magnesio-volvo-penta-852835-para-helices-dobles-280-290\/","title":{"rendered":"\u00c1nodo de magnesio Volvo Penta 852835 para h\u00e9lices dobles 280-290"},"content":{"rendered":"<p data-start=\"4098\" data-end=\"4398\">El \u00e1nodo de magnesio Volvo Penta 852835 est\u00e1 dise\u00f1ado espec\u00edficamente para el <strong data-start=\"4166\" data-end=\"4190\">funcionamiento en agua dulce<\/strong> de los fuerabordas Volvo Penta 280 y 290 Duo Prop. El magnesio proporciona el m\u00e1ximo nivel de protecci\u00f3n sacrificial en agua dulce de baja conductividad, evitando la corrosi\u00f3n donde el zinc y el aluminio son menos eficaces. <\/p>\n<p data-start=\"4400\" data-end=\"4651\">Este \u00e1nodo coincide con el n\u00famero OEM <strong data-start=\"4442\" data-end=\"4452\">852835<\/strong> de Volvo Penta y se instala como pieza de recambio directa con un ajuste perfecto. Utilizar el material de \u00e1nodo correcto para entornos de agua dulce es esencial para proteger tu sistema de cola y garantizar la fiabilidad a largo plazo. <\/p>\n<h3 data-start=\"4653\" data-end=\"4671\"><strong data-start=\"4657\" data-end=\"4669\">Caracter\u00edsticas<\/strong><\/h3>\n<ul data-start=\"4672\" data-end=\"4851\">\n<li data-start=\"4672\" data-end=\"4695\">\n<p data-start=\"4674\" data-end=\"4695\">Material: Magnesio<\/p>\n<\/li>\n<li data-start=\"4696\" data-end=\"4726\">\n<p data-start=\"4698\" data-end=\"4726\">Equivalente OEM: <strong data-start=\"4714\" data-end=\"4724\">852835<\/strong><\/p>\n<\/li>\n<li data-start=\"4727\" data-end=\"4769\">\n<p data-start=\"4729\" data-end=\"4769\">La mejor opci\u00f3n para la navegaci\u00f3n <strong data-start=\"4745\" data-end=\"4759\">en agua dulce<\/strong> <\/p>\n<\/li>\n<li data-start=\"4770\" data-end=\"4811\">\n<p data-start=\"4772\" data-end=\"4811\">Proporciona la m\u00e1xima protecci\u00f3n contra la corrosi\u00f3n<\/p>\n<\/li>\n<li data-start=\"4812\" data-end=\"4851\">\n<p data-start=\"4814\" data-end=\"4851\">Se adapta a los fuerabordas Volvo Penta Duo Prop<\/p>\n<\/li>\n<\/ul>\n<h3 data-start=\"4853\" data-end=\"4878\"><strong data-start=\"4857\" data-end=\"4876\">Compatible con<\/strong><\/h3>\n<ul data-start=\"4879\" data-end=\"4942\">\n<li data-start=\"4879\" data-end=\"4911\">\n<p data-start=\"4881\" data-end=\"4911\"><strong data-start=\"4881\" data-end=\"4909\">H\u00e9lice Volvo Penta 280 Duo<\/strong><\/p>\n<\/li>\n<li data-start=\"4912\" data-end=\"4942\">\n<p data-start=\"4914\" data-end=\"4942\"><strong data-start=\"4914\" data-end=\"4942\">H\u00e9lice Volvo Penta 290 Duo<\/strong><\/p>\n<\/li>\n<\/ul>\n<p data-start=\"4944\" data-end=\"5068\">Los \u00e1nodos de magnesio deben sustituirse anualmente o cuando est\u00e9n muy deteriorados para obtener una protecci\u00f3n constante contra la corrosi\u00f3n.<\/p>\n","protected":false},"excerpt":{"rendered":"<p>El \u00e1nodo de magnesio Volvo Penta 852835 est\u00e1 dise\u00f1ado espec\u00edficamente para el funcionamiento en agua dulce de los fuerabordas Volvo Penta 280 y 290 Duo Prop. El magnesio proporciona el m\u00e1ximo nivel de protecci\u00f3n sacrificial en agua dulce de baja conductividad, evitando la corrosi\u00f3n donde el zinc y el aluminio son menos eficaces. Este \u00e1nodo [&hellip;]<\/p>\n","protected":false},"featured_media":45089,"comment_status":"open","ping_status":"closed","template":"","meta":[],"product_brand":[4229],"product_cat":[4486,3182,4522,2497,4302],"product_tag":[],"class_list":{"0":"post-45088","1":"product","2":"type-product","3":"status-publish","4":"has-post-thumbnail","6":"product_brand-volvo-penta","7":"product_cat-necesitas-piezas-volvo-penta","8":"product_cat-anodos","9":"product_cat-anodos-volvo-penta","10":"product_cat-piezas-de-mantenimiento-del-motor","11":"product_cat-volvo-penta","12":"pa_condition-nuevo","13":"pa_oem-or-aftermarket-posventa","15":"first","16":"onbackorder","17":"sale","18":"taxable","19":"shipping-taxable","20":"purchasable","21":"product-type-simple"},"supplier_id":45614,"supplier_sku":"00708MG","barcode":null,"atum_controlled":true,"out_stock_date":"2025-12-03 13:25:32","out_stock_threshold":null,"inheritable":false,"inbound_stock":0,"stock_on_hold":0,"sold_today":0,"sales_last_days":0,"reserved_stock":0,"customer_returns":0,"warehouse_damage":0,"lost_in_post":0,"other_logs":0,"out_stock_days":56,"lost_sales":0,"has_location":false,"update_date":"2026-01-29T09:10:44","atum_locations":[],"atum_stock_status":"onbackorder","restock_status":false,"low_stock_amount":1,"sales_update_date":"2026-01-29T09:10:44","calc_backorders":null,"_links":{"self":[{"href":"https:\/\/mps.digital-monkey.in\/es\/wp-json\/wp\/v2\/product\/45088","targetHints":{"allow":["GET"]}}],"collection":[{"href":"https:\/\/mps.digital-monkey.in\/es\/wp-json\/wp\/v2\/product"}],"about":[{"href":"https:\/\/mps.digital-monkey.in\/es\/wp-json\/wp\/v2\/types\/product"}],"replies":[{"embeddable":true,"href":"https:\/\/mps.digital-monkey.in\/es\/wp-json\/wp\/v2\/comments?post=45088"}],"wp:featuredmedia":[{"embeddable":true,"href":"https:\/\/mps.digital-monkey.in\/es\/wp-json\/wp\/v2\/media\/45089"}],"wp:attachment":[{"href":"https:\/\/mps.digital-monkey.in\/es\/wp-json\/wp\/v2\/media?parent=45088"}],"wp:term":[{"taxonomy":"product_brand","embeddable":true,"href":"https:\/\/mps.digital-monkey.in\/es\/wp-json\/wp\/v2\/product_brand?post=45088"},{"taxonomy":"product_cat","embeddable":true,"href":"https:\/\/mps.digital-monkey.in\/es\/wp-json\/wp\/v2\/product_cat?post=45088"},{"taxonomy":"product_tag","embeddable":true,"href":"https:\/\/mps.digital-monkey.in\/es\/wp-json\/wp\/v2\/product_tag?post=45088"}],"curies":[{"name":"wp","href":"https:\/\/api.w.org\/{rel}","templated":true}]}}