{"id":45099,"date":"2025-12-03T13:43:00","date_gmt":"2025-12-03T13:43:00","guid":{"rendered":"https:\/\/mps.digital-monkey.in\/product\/placas-plegables-pequenas-volvo-penta-110s-120s-s-b-s-c-zinc-pareja-852018\/"},"modified":"2025-12-18T10:31:26","modified_gmt":"2025-12-18T10:31:26","slug":"placas-plegables-pequenas-volvo-penta-110s-120s-s-b-s-c-zinc-pareja-852018","status":"publish","type":"product","link":"https:\/\/mps.digital-monkey.in\/es\/producto\/placas-plegables-pequenas-volvo-penta-110s-120s-s-b-s-c-zinc-pareja-852018\/","title":{"rendered":"Placas plegables peque\u00f1as Volvo Penta 110S\/120S S-B, S-C Zinc (Pareja) | 852018"},"content":{"rendered":"<p data-start=\"531\" data-end=\"858\">Las <strong data-start=\"535\" data-end=\"600\">placas plegables peque\u00f1as Volvo Penta 110\/120 S-B, S-C Zinc (Pareja)<\/strong> (OEM 852018) est\u00e1n dise\u00f1adas para <strong data-start=\"632\" data-end=\"695\">ofrecer la m\u00e1xima protecci\u00f3n y durabilidad en entornos de agua salada<\/strong>. Vendidas por pares, estas placas de zinc est\u00e1n dise\u00f1adas con precisi\u00f3n para <strong data-start=\"759\" data-end=\"803\">los modelos 110 y 120 Saildrive S-B y S-C<\/strong>, garantizando un funcionamiento suave y resistencia a la corrosi\u00f3n. <\/p>\n<p data-start=\"860\" data-end=\"882\"><strong data-start=\"860\" data-end=\"880\">Compatible con:<\/strong><\/p>\n<ul data-start=\"883\" data-end=\"962\">\n<li data-start=\"883\" data-end=\"922\">\n<p data-start=\"885\" data-end=\"922\">Volvo Penta 110 Saildrive S-B \/ S-C<\/p>\n<\/li>\n<li data-start=\"923\" data-end=\"962\">\n<p data-start=\"925\" data-end=\"962\">Volvo Penta 120 Saildrive S-B \/ S-C<\/p>\n<\/li>\n<\/ul>\n<p data-start=\"964\" data-end=\"979\"><strong data-start=\"964\" data-end=\"977\">Material:<\/strong><\/p>\n<ul data-start=\"980\" data-end=\"1010\">\n<li data-start=\"980\" data-end=\"1010\">\n<p data-start=\"982\" data-end=\"1010\">Zinc - ideal para agua salada<\/p>\n<\/li>\n<\/ul>\n<p data-start=\"1012\" data-end=\"1026\"><strong data-start=\"1012\" data-end=\"1024\">Se vende como:<\/strong><\/p>\n<ul data-start=\"1027\" data-end=\"1046\">\n<li data-start=\"1027\" data-end=\"1046\">\n<p data-start=\"1029\" data-end=\"1046\">Pareja (2 placas)<\/p>\n<\/li>\n<\/ul>\n<p data-start=\"1048\" data-end=\"1067\"><strong data-start=\"1048\" data-end=\"1065\">Caracter\u00edsticas principales:<\/strong><\/p>\n<ul data-start=\"1068\" data-end=\"1256\">\n<li data-start=\"1068\" data-end=\"1115\">\n<p data-start=\"1070\" data-end=\"1115\">Placas plegables peque\u00f1as de zinc para uso en agua salada<\/p>\n<\/li>\n<li data-start=\"1116\" data-end=\"1162\">\n<p data-start=\"1118\" data-end=\"1162\">Protecci\u00f3n marina duradera<\/p>\n<\/li>\n<li data-start=\"1163\" data-end=\"1213\">\n<p data-start=\"1165\" data-end=\"1213\">Ajuste OEM para un funcionamiento suave de la h\u00e9lice plegable<\/p>\n<\/li>\n<li data-start=\"1214\" data-end=\"1256\">\n<p data-start=\"1216\" data-end=\"1256\">Se venden por pares para una sustituci\u00f3n completa<\/p>\n<\/li>\n<\/ul>\n","protected":false},"excerpt":{"rendered":"<p>Las placas plegables peque\u00f1as Volvo Penta 110\/120 S-B, S-C Zinc (Pareja) (OEM 852018) est\u00e1n dise\u00f1adas para ofrecer la m\u00e1xima protecci\u00f3n y durabilidad en entornos de agua salada. Vendidas por pares, estas placas de zinc est\u00e1n dise\u00f1adas con precisi\u00f3n para los modelos 110 y 120 Saildrive S-B y S-C, garantizando un funcionamiento suave y resistencia a [&hellip;]<\/p>\n","protected":false},"featured_media":45100,"comment_status":"open","ping_status":"closed","template":"","meta":[],"product_brand":[4229],"product_cat":[4486,3182,4522,2497,4525,4598,4573,4302],"product_tag":[],"class_list":{"0":"post-45099","1":"product","2":"type-product","3":"status-publish","4":"has-post-thumbnail","6":"product_brand-volvo-penta","7":"product_cat-necesitas-piezas-volvo-penta","8":"product_cat-anodos","9":"product_cat-anodos-volvo-penta","10":"product_cat-piezas-de-mantenimiento-del-motor","11":"product_cat-recambios-volvo-penta","12":"product_cat-recambios-volvo-penta-120s-saildrive-service","13":"product_cat-recambios-volvo-penta-saildrive-service","14":"product_cat-volvo-penta","15":"pa_condition-nuevo","16":"pa_model-110s","17":"pa_model-120s","18":"pa_oem-or-aftermarket-posventa","20":"first","21":"onbackorder","22":"taxable","23":"shipping-taxable","24":"purchasable","25":"product-type-simple"},"supplier_id":45614,"supplier_sku":"00710","barcode":null,"atum_controlled":true,"out_stock_date":"2025-12-03 13:43:04","out_stock_threshold":null,"inheritable":false,"inbound_stock":0,"stock_on_hold":0,"sold_today":0,"sales_last_days":0,"reserved_stock":0,"customer_returns":0,"warehouse_damage":0,"lost_in_post":0,"other_logs":0,"out_stock_days":56,"lost_sales":0,"has_location":false,"update_date":"2026-01-29T09:10:11","atum_locations":[],"atum_stock_status":"onbackorder","restock_status":false,"low_stock_amount":1,"sales_update_date":"2026-01-29T09:10:11","calc_backorders":null,"_links":{"self":[{"href":"https:\/\/mps.digital-monkey.in\/es\/wp-json\/wp\/v2\/product\/45099","targetHints":{"allow":["GET"]}}],"collection":[{"href":"https:\/\/mps.digital-monkey.in\/es\/wp-json\/wp\/v2\/product"}],"about":[{"href":"https:\/\/mps.digital-monkey.in\/es\/wp-json\/wp\/v2\/types\/product"}],"replies":[{"embeddable":true,"href":"https:\/\/mps.digital-monkey.in\/es\/wp-json\/wp\/v2\/comments?post=45099"}],"wp:featuredmedia":[{"embeddable":true,"href":"https:\/\/mps.digital-monkey.in\/es\/wp-json\/wp\/v2\/media\/45100"}],"wp:attachment":[{"href":"https:\/\/mps.digital-monkey.in\/es\/wp-json\/wp\/v2\/media?parent=45099"}],"wp:term":[{"taxonomy":"product_brand","embeddable":true,"href":"https:\/\/mps.digital-monkey.in\/es\/wp-json\/wp\/v2\/product_brand?post=45099"},{"taxonomy":"product_cat","embeddable":true,"href":"https:\/\/mps.digital-monkey.in\/es\/wp-json\/wp\/v2\/product_cat?post=45099"},{"taxonomy":"product_tag","embeddable":true,"href":"https:\/\/mps.digital-monkey.in\/es\/wp-json\/wp\/v2\/product_tag?post=45099"}],"curies":[{"name":"wp","href":"https:\/\/api.w.org\/{rel}","templated":true}]}}