{"id":45112,"date":"2025-12-03T13:48:46","date_gmt":"2025-12-03T13:48:46","guid":{"rendered":"https:\/\/mps.digital-monkey.in\/product\/placas-plegables-pequenas-volvo-penta-110s-120s-s-b-s-c-aluminio-pareja-852018\/"},"modified":"2025-12-18T10:31:31","modified_gmt":"2025-12-18T10:31:31","slug":"placas-plegables-pequenas-volvo-penta-110s-120s-s-b-s-c-aluminio-pareja-852018","status":"publish","type":"product","link":"https:\/\/mps.digital-monkey.in\/es\/product\/placas-plegables-pequenas-volvo-penta-110s-120s-s-b-s-c-aluminio-pareja-852018\/","title":{"rendered":"Placas plegables peque\u00f1as Volvo Penta 110S\/120S S-B, S-C Aluminio (Pareja) | 852018"},"content":{"rendered":"<p data-start=\"1783\" data-end=\"2073\">Las <strong data-start=\"1787\" data-end=\"1857\">Placas Plegables Peque\u00f1as Volvo Penta 110\/120 S-B, S-C Aluminio (Pareja)<\/strong> (OEM 852018AL) proporcionan <strong data-start=\"1881\" data-end=\"1933\">protecci\u00f3n contra la corrosi\u00f3n en aguas salobres y mixtas<\/strong>. Dise\u00f1adas con precisi\u00f3n para los Saildrives 110 y 120 S-B y S-C, estas placas de aluminio garantizan un funcionamiento suave y una larga durabilidad. <\/p>\n<p data-start=\"2075\" data-end=\"2090\"><strong data-start=\"2075\" data-end=\"2088\">Material:<\/strong><\/p>\n<ul data-start=\"2091\" data-end=\"2140\">\n<li data-start=\"2091\" data-end=\"2140\">\n<p data-start=\"2093\" data-end=\"2140\">Aluminio &#8211; adecuado para aguas salobres\/mezcladas<\/p>\n<\/li>\n<\/ul>\n<p data-start=\"2142\" data-end=\"2156\"><strong data-start=\"2142\" data-end=\"2154\">Se vende como:<\/strong><\/p>\n<ul data-start=\"2157\" data-end=\"2176\">\n<li data-start=\"2157\" data-end=\"2176\">\n<p data-start=\"2159\" data-end=\"2176\">Pareja (2 placas)<\/p>\n<\/li>\n<\/ul>\n<p data-start=\"2178\" data-end=\"2197\"><strong data-start=\"2178\" data-end=\"2195\">Caracter\u00edsticas principales:<\/strong><\/p>\n<ul data-start=\"2198\" data-end=\"2403\">\n<li data-start=\"2198\" data-end=\"2250\">\n<p data-start=\"2200\" data-end=\"2250\">Placas plegables de aluminio para Saildrive S-B \/ S-C<\/p>\n<\/li>\n<li data-start=\"2251\" data-end=\"2309\">\n<p data-start=\"2253\" data-end=\"2309\">Protege contra la corrosi\u00f3n en medios acu\u00e1ticos mixtos<\/p>\n<\/li>\n<li data-start=\"2310\" data-end=\"2360\">\n<p data-start=\"2312\" data-end=\"2360\">Ajuste OEM para un funcionamiento suave de la h\u00e9lice plegable<\/p>\n<\/li>\n<li data-start=\"2361\" data-end=\"2403\">\n<p data-start=\"2363\" data-end=\"2403\">Se venden por pares para una sustituci\u00f3n completa<\/p>\n<\/li>\n<\/ul>\n<p data-start=\"2405\" data-end=\"2578\">\n","protected":false},"excerpt":{"rendered":"<p>Las Placas Plegables Peque\u00f1as Volvo Penta 110\/120 S-B, S-C Aluminio (Pareja) (OEM 852018AL) proporcionan protecci\u00f3n contra la corrosi\u00f3n en aguas salobres y mixtas. Dise\u00f1adas con precisi\u00f3n para los Saildrives 110 y 120 S-B y S-C, estas placas de aluminio garantizan un funcionamiento suave y una larga durabilidad. Material: Aluminio &#8211; adecuado para aguas salobres\/mezcladas Se [&hellip;]<\/p>\n","protected":false},"featured_media":45113,"comment_status":"open","ping_status":"closed","template":"","meta":[],"product_brand":[4229],"product_cat":[4486,3182,4522,2497,4525,4598,4573,4302],"product_tag":[],"class_list":{"0":"post-45112","1":"product","2":"type-product","3":"status-publish","4":"has-post-thumbnail","6":"product_brand-volvo-penta","7":"product_cat-necesitas-piezas-volvo-penta","8":"product_cat-anodos","9":"product_cat-anodos-volvo-penta","10":"product_cat-piezas-de-mantenimiento-del-motor","11":"product_cat-recambios-volvo-penta","12":"product_cat-recambios-volvo-penta-120s-saildrive-service","13":"product_cat-recambios-volvo-penta-saildrive-service","14":"product_cat-volvo-penta","15":"pa_condition-nuevo","16":"pa_model-110s","17":"pa_model-120s","18":"pa_oem-or-aftermarket-posventa","20":"first","21":"onbackorder","22":"taxable","23":"shipping-taxable","24":"purchasable","25":"product-type-simple"},"supplier_id":45614,"supplier_sku":"","barcode":null,"atum_controlled":true,"out_stock_date":"2025-12-03 13:48:53","out_stock_threshold":null,"inheritable":false,"inbound_stock":0,"stock_on_hold":0,"sold_today":0,"sales_last_days":0,"reserved_stock":0,"customer_returns":0,"warehouse_damage":0,"lost_in_post":0,"other_logs":0,"out_stock_days":56,"lost_sales":0,"has_location":false,"update_date":"2026-01-29T09:10:01","atum_locations":[],"atum_stock_status":"onbackorder","restock_status":false,"low_stock_amount":1,"sales_update_date":"2026-01-29T09:10:01","calc_backorders":null,"_links":{"self":[{"href":"https:\/\/mps.digital-monkey.in\/es\/wp-json\/wp\/v2\/product\/45112","targetHints":{"allow":["GET"]}}],"collection":[{"href":"https:\/\/mps.digital-monkey.in\/es\/wp-json\/wp\/v2\/product"}],"about":[{"href":"https:\/\/mps.digital-monkey.in\/es\/wp-json\/wp\/v2\/types\/product"}],"replies":[{"embeddable":true,"href":"https:\/\/mps.digital-monkey.in\/es\/wp-json\/wp\/v2\/comments?post=45112"}],"wp:featuredmedia":[{"embeddable":true,"href":"https:\/\/mps.digital-monkey.in\/es\/wp-json\/wp\/v2\/media\/45113"}],"wp:attachment":[{"href":"https:\/\/mps.digital-monkey.in\/es\/wp-json\/wp\/v2\/media?parent=45112"}],"wp:term":[{"taxonomy":"product_brand","embeddable":true,"href":"https:\/\/mps.digital-monkey.in\/es\/wp-json\/wp\/v2\/product_brand?post=45112"},{"taxonomy":"product_cat","embeddable":true,"href":"https:\/\/mps.digital-monkey.in\/es\/wp-json\/wp\/v2\/product_cat?post=45112"},{"taxonomy":"product_tag","embeddable":true,"href":"https:\/\/mps.digital-monkey.in\/es\/wp-json\/wp\/v2\/product_tag?post=45112"}],"curies":[{"name":"wp","href":"https:\/\/api.w.org\/{rel}","templated":true}]}}