{"id":45133,"date":"2025-12-03T14:08:49","date_gmt":"2025-12-03T14:08:49","guid":{"rendered":"https:\/\/mps.digital-monkey.in\/product\/volvo-penta-collarin-de-helice-plegable-de-2-palas-zinc-3888491\/"},"modified":"2025-12-18T10:31:41","modified_gmt":"2025-12-18T10:31:41","slug":"volvo-penta-collarin-de-helice-plegable-de-2-palas-zinc-3888491","status":"publish","type":"product","link":"https:\/\/mps.digital-monkey.in\/es\/product\/volvo-penta-collarin-de-helice-plegable-de-2-palas-zinc-3888491\/","title":{"rendered":"Volvo Penta Collar\u00edn de h\u00e9lice plegable de 2 palas Zinc | 3888491"},"content":{"rendered":"<p data-start=\"479\" data-end=\"773\">El <strong data-start=\"483\" data-end=\"542\">\u00e1nodo de zinc para h\u00e9lice<\/strong> plegable de 2 palas <strong data-start=\"483\" data-end=\"542\">Volvo Penta<\/strong> (OEM 3888491Z) protege tu h\u00e9lice plegable de 2 palas de la <strong data-start=\"603\" data-end=\"651\">corrosi\u00f3n galv\u00e1nica en entornos de agua salada<\/strong>. Su robusto dise\u00f1o garantiza un rendimiento duradero y una protecci\u00f3n fiable del cubo de la h\u00e9lice y los componentes de la transmisi\u00f3n. <\/p>\n<p data-start=\"775\" data-end=\"797\"><strong data-start=\"775\" data-end=\"795\">Compatible con:<\/strong><\/p>\n<ul data-start=\"798\" data-end=\"840\">\n<li data-start=\"798\" data-end=\"840\">\n<p data-start=\"800\" data-end=\"840\">H\u00e9lices plegables de 2 palas Volvo Penta<\/p>\n<\/li>\n<\/ul>\n<p data-start=\"842\" data-end=\"857\"><strong data-start=\"842\" data-end=\"855\">Material:<\/strong><\/p>\n<ul data-start=\"858\" data-end=\"888\">\n<li data-start=\"858\" data-end=\"888\">\n<p data-start=\"860\" data-end=\"888\">Zinc &#8211; ideal para agua salada<\/p>\n<\/li>\n<\/ul>\n<p data-start=\"890\" data-end=\"907\"><strong data-start=\"890\" data-end=\"905\">Dimensiones:<\/strong><\/p>\n<ul data-start=\"908\" data-end=\"1008\">\n<li data-start=\"908\" data-end=\"929\">\n<p data-start=\"910\" data-end=\"929\">Altura (H): 15 mm<\/p>\n<\/li>\n<li data-start=\"930\" data-end=\"959\">\n<p data-start=\"932\" data-end=\"959\">Di\u00e1metro exterior (\u00d8) 65 mm<\/p>\n<\/li>\n<li data-start=\"960\" data-end=\"1008\">\n<p data-start=\"962\" data-end=\"1008\">Di\u00e1metros interiores: \u00d81 45 mm, \u00d82 10 mm, \u00d83 5 mm<\/p>\n<\/li>\n<\/ul>\n<p data-start=\"1010\" data-end=\"1029\"><strong data-start=\"1010\" data-end=\"1027\">Caracter\u00edsticas principales:<\/strong><\/p>\n<ul data-start=\"1030\" data-end=\"1226\">\n<li data-start=\"1030\" data-end=\"1082\">\n<p data-start=\"1032\" data-end=\"1082\">\u00c1nodo de collar de zinc para h\u00e9lices plegables de 2 palas<\/p>\n<\/li>\n<li data-start=\"1083\" data-end=\"1116\">\n<p data-start=\"1085\" data-end=\"1116\">Ajuste OEM para facilitar la instalaci\u00f3n<\/p>\n<\/li>\n<li data-start=\"1117\" data-end=\"1179\">\n<p data-start=\"1119\" data-end=\"1179\">Protege de la corrosi\u00f3n el cubo de la h\u00e9lice y los componentes de accionamiento<\/p>\n<\/li>\n<li data-start=\"1180\" data-end=\"1226\">\n<p data-start=\"1182\" data-end=\"1226\">Protecci\u00f3n marina duradera<\/p>\n<\/li>\n<\/ul>\n","protected":false},"excerpt":{"rendered":"<p>El \u00e1nodo de zinc para h\u00e9lice plegable de 2 palas Volvo Penta (OEM 3888491Z) protege tu h\u00e9lice plegable de 2 palas de la corrosi\u00f3n galv\u00e1nica en entornos de agua salada. Su robusto dise\u00f1o garantiza un rendimiento duradero y una protecci\u00f3n fiable del cubo de la h\u00e9lice y los componentes de la transmisi\u00f3n. Compatible con: H\u00e9lices [&hellip;]<\/p>\n","protected":false},"featured_media":45134,"comment_status":"open","ping_status":"closed","template":"","meta":[],"product_brand":[4229],"product_cat":[4486,3182,4522,2497,4525,4573,4302],"product_tag":[],"class_list":{"0":"post-45133","1":"product","2":"type-product","3":"status-publish","4":"has-post-thumbnail","6":"product_brand-volvo-penta","7":"product_cat-necesitas-piezas-volvo-penta","8":"product_cat-anodos","9":"product_cat-anodos-volvo-penta","10":"product_cat-piezas-de-mantenimiento-del-motor","11":"product_cat-recambios-volvo-penta","12":"product_cat-recambios-volvo-penta-saildrive-service","13":"product_cat-volvo-penta","14":"pa_condition-nuevo","15":"pa_oem-or-aftermarket-posventa","17":"first","18":"onbackorder","19":"sale","20":"taxable","21":"shipping-taxable","22":"purchasable","23":"product-type-simple"},"supplier_id":45614,"supplier_sku":"00747","barcode":null,"atum_controlled":true,"out_stock_date":null,"out_stock_threshold":null,"inheritable":false,"inbound_stock":0,"stock_on_hold":1,"sold_today":0,"sales_last_days":0,"reserved_stock":0,"customer_returns":0,"warehouse_damage":0,"lost_in_post":0,"other_logs":0,"out_stock_days":0,"lost_sales":0,"has_location":false,"update_date":"2026-01-29T09:10:11","atum_locations":[],"atum_stock_status":"onbackorder","restock_status":false,"low_stock_amount":1,"sales_update_date":"2026-01-29T09:10:11","calc_backorders":-1,"_links":{"self":[{"href":"https:\/\/mps.digital-monkey.in\/es\/wp-json\/wp\/v2\/product\/45133","targetHints":{"allow":["GET"]}}],"collection":[{"href":"https:\/\/mps.digital-monkey.in\/es\/wp-json\/wp\/v2\/product"}],"about":[{"href":"https:\/\/mps.digital-monkey.in\/es\/wp-json\/wp\/v2\/types\/product"}],"replies":[{"embeddable":true,"href":"https:\/\/mps.digital-monkey.in\/es\/wp-json\/wp\/v2\/comments?post=45133"}],"wp:featuredmedia":[{"embeddable":true,"href":"https:\/\/mps.digital-monkey.in\/es\/wp-json\/wp\/v2\/media\/45134"}],"wp:attachment":[{"href":"https:\/\/mps.digital-monkey.in\/es\/wp-json\/wp\/v2\/media?parent=45133"}],"wp:term":[{"taxonomy":"product_brand","embeddable":true,"href":"https:\/\/mps.digital-monkey.in\/es\/wp-json\/wp\/v2\/product_brand?post=45133"},{"taxonomy":"product_cat","embeddable":true,"href":"https:\/\/mps.digital-monkey.in\/es\/wp-json\/wp\/v2\/product_cat?post=45133"},{"taxonomy":"product_tag","embeddable":true,"href":"https:\/\/mps.digital-monkey.in\/es\/wp-json\/wp\/v2\/product_tag?post=45133"}],"curies":[{"name":"wp","href":"https:\/\/api.w.org\/{rel}","templated":true}]}}