{"id":45239,"date":"2025-12-12T12:45:58","date_gmt":"2025-12-12T12:45:58","guid":{"rendered":"https:\/\/mps.digital-monkey.in\/product\/abrazadera-de-acero-inoxidable-8-12-mm\/"},"modified":"2025-12-12T12:45:58","modified_gmt":"2025-12-12T12:45:58","slug":"abrazadera-de-acero-inoxidable-8-12-mm","status":"publish","type":"product","link":"https:\/\/mps.digital-monkey.in\/es\/producto\/abrazadera-de-acero-inoxidable-8-12-mm\/","title":{"rendered":"Abrazadera de acero inoxidable 8-12 mm"},"content":{"rendered":"<p data-start=\"541\" data-end=\"854\">La <strong data-start=\"545\" data-end=\"583\">abrazadera de man<\/strong> guera <strong data-start=\"545\" data-end=\"583\">de acero inoxidable de 8-12 mm<\/strong> est\u00e1 dise\u00f1ada para sujetar con seguridad mangueras, tubos y tuber\u00edas en una amplia gama de aplicaciones. Fabricada en acero inoxidable de alta calidad, esta abrazadera de manguera ofrece una excelente resistencia a la corrosi\u00f3n, por lo que es adecuada para <strong data-start=\"802\" data-end=\"853\">entornos marinos, automovil\u00edsticos e industriales<\/strong>. <\/p>\n<p data-start=\"856\" data-end=\"1129\">Con un rango de apriete ajustable de <strong data-start=\"893\" data-end=\"907\">8 a 12 mm<\/strong>, esta abrazadera de manguera garantiza un cierre herm\u00e9tico y fiable sin da\u00f1ar el material de la manguera. Es ideal para usar en conductos de combustible, mangueras de refrigeraci\u00f3n, mangueras de agua y sistemas de ventilaci\u00f3n, donde la durabilidad y la fiabilidad son esenciales. <\/p>\n<h3 data-start=\"1131\" data-end=\"1153\"><strong data-start=\"1135\" data-end=\"1153\">Especificaciones<\/strong><\/h3>\n<ul data-start=\"1154\" data-end=\"1264\">\n<li data-start=\"1154\" data-end=\"1187\">\n<p data-start=\"1156\" data-end=\"1187\"><strong data-start=\"1156\" data-end=\"1169\">Material:<\/strong> Acero inoxidable<\/p>\n<\/li>\n<li data-start=\"1188\" data-end=\"1219\">\n<p data-start=\"1190\" data-end=\"1219\"><strong data-start=\"1190\" data-end=\"1209\">Rango de sujeci\u00f3n:<\/strong> 8-12 mm<\/p>\n<\/li>\n<\/ul>\n<h3 data-start=\"1266\" data-end=\"1286\"><strong data-start=\"1270\" data-end=\"1286\">Caracter\u00edsticas principales<\/strong><\/h3>\n<ul data-start=\"1287\" data-end=\"1507\">\n<li data-start=\"1287\" data-end=\"1339\">\n<p data-start=\"1289\" data-end=\"1339\">Construcci\u00f3n de acero inoxidable resistente a la corrosi\u00f3n<\/p>\n<\/li>\n<li data-start=\"1340\" data-end=\"1376\">\n<p data-start=\"1342\" data-end=\"1376\">Fuerza de sujeci\u00f3n fuerte y segura<\/p>\n<\/li>\n<li data-start=\"1377\" data-end=\"1420\">\n<p data-start=\"1379\" data-end=\"1420\">Ajuste regulable para una instalaci\u00f3n precisa<\/p>\n<\/li>\n<li data-start=\"1421\" data-end=\"1476\">\n<p data-start=\"1423\" data-end=\"1476\">Adecuado para uso marino, automovil\u00edstico e industrial<\/p>\n<\/li>\n<li data-start=\"1477\" data-end=\"1507\">\n<p data-start=\"1479\" data-end=\"1507\">F\u00e1cil de instalar y quitar<\/p>\n<\/li>\n<\/ul>\n","protected":false},"excerpt":{"rendered":"<p>La abrazadera de man guera de acero inoxidable de 8-12 mm est\u00e1 dise\u00f1ada para sujetar con seguridad mangueras, tubos y tuber\u00edas en una amplia gama de aplicaciones. Fabricada en acero inoxidable de alta calidad, esta abrazadera de manguera ofrece una excelente resistencia a la corrosi\u00f3n, por lo que es adecuada para entornos marinos, automovil\u00edsticos e [&hellip;]<\/p>\n","protected":false},"featured_media":45240,"comment_status":"open","ping_status":"closed","template":"","meta":[],"product_brand":[],"product_cat":[4111,3599],"product_tag":[],"class_list":{"0":"post-45239","1":"product","2":"type-product","3":"status-publish","4":"has-post-thumbnail","6":"product_cat-alrededor-del-motor","7":"product_cat-mangueras-y-racores","9":"first","10":"instock","11":"taxable","12":"shipping-taxable","13":"purchasable","14":"product-type-simple"},"supplier_id":7294,"supplier_sku":"GS38300","barcode":null,"atum_controlled":true,"out_stock_date":null,"out_stock_threshold":null,"inheritable":false,"inbound_stock":0,"stock_on_hold":0,"sold_today":0,"sales_last_days":0,"reserved_stock":0,"customer_returns":0,"warehouse_damage":0,"lost_in_post":0,"other_logs":0,"out_stock_days":0,"lost_sales":0,"has_location":false,"update_date":"2026-01-29T09:09:19","atum_locations":[],"atum_stock_status":"instock","restock_status":false,"low_stock_amount":5,"sales_update_date":"2026-01-29T09:09:19","calc_backorders":null,"_links":{"self":[{"href":"https:\/\/mps.digital-monkey.in\/es\/wp-json\/wp\/v2\/product\/45239","targetHints":{"allow":["GET"]}}],"collection":[{"href":"https:\/\/mps.digital-monkey.in\/es\/wp-json\/wp\/v2\/product"}],"about":[{"href":"https:\/\/mps.digital-monkey.in\/es\/wp-json\/wp\/v2\/types\/product"}],"replies":[{"embeddable":true,"href":"https:\/\/mps.digital-monkey.in\/es\/wp-json\/wp\/v2\/comments?post=45239"}],"wp:featuredmedia":[{"embeddable":true,"href":"https:\/\/mps.digital-monkey.in\/es\/wp-json\/wp\/v2\/media\/45240"}],"wp:attachment":[{"href":"https:\/\/mps.digital-monkey.in\/es\/wp-json\/wp\/v2\/media?parent=45239"}],"wp:term":[{"taxonomy":"product_brand","embeddable":true,"href":"https:\/\/mps.digital-monkey.in\/es\/wp-json\/wp\/v2\/product_brand?post=45239"},{"taxonomy":"product_cat","embeddable":true,"href":"https:\/\/mps.digital-monkey.in\/es\/wp-json\/wp\/v2\/product_cat?post=45239"},{"taxonomy":"product_tag","embeddable":true,"href":"https:\/\/mps.digital-monkey.in\/es\/wp-json\/wp\/v2\/product_tag?post=45239"}],"curies":[{"name":"wp","href":"https:\/\/api.w.org\/{rel}","templated":true}]}}