{"id":45249,"date":"2025-12-12T12:54:02","date_gmt":"2025-12-12T12:54:02","guid":{"rendered":"https:\/\/mps.digital-monkey.in\/product\/abrazadera-de-manguera-de-acero-inoxidable-10-16-mm\/"},"modified":"2025-12-12T12:54:02","modified_gmt":"2025-12-12T12:54:02","slug":"abrazadera-de-manguera-de-acero-inoxidable-10-16-mm","status":"publish","type":"product","link":"https:\/\/mps.digital-monkey.in\/es\/producto\/abrazadera-de-manguera-de-acero-inoxidable-10-16-mm\/","title":{"rendered":"Abrazadera de manguera de acero inoxidable 10-16 mm"},"content":{"rendered":"<p data-start=\"511\" data-end=\"813\">La <strong data-start=\"515\" data-end=\"554\">abrazadera de man<\/strong> guera <strong data-start=\"515\" data-end=\"554\">de acero inoxidable de 10-16 mm<\/strong> est\u00e1 dise\u00f1ada para una sujeci\u00f3n fiable y segura de mangueras y tuber\u00edas en entornos exigentes. Fabricada en acero inoxidable de alta calidad, esta abrazadera de manguera ofrece una excelente resistencia a la corrosi\u00f3n, por lo que es ideal para <strong data-start=\"770\" data-end=\"812\">uso marino, automovil\u00edstico e industrial<\/strong>. <\/p>\n<p data-start=\"815\" data-end=\"1083\">Con un rango de apriete ajustable de <strong data-start=\"852\" data-end=\"867\">10 a 16 mm<\/strong>, esta abrazadera proporciona una fuerza de apriete fuerte y uniforme sin da\u00f1ar la manguera. Es adecuada para conductos de combustible, sistemas de refrigeraci\u00f3n, mangueras de agua y aplicaciones de ventilaci\u00f3n en las que la durabilidad y la seguridad son esenciales. <\/p>\n<h3 data-start=\"1085\" data-end=\"1107\"><strong data-start=\"1089\" data-end=\"1107\">Especificaciones<\/strong><\/h3>\n<ul data-start=\"1108\" data-end=\"1219\">\n<li data-start=\"1108\" data-end=\"1141\">\n<p data-start=\"1110\" data-end=\"1141\"><strong data-start=\"1110\" data-end=\"1123\">Material:<\/strong> Acero inoxidable<\/p>\n<\/li>\n<li data-start=\"1142\" data-end=\"1174\">\n<p data-start=\"1144\" data-end=\"1174\"><strong data-start=\"1144\" data-end=\"1163\">Rango de sujeci\u00f3n:<\/strong> 10-16 mm<\/p>\n<\/li>\n<li data-start=\"1175\" data-end=\"1219\">\n<p data-start=\"1177\" data-end=\"1219\"><strong data-start=\"1177\" data-end=\"1193\">Aplicaci\u00f3n:<\/strong> Fijaci\u00f3n de mangueras y tubos<\/p>\n<\/li>\n<\/ul>\n<h3 data-start=\"1221\" data-end=\"1241\"><strong data-start=\"1225\" data-end=\"1241\">Caracter\u00edsticas principales<\/strong><\/h3>\n<ul data-start=\"1242\" data-end=\"1463\">\n<li data-start=\"1242\" data-end=\"1294\">\n<p data-start=\"1244\" data-end=\"1294\">Construcci\u00f3n de acero inoxidable resistente a la corrosi\u00f3n<\/p>\n<\/li>\n<li data-start=\"1295\" data-end=\"1333\">\n<p data-start=\"1297\" data-end=\"1333\">Fuerza de sujeci\u00f3n fuerte y fiable<\/p>\n<\/li>\n<li data-start=\"1334\" data-end=\"1364\">\n<p data-start=\"1336\" data-end=\"1364\">Ajustable para un ajuste preciso<\/p>\n<\/li>\n<li data-start=\"1365\" data-end=\"1429\">\n<p data-start=\"1367\" data-end=\"1429\">Adecuado para entornos marinos, automovil\u00edsticos e industriales<\/p>\n<\/li>\n<li data-start=\"1430\" data-end=\"1463\">\n<p data-start=\"1432\" data-end=\"1463\">F\u00e1cil instalaci\u00f3n y desmontaje<\/p>\n<\/li>\n<\/ul>\n<p data-start=\"1465\" data-end=\"1595\">La <strong data-start=\"1469\" data-end=\"1508\">abrazadera de manguera de acero inoxidable de 10-16 mm<\/strong> es una soluci\u00f3n de sujeci\u00f3n fiable para aplicaciones profesionales y de mantenimiento.<\/p>\n","protected":false},"excerpt":{"rendered":"<p>La abrazadera de man guera de acero inoxidable de 10-16 mm est\u00e1 dise\u00f1ada para una sujeci\u00f3n fiable y segura de mangueras y tuber\u00edas en entornos exigentes. Fabricada en acero inoxidable de alta calidad, esta abrazadera de manguera ofrece una excelente resistencia a la corrosi\u00f3n, por lo que es ideal para uso marino, automovil\u00edstico e industrial. [&hellip;]<\/p>\n","protected":false},"featured_media":45250,"comment_status":"open","ping_status":"closed","template":"","meta":[],"product_brand":[],"product_cat":[4111,3599],"product_tag":[],"class_list":{"0":"post-45249","1":"product","2":"type-product","3":"status-publish","4":"has-post-thumbnail","6":"product_cat-alrededor-del-motor","7":"product_cat-mangueras-y-racores","9":"first","10":"instock","11":"taxable","12":"shipping-taxable","13":"purchasable","14":"product-type-simple"},"supplier_id":7294,"supplier_sku":"GS383001","barcode":null,"atum_controlled":true,"out_stock_date":null,"out_stock_threshold":null,"inheritable":false,"inbound_stock":0,"stock_on_hold":0,"sold_today":0,"sales_last_days":0,"reserved_stock":0,"customer_returns":0,"warehouse_damage":0,"lost_in_post":0,"other_logs":0,"out_stock_days":0,"lost_sales":0,"has_location":false,"update_date":"2026-01-29T09:09:19","atum_locations":[],"atum_stock_status":"instock","restock_status":false,"low_stock_amount":5,"sales_update_date":"2026-01-29T09:09:19","calc_backorders":null,"_links":{"self":[{"href":"https:\/\/mps.digital-monkey.in\/es\/wp-json\/wp\/v2\/product\/45249","targetHints":{"allow":["GET"]}}],"collection":[{"href":"https:\/\/mps.digital-monkey.in\/es\/wp-json\/wp\/v2\/product"}],"about":[{"href":"https:\/\/mps.digital-monkey.in\/es\/wp-json\/wp\/v2\/types\/product"}],"replies":[{"embeddable":true,"href":"https:\/\/mps.digital-monkey.in\/es\/wp-json\/wp\/v2\/comments?post=45249"}],"wp:featuredmedia":[{"embeddable":true,"href":"https:\/\/mps.digital-monkey.in\/es\/wp-json\/wp\/v2\/media\/45250"}],"wp:attachment":[{"href":"https:\/\/mps.digital-monkey.in\/es\/wp-json\/wp\/v2\/media?parent=45249"}],"wp:term":[{"taxonomy":"product_brand","embeddable":true,"href":"https:\/\/mps.digital-monkey.in\/es\/wp-json\/wp\/v2\/product_brand?post=45249"},{"taxonomy":"product_cat","embeddable":true,"href":"https:\/\/mps.digital-monkey.in\/es\/wp-json\/wp\/v2\/product_cat?post=45249"},{"taxonomy":"product_tag","embeddable":true,"href":"https:\/\/mps.digital-monkey.in\/es\/wp-json\/wp\/v2\/product_tag?post=45249"}],"curies":[{"name":"wp","href":"https:\/\/api.w.org\/{rel}","templated":true}]}}