{"id":45258,"date":"2025-12-12T13:05:47","date_gmt":"2025-12-12T13:05:47","guid":{"rendered":"https:\/\/mps.digital-monkey.in\/product\/abrazadera-de-manguera-de-acero-inoxidable-12-20-mm\/"},"modified":"2025-12-12T13:05:47","modified_gmt":"2025-12-12T13:05:47","slug":"abrazadera-de-manguera-de-acero-inoxidable-12-20-mm","status":"publish","type":"product","link":"https:\/\/mps.digital-monkey.in\/es\/product\/abrazadera-de-manguera-de-acero-inoxidable-12-20-mm\/","title":{"rendered":"Abrazadera de manguera de acero inoxidable 12-20 mm"},"content":{"rendered":"<p data-start=\"544\" data-end=\"871\">La <strong data-start=\"548\" data-end=\"587\">abrazadera de man<\/strong> guera <strong data-start=\"548\" data-end=\"587\">de acero inoxidable de 12-20 mm<\/strong> est\u00e1 dise\u00f1ada para proporcionar una conexi\u00f3n segura y fiable para mangueras y tuber\u00edas en una amplia gama de aplicaciones. Fabricada en acero inoxidable de alta calidad, esta abrazadera de manguera ofrece una excelente resistencia a la corrosi\u00f3n, por lo que es adecuada para <strong data-start=\"819\" data-end=\"870\">entornos marinos, automovil\u00edsticos e industriales<\/strong>. <\/p>\n<p data-start=\"873\" data-end=\"1152\">Con un rango de sujeci\u00f3n ajustable de <strong data-start=\"910\" data-end=\"925\">12 a 20 mm<\/strong>, esta abrazadera garantiza una distribuci\u00f3n uniforme de la presi\u00f3n y una fuerte sujeci\u00f3n sin da\u00f1ar la manguera. Es ideal para usar en conductos de combustible, sistemas de refrigeraci\u00f3n, mangueras de agua y tubos de ventilaci\u00f3n, donde la durabilidad y la fiabilidad son esenciales. <\/p>\n<h3 data-start=\"1154\" data-end=\"1176\"><strong data-start=\"1158\" data-end=\"1176\">Especificaciones<\/strong><\/h3>\n<ul data-start=\"1177\" data-end=\"1288\">\n<li data-start=\"1177\" data-end=\"1210\">\n<p data-start=\"1179\" data-end=\"1210\"><strong data-start=\"1179\" data-end=\"1192\">Material:<\/strong> Acero inoxidable<\/p>\n<\/li>\n<li data-start=\"1211\" data-end=\"1243\">\n<p data-start=\"1213\" data-end=\"1243\"><strong data-start=\"1213\" data-end=\"1232\">Rango de sujeci\u00f3n:<\/strong> 12-20 mm<\/p>\n<\/li>\n<li data-start=\"1244\" data-end=\"1288\">\n<p data-start=\"1246\" data-end=\"1288\"><strong data-start=\"1246\" data-end=\"1262\">Aplicaci\u00f3n:<\/strong> Fijaci\u00f3n de mangueras y tubos<\/p>\n<\/li>\n<\/ul>\n<h3 data-start=\"1290\" data-end=\"1310\"><strong data-start=\"1294\" data-end=\"1310\">Caracter\u00edsticas principales<\/strong><\/h3>\n<ul data-start=\"1311\" data-end=\"1523\">\n<li data-start=\"1311\" data-end=\"1363\">\n<p data-start=\"1313\" data-end=\"1363\">Construcci\u00f3n de acero inoxidable resistente a la corrosi\u00f3n<\/p>\n<\/li>\n<li data-start=\"1364\" data-end=\"1402\">\n<p data-start=\"1366\" data-end=\"1402\">Fuerza de sujeci\u00f3n segura y fiable<\/p>\n<\/li>\n<li data-start=\"1403\" data-end=\"1433\">\n<p data-start=\"1405\" data-end=\"1433\">Ajustable para un ajuste preciso<\/p>\n<\/li>\n<li data-start=\"1434\" data-end=\"1489\">\n<p data-start=\"1436\" data-end=\"1489\">Adecuado para uso marino, automovil\u00edstico e industrial<\/p>\n<\/li>\n<li data-start=\"1490\" data-end=\"1523\">\n<p data-start=\"1492\" data-end=\"1523\">F\u00e1cil instalaci\u00f3n y desmontaje<\/p>\n<\/li>\n<\/ul>\n<p data-start=\"1525\" data-end=\"1657\">La <strong data-start=\"1529\" data-end=\"1568\">abrazadera de manguera de acero inoxidable de 12-20 mm<\/strong> es una soluci\u00f3n de sujeci\u00f3n fiable para mantenimiento profesional y uso general.<\/p>\n","protected":false},"excerpt":{"rendered":"<p>La abrazadera de man guera de acero inoxidable de 12-20 mm est\u00e1 dise\u00f1ada para proporcionar una conexi\u00f3n segura y fiable para mangueras y tuber\u00edas en una amplia gama de aplicaciones. Fabricada en acero inoxidable de alta calidad, esta abrazadera de manguera ofrece una excelente resistencia a la corrosi\u00f3n, por lo que es adecuada para entornos [&hellip;]<\/p>\n","protected":false},"featured_media":45259,"comment_status":"open","ping_status":"closed","template":"","meta":[],"product_brand":[],"product_cat":[4111,3599],"product_tag":[],"class_list":{"0":"post-45258","1":"product","2":"type-product","3":"status-publish","4":"has-post-thumbnail","6":"product_cat-alrededor-del-motor","7":"product_cat-mangueras-y-racores","9":"first","10":"instock","11":"taxable","12":"shipping-taxable","13":"purchasable","14":"product-type-simple"},"supplier_id":7294,"supplier_sku":"GS38302","barcode":null,"atum_controlled":true,"out_stock_date":null,"out_stock_threshold":null,"inheritable":false,"inbound_stock":0,"stock_on_hold":0,"sold_today":0,"sales_last_days":0,"reserved_stock":0,"customer_returns":0,"warehouse_damage":0,"lost_in_post":0,"other_logs":0,"out_stock_days":0,"lost_sales":0,"has_location":false,"update_date":"2026-01-29T09:09:19","atum_locations":[],"atum_stock_status":"instock","restock_status":false,"low_stock_amount":5,"sales_update_date":"2026-01-29T09:09:19","calc_backorders":null,"_links":{"self":[{"href":"https:\/\/mps.digital-monkey.in\/es\/wp-json\/wp\/v2\/product\/45258","targetHints":{"allow":["GET"]}}],"collection":[{"href":"https:\/\/mps.digital-monkey.in\/es\/wp-json\/wp\/v2\/product"}],"about":[{"href":"https:\/\/mps.digital-monkey.in\/es\/wp-json\/wp\/v2\/types\/product"}],"replies":[{"embeddable":true,"href":"https:\/\/mps.digital-monkey.in\/es\/wp-json\/wp\/v2\/comments?post=45258"}],"wp:featuredmedia":[{"embeddable":true,"href":"https:\/\/mps.digital-monkey.in\/es\/wp-json\/wp\/v2\/media\/45259"}],"wp:attachment":[{"href":"https:\/\/mps.digital-monkey.in\/es\/wp-json\/wp\/v2\/media?parent=45258"}],"wp:term":[{"taxonomy":"product_brand","embeddable":true,"href":"https:\/\/mps.digital-monkey.in\/es\/wp-json\/wp\/v2\/product_brand?post=45258"},{"taxonomy":"product_cat","embeddable":true,"href":"https:\/\/mps.digital-monkey.in\/es\/wp-json\/wp\/v2\/product_cat?post=45258"},{"taxonomy":"product_tag","embeddable":true,"href":"https:\/\/mps.digital-monkey.in\/es\/wp-json\/wp\/v2\/product_tag?post=45258"}],"curies":[{"name":"wp","href":"https:\/\/api.w.org\/{rel}","templated":true}]}}