{"id":45267,"date":"2025-12-12T13:15:32","date_gmt":"2025-12-12T13:15:32","guid":{"rendered":"https:\/\/mps.digital-monkey.in\/product\/abrazadera-de-manguera-de-acero-inoxidable-15-25-mm\/"},"modified":"2025-12-12T13:15:32","modified_gmt":"2025-12-12T13:15:32","slug":"abrazadera-de-manguera-de-acero-inoxidable-15-25-mm","status":"publish","type":"product","link":"https:\/\/mps.digital-monkey.in\/es\/producto\/abrazadera-de-manguera-de-acero-inoxidable-15-25-mm\/","title":{"rendered":"Abrazadera de manguera de acero inoxidable 15-25 mm"},"content":{"rendered":"<p data-start=\"511\" data-end=\"809\">La <strong data-start=\"515\" data-end=\"554\">abrazadera de man<\/strong> guera <strong data-start=\"515\" data-end=\"554\">de acero inoxidable de 15-25 mm<\/strong> est\u00e1 dise\u00f1ada para sujetar con seguridad mangueras y tubos en entornos exigentes. Fabricada en acero inoxidable de alta calidad, esta abrazadera de manguera ofrece una excelente resistencia a la corrosi\u00f3n, por lo que es ideal para <strong data-start=\"757\" data-end=\"808\">aplicaciones marinas, automovil\u00edsticas e industriales<\/strong>. <\/p>\n<p data-start=\"811\" data-end=\"1100\">Con un rango de apriete ajustable de <strong data-start=\"848\" data-end=\"863\">15 a 25 mm<\/strong>, la abrazadera proporciona una presi\u00f3n de apriete uniforme y una sujeci\u00f3n segura sin da\u00f1ar el material de la manguera. Es adecuada para su uso en mangueras de combustible, sistemas de refrigeraci\u00f3n, conductos de agua y conductos de ventilaci\u00f3n, donde la fiabilidad y la durabilidad son esenciales. <\/p>\n<h3 data-start=\"1102\" data-end=\"1124\"><strong data-start=\"1106\" data-end=\"1124\">Especificaciones<\/strong><\/h3>\n<ul data-start=\"1125\" data-end=\"1236\">\n<li data-start=\"1125\" data-end=\"1158\">\n<p data-start=\"1127\" data-end=\"1158\"><strong data-start=\"1127\" data-end=\"1140\">Material:<\/strong> Acero inoxidable<\/p>\n<\/li>\n<li data-start=\"1159\" data-end=\"1191\">\n<p data-start=\"1161\" data-end=\"1191\"><strong data-start=\"1161\" data-end=\"1180\">Rango de sujeci\u00f3n:<\/strong> 15-25 mm<\/p>\n<\/li>\n<li data-start=\"1192\" data-end=\"1236\">\n<p data-start=\"1194\" data-end=\"1236\"><strong data-start=\"1194\" data-end=\"1210\">Aplicaci\u00f3n:<\/strong> Fijaci\u00f3n de mangueras y tubos<\/p>\n<\/li>\n<\/ul>\n<h3 data-start=\"1238\" data-end=\"1258\"><strong data-start=\"1242\" data-end=\"1258\">Caracter\u00edsticas principales<\/strong><\/h3>\n<ul data-start=\"1259\" data-end=\"1473\">\n<li data-start=\"1259\" data-end=\"1311\">\n<p data-start=\"1261\" data-end=\"1311\">Construcci\u00f3n de acero inoxidable resistente a la corrosi\u00f3n<\/p>\n<\/li>\n<li data-start=\"1312\" data-end=\"1350\">\n<p data-start=\"1314\" data-end=\"1350\">Fuerza de sujeci\u00f3n fuerte y fiable<\/p>\n<\/li>\n<li data-start=\"1351\" data-end=\"1383\">\n<p data-start=\"1353\" data-end=\"1383\">Ajustable para un ajuste preciso<\/p>\n<\/li>\n<li data-start=\"1384\" data-end=\"1439\">\n<p data-start=\"1386\" data-end=\"1439\">Adecuado para uso marino, automovil\u00edstico e industrial<\/p>\n<\/li>\n<li data-start=\"1440\" data-end=\"1473\">\n<p data-start=\"1442\" data-end=\"1473\">F\u00e1cil instalaci\u00f3n y desmontaje<\/p>\n<\/li>\n<\/ul>\n<p data-start=\"1475\" data-end=\"1617\">La <strong data-start=\"1479\" data-end=\"1518\">abrazadera de manguera de acero inoxidable de 15-25 mm<\/strong> es una soluci\u00f3n de sujeci\u00f3n fiable para el mantenimiento profesional y las instalaciones de uso general.<\/p>\n","protected":false},"excerpt":{"rendered":"<p>La abrazadera de man guera de acero inoxidable de 15-25 mm est\u00e1 dise\u00f1ada para sujetar con seguridad mangueras y tubos en entornos exigentes. Fabricada en acero inoxidable de alta calidad, esta abrazadera de manguera ofrece una excelente resistencia a la corrosi\u00f3n, por lo que es ideal para aplicaciones marinas, automovil\u00edsticas e industriales. Con un rango [&hellip;]<\/p>\n","protected":false},"featured_media":45277,"comment_status":"open","ping_status":"closed","template":"","meta":[],"product_brand":[],"product_cat":[4111,3599],"product_tag":[],"class_list":{"0":"post-45267","1":"product","2":"type-product","3":"status-publish","4":"has-post-thumbnail","6":"product_cat-alrededor-del-motor","7":"product_cat-mangueras-y-racores","9":"first","10":"instock","11":"taxable","12":"shipping-taxable","13":"purchasable","14":"product-type-simple"},"supplier_id":7294,"supplier_sku":"GS38303","barcode":null,"atum_controlled":true,"out_stock_date":null,"out_stock_threshold":null,"inheritable":false,"inbound_stock":0,"stock_on_hold":0,"sold_today":0,"sales_last_days":0,"reserved_stock":0,"customer_returns":0,"warehouse_damage":0,"lost_in_post":0,"other_logs":0,"out_stock_days":0,"lost_sales":0,"has_location":false,"update_date":"2026-01-29T09:09:19","atum_locations":[],"atum_stock_status":"instock","restock_status":false,"low_stock_amount":5,"sales_update_date":"2026-01-29T09:09:19","calc_backorders":null,"_links":{"self":[{"href":"https:\/\/mps.digital-monkey.in\/es\/wp-json\/wp\/v2\/product\/45267","targetHints":{"allow":["GET"]}}],"collection":[{"href":"https:\/\/mps.digital-monkey.in\/es\/wp-json\/wp\/v2\/product"}],"about":[{"href":"https:\/\/mps.digital-monkey.in\/es\/wp-json\/wp\/v2\/types\/product"}],"replies":[{"embeddable":true,"href":"https:\/\/mps.digital-monkey.in\/es\/wp-json\/wp\/v2\/comments?post=45267"}],"wp:featuredmedia":[{"embeddable":true,"href":"https:\/\/mps.digital-monkey.in\/es\/wp-json\/wp\/v2\/media\/45277"}],"wp:attachment":[{"href":"https:\/\/mps.digital-monkey.in\/es\/wp-json\/wp\/v2\/media?parent=45267"}],"wp:term":[{"taxonomy":"product_brand","embeddable":true,"href":"https:\/\/mps.digital-monkey.in\/es\/wp-json\/wp\/v2\/product_brand?post=45267"},{"taxonomy":"product_cat","embeddable":true,"href":"https:\/\/mps.digital-monkey.in\/es\/wp-json\/wp\/v2\/product_cat?post=45267"},{"taxonomy":"product_tag","embeddable":true,"href":"https:\/\/mps.digital-monkey.in\/es\/wp-json\/wp\/v2\/product_tag?post=45267"}],"curies":[{"name":"wp","href":"https:\/\/api.w.org\/{rel}","templated":true}]}}