{"id":45282,"date":"2025-12-12T13:25:04","date_gmt":"2025-12-12T13:25:04","guid":{"rendered":"https:\/\/mps.digital-monkey.in\/product\/abrazadera-de-manguera-de-acero-inoxidable-20-32-mm\/"},"modified":"2025-12-12T13:25:04","modified_gmt":"2025-12-12T13:25:04","slug":"abrazadera-de-manguera-de-acero-inoxidable-20-32-mm","status":"publish","type":"product","link":"https:\/\/mps.digital-monkey.in\/es\/product\/abrazadera-de-manguera-de-acero-inoxidable-20-32-mm\/","title":{"rendered":"Abrazadera de manguera de acero inoxidable 20-32 mm"},"content":{"rendered":"<p data-start=\"507\" data-end=\"803\">La <strong data-start=\"511\" data-end=\"550\">abrazadera de man<\/strong> guera <strong data-start=\"511\" data-end=\"550\">de acero inoxidable de 20-32 mm<\/strong> est\u00e1 dise\u00f1ada para una sujeci\u00f3n segura y duradera de mangueras y tuber\u00edas en entornos exigentes. Fabricada en acero inoxidable de alta calidad, esta abrazadera de manguera ofrece una excelente resistencia a la corrosi\u00f3n, por lo que es adecuada para <strong data-start=\"760\" data-end=\"802\">uso marino, automovil\u00edstico e industrial<\/strong>. <\/p>\n<p data-start=\"805\" data-end=\"1096\">Con un rango de sujeci\u00f3n ajustable de <strong data-start=\"842\" data-end=\"857\">20 a 32 mm<\/strong>, la abrazadera proporciona una distribuci\u00f3n uniforme de la presi\u00f3n y una sujeci\u00f3n fuerte y fiable sin da\u00f1ar la manguera. Es ideal para usar en mangueras de combustible, sistemas de refrigeraci\u00f3n, conductos de agua y aplicaciones de ventilaci\u00f3n, donde la seguridad y la durabilidad son esenciales. <\/p>\n<h3 data-start=\"1098\" data-end=\"1120\"><strong data-start=\"1102\" data-end=\"1120\">Especificaciones<\/strong><\/h3>\n<ul data-start=\"1121\" data-end=\"1232\">\n<li data-start=\"1121\" data-end=\"1154\">\n<p data-start=\"1123\" data-end=\"1154\"><strong data-start=\"1123\" data-end=\"1136\">Material:<\/strong> Acero inoxidable<\/p>\n<\/li>\n<li data-start=\"1155\" data-end=\"1187\">\n<p data-start=\"1157\" data-end=\"1187\"><strong data-start=\"1157\" data-end=\"1176\">Rango de sujeci\u00f3n:<\/strong> 20-32 mm<\/p>\n<\/li>\n<li data-start=\"1188\" data-end=\"1232\">\n<p data-start=\"1190\" data-end=\"1232\"><strong data-start=\"1190\" data-end=\"1206\">Aplicaci\u00f3n:<\/strong> Fijaci\u00f3n de mangueras y tubos<\/p>\n<\/li>\n<\/ul>\n<h3 data-start=\"1234\" data-end=\"1254\"><strong data-start=\"1238\" data-end=\"1254\">Caracter\u00edsticas principales<\/strong><\/h3>\n<ul data-start=\"1255\" data-end=\"1476\">\n<li data-start=\"1255\" data-end=\"1307\">\n<p data-start=\"1257\" data-end=\"1307\">Construcci\u00f3n de acero inoxidable resistente a la corrosi\u00f3n<\/p>\n<\/li>\n<li data-start=\"1308\" data-end=\"1346\">\n<p data-start=\"1310\" data-end=\"1346\">Fuerza de sujeci\u00f3n fuerte y fiable<\/p>\n<\/li>\n<li data-start=\"1347\" data-end=\"1377\">\n<p data-start=\"1349\" data-end=\"1377\">Ajustable para un ajuste preciso<\/p>\n<\/li>\n<li data-start=\"1378\" data-end=\"1442\">\n<p data-start=\"1380\" data-end=\"1442\">Adecuado para entornos marinos, automovil\u00edsticos e industriales<\/p>\n<\/li>\n<li data-start=\"1443\" data-end=\"1476\">\n<p data-start=\"1445\" data-end=\"1476\">F\u00e1cil instalaci\u00f3n y desmontaje<\/p>\n<\/li>\n<\/ul>\n<p data-start=\"1478\" data-end=\"1620\">La <strong data-start=\"1482\" data-end=\"1521\">abrazadera de manguera de acero inoxidable de 20-32 mm<\/strong> es una soluci\u00f3n de sujeci\u00f3n fiable para el mantenimiento profesional y las instalaciones de uso general.<\/p>\n","protected":false},"excerpt":{"rendered":"<p>La abrazadera de man guera de acero inoxidable de 20-32 mm est\u00e1 dise\u00f1ada para una sujeci\u00f3n segura y duradera de mangueras y tuber\u00edas en entornos exigentes. Fabricada en acero inoxidable de alta calidad, esta abrazadera de manguera ofrece una excelente resistencia a la corrosi\u00f3n, por lo que es adecuada para uso marino, automovil\u00edstico e industrial. [&hellip;]<\/p>\n","protected":false},"featured_media":45283,"comment_status":"open","ping_status":"closed","template":"","meta":[],"product_brand":[],"product_cat":[4111,3599],"product_tag":[],"class_list":{"0":"post-45282","1":"product","2":"type-product","3":"status-publish","4":"has-post-thumbnail","6":"product_cat-alrededor-del-motor","7":"product_cat-mangueras-y-racores","9":"first","10":"instock","11":"taxable","12":"shipping-taxable","13":"purchasable","14":"product-type-simple"},"supplier_id":7294,"supplier_sku":"GS38304","barcode":null,"atum_controlled":true,"out_stock_date":null,"out_stock_threshold":null,"inheritable":false,"inbound_stock":0,"stock_on_hold":0,"sold_today":0,"sales_last_days":0,"reserved_stock":0,"customer_returns":0,"warehouse_damage":0,"lost_in_post":0,"other_logs":0,"out_stock_days":0,"lost_sales":0,"has_location":false,"update_date":"2026-01-29T09:09:19","atum_locations":[],"atum_stock_status":"instock","restock_status":false,"low_stock_amount":5,"sales_update_date":"2026-01-29T09:09:19","calc_backorders":null,"_links":{"self":[{"href":"https:\/\/mps.digital-monkey.in\/es\/wp-json\/wp\/v2\/product\/45282","targetHints":{"allow":["GET"]}}],"collection":[{"href":"https:\/\/mps.digital-monkey.in\/es\/wp-json\/wp\/v2\/product"}],"about":[{"href":"https:\/\/mps.digital-monkey.in\/es\/wp-json\/wp\/v2\/types\/product"}],"replies":[{"embeddable":true,"href":"https:\/\/mps.digital-monkey.in\/es\/wp-json\/wp\/v2\/comments?post=45282"}],"wp:featuredmedia":[{"embeddable":true,"href":"https:\/\/mps.digital-monkey.in\/es\/wp-json\/wp\/v2\/media\/45283"}],"wp:attachment":[{"href":"https:\/\/mps.digital-monkey.in\/es\/wp-json\/wp\/v2\/media?parent=45282"}],"wp:term":[{"taxonomy":"product_brand","embeddable":true,"href":"https:\/\/mps.digital-monkey.in\/es\/wp-json\/wp\/v2\/product_brand?post=45282"},{"taxonomy":"product_cat","embeddable":true,"href":"https:\/\/mps.digital-monkey.in\/es\/wp-json\/wp\/v2\/product_cat?post=45282"},{"taxonomy":"product_tag","embeddable":true,"href":"https:\/\/mps.digital-monkey.in\/es\/wp-json\/wp\/v2\/product_tag?post=45282"}],"curies":[{"name":"wp","href":"https:\/\/api.w.org\/{rel}","templated":true}]}}