{"id":45292,"date":"2025-12-12T13:45:36","date_gmt":"2025-12-12T13:45:36","guid":{"rendered":"https:\/\/mps.digital-monkey.in\/product\/abrazadera-de-manguera-de-acero-inoxidable-25-40-mm\/"},"modified":"2025-12-12T13:46:42","modified_gmt":"2025-12-12T13:46:42","slug":"abrazadera-de-manguera-de-acero-inoxidable-25-40-mm","status":"publish","type":"product","link":"https:\/\/mps.digital-monkey.in\/es\/product\/abrazadera-de-manguera-de-acero-inoxidable-25-40-mm\/","title":{"rendered":"Abrazadera de manguera de acero inoxidable 25-40 mm"},"content":{"rendered":"<p data-start=\"542\" data-end=\"864\">La <strong data-start=\"546\" data-end=\"585\">abrazadera de manguera de acero inoxidable de 25-40 mm<\/strong> est\u00e1 dise\u00f1ada para proporcionar una sujeci\u00f3n fuerte y fiable de mangueras y tuber\u00edas en entornos exigentes. Fabricada en acero inoxidable de alta calidad, esta abrazadera de manguera ofrece una excelente resistencia a la corrosi\u00f3n, por lo que es adecuada para <strong data-start=\"812\" data-end=\"863\">aplicaciones marinas, automovil\u00edsticas e industriales<\/strong>.<\/p>\n<p data-start=\"866\" data-end=\"1148\">Con un rango de sujeci\u00f3n ajustable de <strong data-start=\"903\" data-end=\"918\">25 a 40 mm<\/strong>, la abrazadera garantiza una distribuci\u00f3n uniforme de la presi\u00f3n y una sujeci\u00f3n segura sin da\u00f1ar el material de la manguera. Es ideal para su uso en sistemas de refrigeraci\u00f3n, mangueras de agua, conductos de combustible y tuber\u00edas de ventilaci\u00f3n, donde la durabilidad y la seguridad son esenciales.<\/p>\n<h3 data-start=\"1150\" data-end=\"1172\"><strong data-start=\"1154\" data-end=\"1172\">Especificaciones<\/strong><\/h3>\n<ul data-start=\"1173\" data-end=\"1284\">\n<li data-start=\"1173\" data-end=\"1206\">\n<p data-start=\"1175\" data-end=\"1206\"><strong data-start=\"1175\" data-end=\"1188\">Material:<\/strong> Acero inoxidable<\/p>\n<\/li>\n<li data-start=\"1207\" data-end=\"1239\">\n<p data-start=\"1209\" data-end=\"1239\"><strong data-start=\"1209\" data-end=\"1228\">Rango de sujeci\u00f3n:<\/strong> 25-40 mm<\/p>\n<\/li>\n<li data-start=\"1240\" data-end=\"1284\">\n<p data-start=\"1242\" data-end=\"1284\"><strong data-start=\"1242\" data-end=\"1258\">Aplicaci\u00f3n:<\/strong> Fijaci\u00f3n de mangueras y tubos<\/p>\n<\/li>\n<\/ul>\n<h3 data-start=\"1286\" data-end=\"1306\"><strong data-start=\"1290\" data-end=\"1306\">Caracter\u00edsticas principales<\/strong><\/h3>\n<ul data-start=\"1307\" data-end=\"1523\">\n<li data-start=\"1307\" data-end=\"1359\">\n<p data-start=\"1309\" data-end=\"1359\">Construcci\u00f3n de acero inoxidable resistente a la corrosi\u00f3n<\/p>\n<\/li>\n<li data-start=\"1360\" data-end=\"1400\">\n<p data-start=\"1362\" data-end=\"1400\">Fuerza de sujeci\u00f3n fuerte y fiable<\/p>\n<\/li>\n<li data-start=\"1401\" data-end=\"1433\">\n<p data-start=\"1403\" data-end=\"1433\">Ajustable para un ajuste preciso<\/p>\n<\/li>\n<li data-start=\"1434\" data-end=\"1489\">\n<p data-start=\"1436\" data-end=\"1489\">Adecuado para uso marino, automovil\u00edstico e industrial<\/p>\n<\/li>\n<li data-start=\"1490\" data-end=\"1523\">\n<p data-start=\"1492\" data-end=\"1523\">F\u00e1cil instalaci\u00f3n y desmontaje<\/p>\n<\/li>\n<\/ul>\n<p data-start=\"1525\" data-end=\"1667\">La <strong data-start=\"1529\" data-end=\"1568\">abrazadera de manguera de acero inoxidable de 25-40 mm<\/strong> es una soluci\u00f3n de sujeci\u00f3n fiable para el mantenimiento profesional y las instalaciones de uso general.<\/p>\n","protected":false},"excerpt":{"rendered":"<p>La abrazadera de manguera de acero inoxidable de 25-40 mm est\u00e1 dise\u00f1ada para proporcionar una sujeci\u00f3n fuerte y fiable de mangueras y tuber\u00edas en entornos exigentes. Fabricada en acero inoxidable de alta calidad, esta abrazadera de manguera ofrece una excelente resistencia a la corrosi\u00f3n, por lo que es adecuada para aplicaciones marinas, automovil\u00edsticas e industriales. [&hellip;]<\/p>\n","protected":false},"featured_media":45293,"comment_status":"open","ping_status":"closed","template":"","meta":[],"product_brand":[],"product_cat":[4111,3599],"product_tag":[],"class_list":{"0":"post-45292","1":"product","2":"type-product","3":"status-publish","4":"has-post-thumbnail","6":"product_cat-alrededor-del-motor","7":"product_cat-mangueras-y-racores","9":"first","10":"instock","11":"taxable","12":"shipping-taxable","13":"purchasable","14":"product-type-simple"},"supplier_id":7294,"supplier_sku":"GS38305","barcode":null,"atum_controlled":true,"out_stock_date":null,"out_stock_threshold":null,"inheritable":false,"inbound_stock":0,"stock_on_hold":0,"sold_today":0,"sales_last_days":0,"reserved_stock":0,"customer_returns":0,"warehouse_damage":0,"lost_in_post":0,"other_logs":0,"out_stock_days":0,"lost_sales":0,"has_location":false,"update_date":"2026-01-29T09:09:19","atum_locations":[],"atum_stock_status":"instock","restock_status":false,"low_stock_amount":5,"sales_update_date":"2026-01-29T09:09:19","calc_backorders":null,"_links":{"self":[{"href":"https:\/\/mps.digital-monkey.in\/es\/wp-json\/wp\/v2\/product\/45292","targetHints":{"allow":["GET"]}}],"collection":[{"href":"https:\/\/mps.digital-monkey.in\/es\/wp-json\/wp\/v2\/product"}],"about":[{"href":"https:\/\/mps.digital-monkey.in\/es\/wp-json\/wp\/v2\/types\/product"}],"replies":[{"embeddable":true,"href":"https:\/\/mps.digital-monkey.in\/es\/wp-json\/wp\/v2\/comments?post=45292"}],"wp:featuredmedia":[{"embeddable":true,"href":"https:\/\/mps.digital-monkey.in\/es\/wp-json\/wp\/v2\/media\/45293"}],"wp:attachment":[{"href":"https:\/\/mps.digital-monkey.in\/es\/wp-json\/wp\/v2\/media?parent=45292"}],"wp:term":[{"taxonomy":"product_brand","embeddable":true,"href":"https:\/\/mps.digital-monkey.in\/es\/wp-json\/wp\/v2\/product_brand?post=45292"},{"taxonomy":"product_cat","embeddable":true,"href":"https:\/\/mps.digital-monkey.in\/es\/wp-json\/wp\/v2\/product_cat?post=45292"},{"taxonomy":"product_tag","embeddable":true,"href":"https:\/\/mps.digital-monkey.in\/es\/wp-json\/wp\/v2\/product_tag?post=45292"}],"curies":[{"name":"wp","href":"https:\/\/api.w.org\/{rel}","templated":true}]}}