{"id":45305,"date":"2025-12-12T13:52:43","date_gmt":"2025-12-12T13:52:43","guid":{"rendered":"https:\/\/mps.digital-monkey.in\/product\/abrazadera-de-manguera-de-acero-inoxidable-32-50-mm\/"},"modified":"2025-12-12T13:52:43","modified_gmt":"2025-12-12T13:52:43","slug":"abrazadera-de-manguera-de-acero-inoxidable-32-50-mm","status":"publish","type":"product","link":"https:\/\/mps.digital-monkey.in\/es\/producto\/abrazadera-de-manguera-de-acero-inoxidable-32-50-mm\/","title":{"rendered":"Abrazadera de manguera de acero inoxidable 32-50 mm"},"content":{"rendered":"<p data-start=\"522\" data-end=\"831\">La <strong data-start=\"526\" data-end=\"565\">abrazadera de man<\/strong> guera <strong data-start=\"526\" data-end=\"565\">de acero inoxidable de 32-50 mm<\/strong> est\u00e1 dise\u00f1ada para una sujeci\u00f3n fuerte y fiable de mangueras y tubos en condiciones exigentes. Fabricada en acero inoxidable de alta calidad, esta abrazadera de manguera ofrece una excelente resistencia a la corrosi\u00f3n, por lo que es ideal para <strong data-start=\"779\" data-end=\"830\">entornos marinos, automovil\u00edsticos e industriales<\/strong>. <\/p>\n<p data-start=\"833\" data-end=\"1110\">Con un rango de sujeci\u00f3n ajustable de <strong data-start=\"870\" data-end=\"885\">32 a 50 mm<\/strong>, la abrazadera proporciona una distribuci\u00f3n uniforme de la presi\u00f3n y una sujeci\u00f3n segura sin da\u00f1ar la manguera. Es adecuada para su uso en sistemas de refrigeraci\u00f3n, mangueras de agua, conductos de combustible y conductos de ventilaci\u00f3n, donde la durabilidad y la seguridad son esenciales. <\/p>\n<h3 data-start=\"1112\" data-end=\"1134\"><strong data-start=\"1116\" data-end=\"1134\">Especificaciones<\/strong><\/h3>\n<ul data-start=\"1135\" data-end=\"1246\">\n<li data-start=\"1135\" data-end=\"1168\">\n<p data-start=\"1137\" data-end=\"1168\"><strong data-start=\"1137\" data-end=\"1150\">Material:<\/strong> Acero inoxidable<\/p>\n<\/li>\n<li data-start=\"1169\" data-end=\"1201\">\n<p data-start=\"1171\" data-end=\"1201\"><strong data-start=\"1171\" data-end=\"1190\">Rango de sujeci\u00f3n:<\/strong> 32-50 mm<\/p>\n<\/li>\n<li data-start=\"1202\" data-end=\"1246\">\n<p data-start=\"1204\" data-end=\"1246\"><strong data-start=\"1204\" data-end=\"1220\">Aplicaci\u00f3n:<\/strong> Fijaci\u00f3n de mangueras y tubos<\/p>\n<\/li>\n<\/ul>\n<h3 data-start=\"1248\" data-end=\"1268\"><strong data-start=\"1252\" data-end=\"1268\">Caracter\u00edsticas principales<\/strong><\/h3>\n<ul data-start=\"1269\" data-end=\"1483\">\n<li data-start=\"1269\" data-end=\"1321\">\n<p data-start=\"1271\" data-end=\"1321\">Construcci\u00f3n de acero inoxidable resistente a la corrosi\u00f3n<\/p>\n<\/li>\n<li data-start=\"1322\" data-end=\"1360\">\n<p data-start=\"1324\" data-end=\"1360\">Fuerza de sujeci\u00f3n fuerte y fiable<\/p>\n<\/li>\n<li data-start=\"1361\" data-end=\"1393\">\n<p data-start=\"1363\" data-end=\"1393\">Ajustable para un ajuste preciso<\/p>\n<\/li>\n<li data-start=\"1394\" data-end=\"1449\">\n<p data-start=\"1396\" data-end=\"1449\">Adecuado para uso marino, automovil\u00edstico e industrial<\/p>\n<\/li>\n<li data-start=\"1450\" data-end=\"1483\">\n<p data-start=\"1452\" data-end=\"1483\">F\u00e1cil instalaci\u00f3n y desmontaje<\/p>\n<\/li>\n<\/ul>\n<p data-start=\"1485\" data-end=\"1627\">La <strong data-start=\"1489\" data-end=\"1528\">abrazadera de manguera de acero inoxidable 32-50 mm<\/strong> es una soluci\u00f3n de sujeci\u00f3n fiable para el mantenimiento profesional y las instalaciones de uso general.<\/p>\n","protected":false},"excerpt":{"rendered":"<p>La abrazadera de man guera de acero inoxidable de 32-50 mm est\u00e1 dise\u00f1ada para una sujeci\u00f3n fuerte y fiable de mangueras y tubos en condiciones exigentes. Fabricada en acero inoxidable de alta calidad, esta abrazadera de manguera ofrece una excelente resistencia a la corrosi\u00f3n, por lo que es ideal para entornos marinos, automovil\u00edsticos e industriales. [&hellip;]<\/p>\n","protected":false},"featured_media":45306,"comment_status":"open","ping_status":"closed","template":"","meta":[],"product_brand":[],"product_cat":[4111,3599],"product_tag":[],"class_list":{"0":"post-45305","1":"product","2":"type-product","3":"status-publish","4":"has-post-thumbnail","6":"product_cat-alrededor-del-motor","7":"product_cat-mangueras-y-racores","9":"first","10":"instock","11":"taxable","12":"shipping-taxable","13":"purchasable","14":"product-type-simple"},"supplier_id":7294,"supplier_sku":"GS38306","barcode":null,"atum_controlled":true,"out_stock_date":null,"out_stock_threshold":null,"inheritable":false,"inbound_stock":0,"stock_on_hold":0,"sold_today":0,"sales_last_days":0,"reserved_stock":0,"customer_returns":0,"warehouse_damage":0,"lost_in_post":0,"other_logs":0,"out_stock_days":0,"lost_sales":0,"has_location":false,"update_date":"2026-01-29T09:09:19","atum_locations":[],"atum_stock_status":"instock","restock_status":false,"low_stock_amount":5,"sales_update_date":"2026-01-29T09:09:19","calc_backorders":null,"_links":{"self":[{"href":"https:\/\/mps.digital-monkey.in\/es\/wp-json\/wp\/v2\/product\/45305","targetHints":{"allow":["GET"]}}],"collection":[{"href":"https:\/\/mps.digital-monkey.in\/es\/wp-json\/wp\/v2\/product"}],"about":[{"href":"https:\/\/mps.digital-monkey.in\/es\/wp-json\/wp\/v2\/types\/product"}],"replies":[{"embeddable":true,"href":"https:\/\/mps.digital-monkey.in\/es\/wp-json\/wp\/v2\/comments?post=45305"}],"wp:featuredmedia":[{"embeddable":true,"href":"https:\/\/mps.digital-monkey.in\/es\/wp-json\/wp\/v2\/media\/45306"}],"wp:attachment":[{"href":"https:\/\/mps.digital-monkey.in\/es\/wp-json\/wp\/v2\/media?parent=45305"}],"wp:term":[{"taxonomy":"product_brand","embeddable":true,"href":"https:\/\/mps.digital-monkey.in\/es\/wp-json\/wp\/v2\/product_brand?post=45305"},{"taxonomy":"product_cat","embeddable":true,"href":"https:\/\/mps.digital-monkey.in\/es\/wp-json\/wp\/v2\/product_cat?post=45305"},{"taxonomy":"product_tag","embeddable":true,"href":"https:\/\/mps.digital-monkey.in\/es\/wp-json\/wp\/v2\/product_tag?post=45305"}],"curies":[{"name":"wp","href":"https:\/\/api.w.org\/{rel}","templated":true}]}}