{"id":45319,"date":"2025-12-13T10:27:28","date_gmt":"2025-12-13T10:27:28","guid":{"rendered":"https:\/\/mps.digital-monkey.in\/product\/volvo-penta-collarin-de-helice-plegable-de-2-palas-anodo-magnesio-3888491\/"},"modified":"2025-12-18T10:27:04","modified_gmt":"2025-12-18T10:27:04","slug":"volvo-penta-collarin-de-helice-plegable-de-2-palas-anodo-magnesio-3888491","status":"publish","type":"product","link":"https:\/\/mps.digital-monkey.in\/es\/producto\/volvo-penta-collarin-de-helice-plegable-de-2-palas-anodo-magnesio-3888491\/","title":{"rendered":"Volvo Penta Collar\u00edn de h\u00e9lice plegable de 2 palas \u00c1nodo Magnesio | 3888491"},"content":{"rendered":"<p data-start=\"571\" data-end=\"878\">El <strong data-start=\"575\" data-end=\"649\">\u00e1nodo de collar de h\u00e9lice plegable de 2 palas Volvo<\/strong> Penta <strong data-start=\"575\" data-end=\"649\">de magnesio (3888491<\/strong> ) est\u00e1 dise\u00f1ado para proporcionar <strong data-start=\"673\" data-end=\"732\">la m\u00e1xima protecci\u00f3n contra la corrosi\u00f3n en entornos de agua dulce<\/strong>. Este \u00e1nodo de collar\u00edn se adapta a las h\u00e9lices plegables de 2 palas Volvo Penta y protege el cubo de la h\u00e9lice y los componentes circundantes de la corrosi\u00f3n galv\u00e1nica. <\/p>\n<p data-start=\"880\" data-end=\"1201\">Fabricado con magnesio de alta calidad, este \u00e1nodo es muy activo y, por tanto, la elecci\u00f3n preferida para embarcaciones que operan en <strong data-start=\"1008\" data-end=\"1047\">lagos, r\u00edos y v\u00edas navegables interiores<\/strong>. Utilizar el material an\u00f3dico correcto es esencial para evitar la corrosi\u00f3n prematura y prolongar la vida \u00fatil de la h\u00e9lice y los componentes de la transmisi\u00f3n. <\/p>\n<p data-start=\"1203\" data-end=\"1365\">Este \u00e1nodo de collar\u00edn de magnesio est\u00e1 fabricado para ajustarse a las dimensiones originales, garantizando un ajuste correcto y una instalaci\u00f3n f\u00e1cil en las h\u00e9lices plegables Volvo Penta compatibles.<\/p>\n<h3 data-start=\"1367\" data-end=\"1390\"><strong data-start=\"1371\" data-end=\"1390\">Compatible con<\/strong><\/h3>\n<ul data-start=\"1391\" data-end=\"1431\">\n<li data-start=\"1391\" data-end=\"1431\">\n<p data-start=\"1393\" data-end=\"1431\">H\u00e9lices plegables de 2 palas Volvo Penta<\/p>\n<\/li>\n<\/ul>\n<h3 data-start=\"1433\" data-end=\"1449\"><strong data-start=\"1437\" data-end=\"1449\">Material<\/strong><\/h3>\n<ul data-start=\"1450\" data-end=\"1494\">\n<li data-start=\"1450\" data-end=\"1494\">\n<p data-start=\"1452\" data-end=\"1494\">Magnesio (recomendado para agua dulce)<\/p>\n<\/li>\n<\/ul>\n<h3 data-start=\"1496\" data-end=\"1515\"><strong data-start=\"1500\" data-end=\"1515\">N\u00famero de pieza<\/strong><\/h3>\n<ul data-start=\"1516\" data-end=\"1525\">\n<li data-start=\"1516\" data-end=\"1525\">\n<p data-start=\"1518\" data-end=\"1525\">3888491<\/p>\n<\/li>\n<\/ul>\n<h3 data-start=\"1527\" data-end=\"1545\"><strong data-start=\"1531\" data-end=\"1545\">Dimensiones<\/strong><\/h3>\n<ul data-start=\"1546\" data-end=\"1693\">\n<li data-start=\"1546\" data-end=\"1569\">\n<p data-start=\"1548\" data-end=\"1569\">Altura (H): 15,0 mm<\/p>\n<\/li>\n<li data-start=\"1570\" data-end=\"1601\">\n<p data-start=\"1572\" data-end=\"1601\">Di\u00e1metro exterior (\u00d8) 65,0 mm<\/p>\n<\/li>\n<li data-start=\"1602\" data-end=\"1632\">\n<p data-start=\"1604\" data-end=\"1632\">Di\u00e1metro interior \u00d81: 45,0 mm<\/p>\n<\/li>\n<li data-start=\"1633\" data-end=\"1663\">\n<p data-start=\"1635\" data-end=\"1663\">Di\u00e1metro interior \u00d82: 10,0 mm<\/p>\n<\/li>\n<li data-start=\"1664\" data-end=\"1693\">\n<p data-start=\"1666\" data-end=\"1693\">Di\u00e1metro interior \u00d83: 5,0 mm<\/p>\n<\/li>\n<\/ul>\n<h3 data-start=\"1695\" data-end=\"1715\"><strong data-start=\"1699\" data-end=\"1715\">Caracter\u00edsticas principales<\/strong><\/h3>\n<ul data-start=\"1716\" data-end=\"1971\">\n<li data-start=\"1716\" data-end=\"1773\">\n<p data-start=\"1718\" data-end=\"1773\">\u00c1nodo de collar de magnesio para h\u00e9lices plegables de 2 palas<\/p>\n<\/li>\n<li data-start=\"1774\" data-end=\"1820\">\n<p data-start=\"1776\" data-end=\"1820\">M\u00e1xima protecci\u00f3n contra la corrosi\u00f3n en agua dulce<\/p>\n<\/li>\n<li data-start=\"1821\" data-end=\"1873\">\n<p data-start=\"1823\" data-end=\"1873\">Protege el buje de la h\u00e9lice y los componentes de la transmisi\u00f3n<\/p>\n<\/li>\n<li data-start=\"1874\" data-end=\"1924\">\n<p data-start=\"1876\" data-end=\"1924\">Sustituci\u00f3n de ajuste directo con dimensiones correctas<\/p>\n<\/li>\n<li data-start=\"1925\" data-end=\"1971\">\n<p data-start=\"1927\" data-end=\"1971\">Material marino duradero y fiable<\/p>\n<\/li>\n<\/ul>\n<p data-start=\"1973\" data-end=\"2122\">La inspecci\u00f3n peri\u00f3dica y la sustituci\u00f3n oportuna de los \u00e1nodos ayudan a evitar da\u00f1os costosos y garantizan un rendimiento fiable a largo plazo de tu sistema de propulsi\u00f3n.<\/p>\n","protected":false},"excerpt":{"rendered":"<p>El \u00e1nodo de collar de h\u00e9lice plegable de 2 palas Volvo Penta de magnesio (3888491 ) est\u00e1 dise\u00f1ado para proporcionar la m\u00e1xima protecci\u00f3n contra la corrosi\u00f3n en entornos de agua dulce. Este \u00e1nodo de collar\u00edn se adapta a las h\u00e9lices plegables de 2 palas Volvo Penta y protege el cubo de la h\u00e9lice y los [&hellip;]<\/p>\n","protected":false},"featured_media":45320,"comment_status":"open","ping_status":"closed","template":"","meta":[],"product_brand":[4229],"product_cat":[4486,3182,4522,2497,4302],"product_tag":[],"class_list":{"0":"post-45319","1":"product","2":"type-product","3":"status-publish","4":"has-post-thumbnail","6":"product_brand-volvo-penta","7":"product_cat-necesitas-piezas-volvo-penta","8":"product_cat-anodos","9":"product_cat-anodos-volvo-penta","10":"product_cat-piezas-de-mantenimiento-del-motor","11":"product_cat-volvo-penta","12":"pa_condition-nuevo","13":"pa_oem-or-aftermarket-posventa","15":"first","16":"onbackorder","17":"taxable","18":"shipping-taxable","19":"purchasable","20":"product-type-simple"},"supplier_id":45614,"supplier_sku":"00747MG","barcode":null,"atum_controlled":true,"out_stock_date":"2025-12-13 10:27:32","out_stock_threshold":null,"inheritable":false,"inbound_stock":0,"stock_on_hold":0,"sold_today":0,"sales_last_days":0,"reserved_stock":0,"customer_returns":0,"warehouse_damage":0,"lost_in_post":0,"other_logs":0,"out_stock_days":46,"lost_sales":0,"has_location":false,"update_date":"2026-01-29T09:10:11","atum_locations":[],"atum_stock_status":"onbackorder","restock_status":false,"low_stock_amount":1,"sales_update_date":"2026-01-29T09:10:11","calc_backorders":null,"_links":{"self":[{"href":"https:\/\/mps.digital-monkey.in\/es\/wp-json\/wp\/v2\/product\/45319","targetHints":{"allow":["GET"]}}],"collection":[{"href":"https:\/\/mps.digital-monkey.in\/es\/wp-json\/wp\/v2\/product"}],"about":[{"href":"https:\/\/mps.digital-monkey.in\/es\/wp-json\/wp\/v2\/types\/product"}],"replies":[{"embeddable":true,"href":"https:\/\/mps.digital-monkey.in\/es\/wp-json\/wp\/v2\/comments?post=45319"}],"wp:featuredmedia":[{"embeddable":true,"href":"https:\/\/mps.digital-monkey.in\/es\/wp-json\/wp\/v2\/media\/45320"}],"wp:attachment":[{"href":"https:\/\/mps.digital-monkey.in\/es\/wp-json\/wp\/v2\/media?parent=45319"}],"wp:term":[{"taxonomy":"product_brand","embeddable":true,"href":"https:\/\/mps.digital-monkey.in\/es\/wp-json\/wp\/v2\/product_brand?post=45319"},{"taxonomy":"product_cat","embeddable":true,"href":"https:\/\/mps.digital-monkey.in\/es\/wp-json\/wp\/v2\/product_cat?post=45319"},{"taxonomy":"product_tag","embeddable":true,"href":"https:\/\/mps.digital-monkey.in\/es\/wp-json\/wp\/v2\/product_tag?post=45319"}],"curies":[{"name":"wp","href":"https:\/\/api.w.org\/{rel}","templated":true}]}}