{"id":45330,"date":"2025-12-13T10:38:33","date_gmt":"2025-12-13T10:38:33","guid":{"rendered":"https:\/\/mps.digital-monkey.in\/product\/anodo-de-soporte-volvo-penta-para-trim-zinc-832934\/"},"modified":"2025-12-18T10:27:10","modified_gmt":"2025-12-18T10:27:10","slug":"anodo-de-soporte-volvo-penta-para-trim-zinc-832934","status":"publish","type":"product","link":"https:\/\/mps.digital-monkey.in\/es\/producto\/anodo-de-soporte-volvo-penta-para-trim-zinc-832934\/","title":{"rendered":"\u00c1nodo de soporte Volvo Penta para Trim Zinc | 832934"},"content":{"rendered":"<p data-start=\"552\" data-end=\"872\">El \u00e1nodo <strong data-start=\"556\" data-end=\"608\">de soporte Volvo Penta para trimado de zinc (832934)<\/strong> est\u00e1 dise\u00f1ado para proteger el sistema de trimado y los componentes circundantes de <strong data-start=\"680\" data-end=\"728\">la corrosi\u00f3n galv\u00e1nica en entornos de agua salada<\/strong>. Fabricado con zinc de alta calidad, este \u00e1nodo act\u00faa como elemento de sacrificio, evitando da\u00f1os por corrosi\u00f3n en las piezas cr\u00edticas del trimado y el soporte. <\/p>\n<p data-start=\"874\" data-end=\"1157\">Este \u00e1nodo de soporte se fabrica con unas dimensiones precisas para garantizar un ajuste adecuado y un contacto el\u00e9ctrico eficaz. La inspecci\u00f3n peri\u00f3dica y la sustituci\u00f3n oportuna de los \u00e1nodos del embellecedor son esenciales para mantener un funcionamiento fiable del embellecedor y prolongar la vida \u00fatil del conjunto del propulsor de popa y el embellecedor. <\/p>\n<h3 data-start=\"1159\" data-end=\"1182\"><strong data-start=\"1163\" data-end=\"1182\">Compatible con<\/strong><\/h3>\n<ul data-start=\"1183\" data-end=\"1245\">\n<li data-start=\"1183\" data-end=\"1245\">\n<p data-start=\"1185\" data-end=\"1245\">Aplicaciones de trimado y soporte Volvo Penta con \u00e1nodo 832934<\/p>\n<\/li>\n<\/ul>\n<h3 data-start=\"1247\" data-end=\"1263\"><strong data-start=\"1251\" data-end=\"1263\">Material<\/strong><\/h3>\n<ul data-start=\"1264\" data-end=\"1302\">\n<li data-start=\"1264\" data-end=\"1302\">\n<p data-start=\"1266\" data-end=\"1302\">Zinc (recomendado para uso en agua salada)<\/p>\n<\/li>\n<\/ul>\n<h3 data-start=\"1304\" data-end=\"1323\"><strong data-start=\"1308\" data-end=\"1323\">N\u00famero de pieza<\/strong><\/h3>\n<ul data-start=\"1324\" data-end=\"1332\">\n<li data-start=\"1324\" data-end=\"1332\">\n<p data-start=\"1326\" data-end=\"1332\">832934<\/p>\n<\/li>\n<\/ul>\n<h3 data-start=\"1334\" data-end=\"1352\"><strong data-start=\"1338\" data-end=\"1352\">Dimensiones<\/strong><\/h3>\n<ul data-start=\"1353\" data-end=\"1542\">\n<li data-start=\"1353\" data-end=\"1376\">\n<p data-start=\"1355\" data-end=\"1376\">Longitud (L): 55,0 mm<\/p>\n<\/li>\n<li data-start=\"1377\" data-end=\"1399\">\n<p data-start=\"1379\" data-end=\"1399\">Anchura (A): 54,0 mm<\/p>\n<\/li>\n<li data-start=\"1400\" data-end=\"1423\">\n<p data-start=\"1402\" data-end=\"1423\">Altura (H): 56,0 mm<\/p>\n<\/li>\n<li data-start=\"1424\" data-end=\"1446\">\n<p data-start=\"1426\" data-end=\"1446\">Altura H1: 20,0 mm<\/p>\n<\/li>\n<li data-start=\"1447\" data-end=\"1478\">\n<p data-start=\"1449\" data-end=\"1478\">Distancia interior (I) 26,0 mm<\/p>\n<\/li>\n<li data-start=\"1479\" data-end=\"1510\">\n<p data-start=\"1481\" data-end=\"1510\">Di\u00e1metro exterior (\u00d8) 13,0 mm<\/p>\n<\/li>\n<li data-start=\"1511\" data-end=\"1542\">\n<p data-start=\"1513\" data-end=\"1542\">Di\u00e1metro interior (\u00d81) 9,0 mm<\/p>\n<\/li>\n<\/ul>\n<h3 data-start=\"1544\" data-end=\"1564\"><strong data-start=\"1548\" data-end=\"1564\">Caracter\u00edsticas principales<\/strong><\/h3>\n<ul data-start=\"1565\" data-end=\"1817\">\n<li data-start=\"1565\" data-end=\"1616\">\n<p data-start=\"1567\" data-end=\"1616\">\u00c1nodo de soporte de zinc para sistemas de trimado Volvo Penta<\/p>\n<\/li>\n<li data-start=\"1617\" data-end=\"1672\">\n<p data-start=\"1619\" data-end=\"1672\">Protege de la corrosi\u00f3n los componentes de los embellecedores y soportes<\/p>\n<\/li>\n<li data-start=\"1673\" data-end=\"1727\">\n<p data-start=\"1675\" data-end=\"1727\">Fabricado con dimensiones precisas para un ajuste correcto<\/p>\n<\/li>\n<li data-start=\"1728\" data-end=\"1766\">\n<p data-start=\"1730\" data-end=\"1766\">Material de zinc marino duradero<\/p>\n<\/li>\n<li data-start=\"1767\" data-end=\"1817\">\n<p data-start=\"1769\" data-end=\"1817\">Sustituci\u00f3n directa de la pieza 832934 de Volvo Penta<\/p>\n<\/li>\n<\/ul>\n<p data-start=\"1819\" data-end=\"1957\">Sustituir los \u00e1nodos de corte como parte del mantenimiento regular ayuda a evitar costosos da\u00f1os por corrosi\u00f3n.<\/p>\n<h2 data-start=\"1964\" data-end=\"1983\"><\/h2>\n","protected":false},"excerpt":{"rendered":"<p>El \u00e1nodo de soporte Volvo Penta para trimado de zinc (832934) est\u00e1 dise\u00f1ado para proteger el sistema de trimado y los componentes circundantes de la corrosi\u00f3n galv\u00e1nica en entornos de agua salada. Fabricado con zinc de alta calidad, este \u00e1nodo act\u00faa como elemento de sacrificio, evitando da\u00f1os por corrosi\u00f3n en las piezas cr\u00edticas del trimado [&hellip;]<\/p>\n","protected":false},"featured_media":45333,"comment_status":"open","ping_status":"closed","template":"","meta":[],"product_brand":[4229],"product_cat":[4486,3182,4522,2497,4302],"product_tag":[],"class_list":{"0":"post-45330","1":"product","2":"type-product","3":"status-publish","4":"has-post-thumbnail","6":"product_brand-volvo-penta","7":"product_cat-necesitas-piezas-volvo-penta","8":"product_cat-anodos","9":"product_cat-anodos-volvo-penta","10":"product_cat-piezas-de-mantenimiento-del-motor","11":"product_cat-volvo-penta","12":"pa_condition-nuevo","13":"pa_oem-or-aftermarket-posventa","15":"first","16":"onbackorder","17":"sale","18":"taxable","19":"shipping-taxable","20":"purchasable","21":"product-type-simple"},"supplier_id":45614,"supplier_sku":"00709","barcode":null,"atum_controlled":true,"out_stock_date":"2025-12-13 10:38:37","out_stock_threshold":null,"inheritable":false,"inbound_stock":0,"stock_on_hold":0,"sold_today":0,"sales_last_days":0,"reserved_stock":0,"customer_returns":0,"warehouse_damage":0,"lost_in_post":0,"other_logs":0,"out_stock_days":46,"lost_sales":0,"has_location":false,"update_date":"2026-01-29T09:10:44","atum_locations":[],"atum_stock_status":"onbackorder","restock_status":false,"low_stock_amount":1,"sales_update_date":"2026-01-29T09:10:44","calc_backorders":null,"_links":{"self":[{"href":"https:\/\/mps.digital-monkey.in\/es\/wp-json\/wp\/v2\/product\/45330","targetHints":{"allow":["GET"]}}],"collection":[{"href":"https:\/\/mps.digital-monkey.in\/es\/wp-json\/wp\/v2\/product"}],"about":[{"href":"https:\/\/mps.digital-monkey.in\/es\/wp-json\/wp\/v2\/types\/product"}],"replies":[{"embeddable":true,"href":"https:\/\/mps.digital-monkey.in\/es\/wp-json\/wp\/v2\/comments?post=45330"}],"wp:featuredmedia":[{"embeddable":true,"href":"https:\/\/mps.digital-monkey.in\/es\/wp-json\/wp\/v2\/media\/45333"}],"wp:attachment":[{"href":"https:\/\/mps.digital-monkey.in\/es\/wp-json\/wp\/v2\/media?parent=45330"}],"wp:term":[{"taxonomy":"product_brand","embeddable":true,"href":"https:\/\/mps.digital-monkey.in\/es\/wp-json\/wp\/v2\/product_brand?post=45330"},{"taxonomy":"product_cat","embeddable":true,"href":"https:\/\/mps.digital-monkey.in\/es\/wp-json\/wp\/v2\/product_cat?post=45330"},{"taxonomy":"product_tag","embeddable":true,"href":"https:\/\/mps.digital-monkey.in\/es\/wp-json\/wp\/v2\/product_tag?post=45330"}],"curies":[{"name":"wp","href":"https:\/\/api.w.org\/{rel}","templated":true}]}}